{"id":5385,"date":"2021-12-23T18:40:42","date_gmt":"2021-12-23T18:40:42","guid":{"rendered":"https:\/\/flakhobby.com\/?post_type=product&#038;p=5385"},"modified":"2023-08-23T13:31:02","modified_gmt":"2023-08-23T13:31:02","slug":"raptor-shuttle-turquoise","status":"publish","type":"product","link":"https:\/\/flakhobby.com\/sr\/\u043f\u0440\u043e\u0438\u0437\u0432\u043e\u0434\/raptor-shuttle-turquoise\/","title":{"rendered":"Raptor Shuttle Turquoise"},"content":{"rendered":"<p>Uljana boja sa \u010detkicom. Vi\u0161ak se mo\u017ee ukloniti AMMO Emajl razre\u0111iva\u010dem AMIG2019.<br \/>\nZa vi\u0161e informacija o kori\u0161\u0107enju ovih boja pogledajte ovaj video klip: <a href=\"https:\/\/www.youtube.com\/watch?v=X74TTAb3ZPw\" target=\"_blank\" rel=\"noopener\">https:\/\/www.youtube.com\/watch?v=X74TTAb3ZPw<\/a><\/p>","protected":false},"excerpt":{"rendered":"<p>Uljana boja sa \u010detkicom<\/p>","protected":false},"featured_media":5386,"template":"","meta":[],"product_brand":[],"product_cat":[354,349],"product_tag":[],"class_list":{"0":"post-5385","1":"product","2":"type-product","3":"status-publish","4":"has-post-thumbnail","6":"product_cat-uljane-boje","7":"product_cat-weathering","8":"pa_brand-ammo","10":"first","11":"instock","12":"shipping-taxable","13":"purchasable","14":"product-type-simple"},"_links":{"self":[{"href":"https:\/\/flakhobby.com\/sr\/wp-json\/wp\/v2\/product\/5385","targetHints":{"allow":["GET"]}}],"collection":[{"href":"https:\/\/flakhobby.com\/sr\/wp-json\/wp\/v2\/product"}],"about":[{"href":"https:\/\/flakhobby.com\/sr\/wp-json\/wp\/v2\/types\/product"}],"version-history":[{"count":1,"href":"https:\/\/flakhobby.com\/sr\/wp-json\/wp\/v2\/product\/5385\/revisions"}],"predecessor-version":[{"id":5387,"href":"https:\/\/flakhobby.com\/sr\/wp-json\/wp\/v2\/product\/5385\/revisions\/5387"}],"wp:featuredmedia":[{"embeddable":true,"href":"https:\/\/flakhobby.com\/sr\/wp-json\/wp\/v2\/media\/5386"}],"wp:attachment":[{"href":"https:\/\/flakhobby.com\/sr\/wp-json\/wp\/v2\/media?parent=5385"}],"wp:term":[{"taxonomy":"product_brand","embeddable":true,"href":"https:\/\/flakhobby.com\/sr\/wp-json\/wp\/v2\/product_brand?post=5385"},{"taxonomy":"product_cat","embeddable":true,"href":"https:\/\/flakhobby.com\/sr\/wp-json\/wp\/v2\/product_cat?post=5385"},{"taxonomy":"product_tag","embeddable":true,"href":"https:\/\/flakhobby.com\/sr\/wp-json\/wp\/v2\/product_tag?post=5385"}],"curies":[{"name":"wp","href":"https:\/\/api.w.org\/{rel}","templated":true}]}}