{"id":5374,"date":"2021-12-22T20:15:44","date_gmt":"2021-12-22T20:15:44","guid":{"rendered":"https:\/\/flakhobby.com\/?post_type=product&#038;p=5374"},"modified":"2026-01-29T16:22:39","modified_gmt":"2026-01-29T15:22:39","slug":"panel-line-wash-deep-grey","status":"publish","type":"product","link":"https:\/\/flakhobby.com\/sr\/\u043f\u0440\u043e\u0438\u0437\u0432\u043e\u0434\/panel-line-wash-deep-grey\/","title":{"rendered":"Panel Line Wash Deep Grey"},"content":{"rendered":"<p>Tamno sivi vo\u0161 idealan za sive i tamno sive kamufla\u017ee. Naneti oko detalja i ukloniti vi\u0161ak \u010distom \u010detkicom navla\u017eenom AMIG-2018 Emajl razre\u0111iva\u010dem.<\/p>\n<p>Vi\u0161e informacija o kori\u0161\u0107enju ovih vo\u0161eva mo\u017eete pogledati na ovom linku: <a href=\"https:\/\/www.youtube.com\/watch?v=kEGtFLpA3o0\" target=\"_blank\" rel=\"noopener\">https:\/\/www.youtube.com\/watch?v=kEGtFLpA3o0<\/a><\/p>","protected":false},"excerpt":{"rendered":"<p>Emajl vo\u0161 35mL<\/p>","protected":false},"featured_media":5375,"template":"","meta":[],"product_brand":[],"product_cat":[349,350],"product_tag":[],"class_list":{"0":"post-5374","1":"product","2":"type-product","3":"status-publish","4":"has-post-thumbnail","6":"product_cat-weathering","7":"product_cat-emajl-vos","9":"first","10":"outofstock","11":"shipping-taxable","12":"purchasable","13":"product-type-simple"},"_links":{"self":[{"href":"https:\/\/flakhobby.com\/sr\/wp-json\/wp\/v2\/product\/5374","targetHints":{"allow":["GET"]}}],"collection":[{"href":"https:\/\/flakhobby.com\/sr\/wp-json\/wp\/v2\/product"}],"about":[{"href":"https:\/\/flakhobby.com\/sr\/wp-json\/wp\/v2\/types\/product"}],"version-history":[{"count":1,"href":"https:\/\/flakhobby.com\/sr\/wp-json\/wp\/v2\/product\/5374\/revisions"}],"predecessor-version":[{"id":5376,"href":"https:\/\/flakhobby.com\/sr\/wp-json\/wp\/v2\/product\/5374\/revisions\/5376"}],"wp:featuredmedia":[{"embeddable":true,"href":"https:\/\/flakhobby.com\/sr\/wp-json\/wp\/v2\/media\/5375"}],"wp:attachment":[{"href":"https:\/\/flakhobby.com\/sr\/wp-json\/wp\/v2\/media?parent=5374"}],"wp:term":[{"taxonomy":"product_brand","embeddable":true,"href":"https:\/\/flakhobby.com\/sr\/wp-json\/wp\/v2\/product_brand?post=5374"},{"taxonomy":"product_cat","embeddable":true,"href":"https:\/\/flakhobby.com\/sr\/wp-json\/wp\/v2\/product_cat?post=5374"},{"taxonomy":"product_tag","embeddable":true,"href":"https:\/\/flakhobby.com\/sr\/wp-json\/wp\/v2\/product_tag?post=5374"}],"curies":[{"name":"wp","href":"https:\/\/api.w.org\/{rel}","templated":true}]}}