{"id":5354,"date":"2021-12-22T19:58:18","date_gmt":"2021-12-22T19:58:18","guid":{"rendered":"https:\/\/flakhobby.com\/?post_type=product&#038;p=5354"},"modified":"2025-10-20T12:16:15","modified_gmt":"2025-10-20T12:16:15","slug":"copper-alc110","status":"publish","type":"product","link":"https:\/\/flakhobby.com\/sr\/\u043f\u0440\u043e\u0438\u0437\u0432\u043e\u0434\/copper-alc110\/","title":{"rendered":"Copper ALC110"},"content":{"rendered":"<p>Metalik boja na\u00a0<em>lacquer <\/em>osnovi u nijansi bakra.<\/p>\n<p>Boja je spremna za airbrush i nema potrebe za razre\u0111ivanjem. Najbolje je koristiti pritisak 12-15PSI i prskati u nekoliko tankih slojeva. Neophodno je kori\u0161\u0107enje<\/p>\n<p>prajmera. Preporuka za Alclad II Gloss Black Base Primer ALC305 ili Black Microfiller ALC309. Airbursh se mo\u017ee \u010distiti AMIG8200 Alclad II Lacquer and Thinner ALC307 proizvodom.<\/p>\n<p>U pitanju je original Alclad II proizvod koji za Evropu distribuira AMMO of Mig Jimenez.<\/p>\n<p>Preporu\u010dujemo da pogledate ovaj video klip za vi\u0161e informacija o kori\u0161\u0107enju Alclad II proizvoda:<a href=\"https:\/\/www.youtube.com\/watch?v=iA9NU_EX_mc\" target=\"_blank\" rel=\"noopener\"> https:\/\/www.youtube.com\/watch?v=iA9NU_EX_mc<\/a><\/p>","protected":false},"excerpt":{"rendered":"<p>Metalik boja spremna za airbrush 30mL<\/p>","protected":false},"featured_media":5355,"template":"","meta":[],"product_brand":[],"product_cat":[583,339],"product_tag":[],"class_list":{"0":"post-5354","1":"product","2":"type-product","3":"status-publish","4":"has-post-thumbnail","6":"product_cat-a-stand-metallic-lacquer-30ml","7":"product_cat-boje-i-razredivaci","9":"first","10":"instock","11":"shipping-taxable","12":"purchasable","13":"product-type-simple"},"_links":{"self":[{"href":"https:\/\/flakhobby.com\/sr\/wp-json\/wp\/v2\/product\/5354","targetHints":{"allow":["GET"]}}],"collection":[{"href":"https:\/\/flakhobby.com\/sr\/wp-json\/wp\/v2\/product"}],"about":[{"href":"https:\/\/flakhobby.com\/sr\/wp-json\/wp\/v2\/types\/product"}],"version-history":[{"count":1,"href":"https:\/\/flakhobby.com\/sr\/wp-json\/wp\/v2\/product\/5354\/revisions"}],"predecessor-version":[{"id":5356,"href":"https:\/\/flakhobby.com\/sr\/wp-json\/wp\/v2\/product\/5354\/revisions\/5356"}],"wp:featuredmedia":[{"embeddable":true,"href":"https:\/\/flakhobby.com\/sr\/wp-json\/wp\/v2\/media\/5355"}],"wp:attachment":[{"href":"https:\/\/flakhobby.com\/sr\/wp-json\/wp\/v2\/media?parent=5354"}],"wp:term":[{"taxonomy":"product_brand","embeddable":true,"href":"https:\/\/flakhobby.com\/sr\/wp-json\/wp\/v2\/product_brand?post=5354"},{"taxonomy":"product_cat","embeddable":true,"href":"https:\/\/flakhobby.com\/sr\/wp-json\/wp\/v2\/product_cat?post=5354"},{"taxonomy":"product_tag","embeddable":true,"href":"https:\/\/flakhobby.com\/sr\/wp-json\/wp\/v2\/product_tag?post=5354"}],"curies":[{"name":"wp","href":"https:\/\/api.w.org\/{rel}","templated":true}]}}