{"id":5321,"date":"2021-12-21T21:06:49","date_gmt":"2021-12-21T21:06:49","guid":{"rendered":"https:\/\/flakhobby.com\/?post_type=product&#038;p=5321"},"modified":"2026-01-29T16:20:36","modified_gmt":"2026-01-29T15:20:36","slug":"fresh-engine-oil","status":"publish","type":"product","link":"https:\/\/flakhobby.com\/sr\/\u043f\u0440\u043e\u0438\u0437\u0432\u043e\u0434\/fresh-engine-oil\/","title":{"rendered":"Fresh Engine Oil"},"content":{"rendered":"<p>Emajl efekat za rekreiranje motornog ulja. Mo\u017ee se naneti \u010detkicom ili airbrushem, a potom uraditi <em>fade<\/em> \u010detkicom namo\u010denom<\/p>\n<p>Emajl razre\u0111iva\u010dem AMIG2019.<\/p>\n<p>Vi\u0161e informacija o ovom proizvodu mo\u017eete na\u0107i u ovom video klipu: <a href=\"https:\/\/www.youtube.com\/watch?v=8MBfYwk42A8\" target=\"_blank\" rel=\"noopener\">https:\/\/www.youtube.com\/watch?v=8MBfYwk42A8<\/a><\/p>","protected":false},"excerpt":{"rendered":"<p>Emajl efekat 35mL<\/p>","protected":false},"featured_media":5322,"template":"","meta":[],"product_brand":[],"product_cat":[352,349],"product_tag":[],"class_list":{"0":"post-5321","1":"product","2":"type-product","3":"status-publish","4":"has-post-thumbnail","6":"product_cat-emajl-efekti-za-makete","7":"product_cat-weathering","8":"pa_brand-ammo","10":"first","11":"instock","12":"shipping-taxable","13":"purchasable","14":"product-type-simple"},"_links":{"self":[{"href":"https:\/\/flakhobby.com\/sr\/wp-json\/wp\/v2\/product\/5321","targetHints":{"allow":["GET"]}}],"collection":[{"href":"https:\/\/flakhobby.com\/sr\/wp-json\/wp\/v2\/product"}],"about":[{"href":"https:\/\/flakhobby.com\/sr\/wp-json\/wp\/v2\/types\/product"}],"version-history":[{"count":1,"href":"https:\/\/flakhobby.com\/sr\/wp-json\/wp\/v2\/product\/5321\/revisions"}],"predecessor-version":[{"id":5325,"href":"https:\/\/flakhobby.com\/sr\/wp-json\/wp\/v2\/product\/5321\/revisions\/5325"}],"wp:featuredmedia":[{"embeddable":true,"href":"https:\/\/flakhobby.com\/sr\/wp-json\/wp\/v2\/media\/5322"}],"wp:attachment":[{"href":"https:\/\/flakhobby.com\/sr\/wp-json\/wp\/v2\/media?parent=5321"}],"wp:term":[{"taxonomy":"product_brand","embeddable":true,"href":"https:\/\/flakhobby.com\/sr\/wp-json\/wp\/v2\/product_brand?post=5321"},{"taxonomy":"product_cat","embeddable":true,"href":"https:\/\/flakhobby.com\/sr\/wp-json\/wp\/v2\/product_cat?post=5321"},{"taxonomy":"product_tag","embeddable":true,"href":"https:\/\/flakhobby.com\/sr\/wp-json\/wp\/v2\/product_tag?post=5321"}],"curies":[{"name":"wp","href":"https:\/\/api.w.org\/{rel}","templated":true}]}}