{"id":5283,"date":"2021-12-21T19:23:54","date_gmt":"2021-12-21T19:23:54","guid":{"rendered":"https:\/\/flakhobby.com\/?post_type=product&#038;p=5283"},"modified":"2024-11-19T22:15:00","modified_gmt":"2024-11-19T22:15:00","slug":"dry-earth","status":"publish","type":"product","link":"https:\/\/flakhobby.com\/sr\/\u043f\u0440\u043e\u0438\u0437\u0432\u043e\u0434\/dry-earth\/","title":{"rendered":"Dry Earth"},"content":{"rendered":"<p>Emajl efekat svetle zemlje za stvaranje srednje guste teksture blata i zemlje. Naneti na povr\u0161inu \u010detkicom i ukoliko je neophodno mo\u017ee se \u010distiti AMIG2019 Emajl razre\u0111iva\u010dem.<\/p>\n<p>Vi\u0161e informacija o kori\u0161\u0107enju ovog proizvoda mo\u017eete na\u0107i u ovom video klipu: <a href=\"https:\/\/www.youtube.com\/watch?v=ADfWCNpdePQ\" target=\"_blank\" rel=\"noopener\">https:\/\/www.youtube.com\/watch?v=ADfWCNpdePQ<\/a><\/p>","protected":false},"excerpt":{"rendered":"<p>Emajl efekat svetle zemlje 35mL<\/p>","protected":false},"featured_media":5284,"template":"","meta":[],"product_brand":[],"product_cat":[352,349],"product_tag":[],"class_list":{"0":"post-5283","1":"product","2":"type-product","3":"status-publish","4":"has-post-thumbnail","6":"product_cat-emajl-efekti-za-makete","7":"product_cat-weathering","8":"pa_brand-ammo","10":"first","11":"instock","12":"shipping-taxable","13":"purchasable","14":"product-type-simple"},"_links":{"self":[{"href":"https:\/\/flakhobby.com\/sr\/wp-json\/wp\/v2\/product\/5283","targetHints":{"allow":["GET"]}}],"collection":[{"href":"https:\/\/flakhobby.com\/sr\/wp-json\/wp\/v2\/product"}],"about":[{"href":"https:\/\/flakhobby.com\/sr\/wp-json\/wp\/v2\/types\/product"}],"version-history":[{"count":2,"href":"https:\/\/flakhobby.com\/sr\/wp-json\/wp\/v2\/product\/5283\/revisions"}],"predecessor-version":[{"id":17807,"href":"https:\/\/flakhobby.com\/sr\/wp-json\/wp\/v2\/product\/5283\/revisions\/17807"}],"wp:featuredmedia":[{"embeddable":true,"href":"https:\/\/flakhobby.com\/sr\/wp-json\/wp\/v2\/media\/5284"}],"wp:attachment":[{"href":"https:\/\/flakhobby.com\/sr\/wp-json\/wp\/v2\/media?parent=5283"}],"wp:term":[{"taxonomy":"product_brand","embeddable":true,"href":"https:\/\/flakhobby.com\/sr\/wp-json\/wp\/v2\/product_brand?post=5283"},{"taxonomy":"product_cat","embeddable":true,"href":"https:\/\/flakhobby.com\/sr\/wp-json\/wp\/v2\/product_cat?post=5283"},{"taxonomy":"product_tag","embeddable":true,"href":"https:\/\/flakhobby.com\/sr\/wp-json\/wp\/v2\/product_tag?post=5283"}],"curies":[{"name":"wp","href":"https:\/\/api.w.org\/{rel}","templated":true}]}}