{"id":5280,"date":"2021-12-21T19:17:00","date_gmt":"2021-12-21T19:17:00","guid":{"rendered":"https:\/\/flakhobby.com\/?post_type=product&#038;p=5280"},"modified":"2025-10-05T21:27:02","modified_gmt":"2025-10-05T21:27:02","slug":"wet-mud","status":"publish","type":"product","link":"https:\/\/flakhobby.com\/sr\/\u043f\u0440\u043e\u0438\u0437\u0432\u043e\u0434\/wet-mud\/","title":{"rendered":"Wet Mud"},"content":{"rendered":"<p>Emajl efekat vla\u017enog blata za stvaranje guste teksture blata i zemlje. Naneti na povr\u0161inu \u010detkicom i ukoliko je neophodno mo\u017ee se \u010distiti AMIG2019 Emajl razre\u0111iva\u010dem.<\/p>","protected":false},"excerpt":{"rendered":"<p>Emajl efekat blata 35mL<\/p>","protected":false},"featured_media":5281,"template":"","meta":[],"product_brand":[],"product_cat":[352,349],"product_tag":[],"class_list":{"0":"post-5280","1":"product","2":"type-product","3":"status-publish","4":"has-post-thumbnail","6":"product_cat-emajl-efekti-za-makete","7":"product_cat-weathering","8":"pa_brand-ammo","10":"first","11":"instock","12":"shipping-taxable","13":"purchasable","14":"product-type-simple"},"_links":{"self":[{"href":"https:\/\/flakhobby.com\/sr\/wp-json\/wp\/v2\/product\/5280","targetHints":{"allow":["GET"]}}],"collection":[{"href":"https:\/\/flakhobby.com\/sr\/wp-json\/wp\/v2\/product"}],"about":[{"href":"https:\/\/flakhobby.com\/sr\/wp-json\/wp\/v2\/types\/product"}],"version-history":[{"count":1,"href":"https:\/\/flakhobby.com\/sr\/wp-json\/wp\/v2\/product\/5280\/revisions"}],"predecessor-version":[{"id":5282,"href":"https:\/\/flakhobby.com\/sr\/wp-json\/wp\/v2\/product\/5280\/revisions\/5282"}],"wp:featuredmedia":[{"embeddable":true,"href":"https:\/\/flakhobby.com\/sr\/wp-json\/wp\/v2\/media\/5281"}],"wp:attachment":[{"href":"https:\/\/flakhobby.com\/sr\/wp-json\/wp\/v2\/media?parent=5280"}],"wp:term":[{"taxonomy":"product_brand","embeddable":true,"href":"https:\/\/flakhobby.com\/sr\/wp-json\/wp\/v2\/product_brand?post=5280"},{"taxonomy":"product_cat","embeddable":true,"href":"https:\/\/flakhobby.com\/sr\/wp-json\/wp\/v2\/product_cat?post=5280"},{"taxonomy":"product_tag","embeddable":true,"href":"https:\/\/flakhobby.com\/sr\/wp-json\/wp\/v2\/product_tag?post=5280"}],"curies":[{"name":"wp","href":"https:\/\/api.w.org\/{rel}","templated":true}]}}