{"id":5253,"date":"2021-12-21T18:28:11","date_gmt":"2021-12-21T18:28:11","guid":{"rendered":"https:\/\/flakhobby.com\/?post_type=product&#038;p=5253"},"modified":"2024-11-19T22:04:38","modified_gmt":"2024-11-19T22:04:38","slug":"wet-effects","status":"publish","type":"product","link":"https:\/\/flakhobby.com\/sr\/\u043f\u0440\u043e\u0438\u0437\u0432\u043e\u0434\/wet-effects\/","title":{"rendered":"Wet Effects"},"content":{"rendered":"<p>Sredstvo za stvaranje efekata vla\u017enosti na maketi.<br \/>\nVi\u0161e informacija o kori\u0161\u0107enju ove te\u010dnosti mo\u017eete videtu u ovom video klipu: <a href=\"https:\/\/www.youtube.com\/watch?v=ntwRdjUs7LA\" target=\"_blank\" rel=\"noopener\">https:\/\/www.youtube.com\/watch?v=ntwRdjUs7LA<\/a><\/p>","protected":false},"excerpt":{"rendered":"<p>Polusjajna te\u010dnost za postizanje efekta vla\u017enosti &#8211; 35mL<\/p>","protected":false},"featured_media":5254,"template":"","meta":[],"product_brand":[],"product_cat":[368,358],"product_tag":[],"class_list":{"0":"post-5253","1":"product","2":"type-product","3":"status-publish","4":"has-post-thumbnail","6":"product_cat-ostalo","7":"product_cat-maketarski-alat-i-pribor","8":"pa_brand-ammo","10":"first","11":"instock","12":"shipping-taxable","13":"purchasable","14":"product-type-simple"},"_links":{"self":[{"href":"https:\/\/flakhobby.com\/sr\/wp-json\/wp\/v2\/product\/5253","targetHints":{"allow":["GET"]}}],"collection":[{"href":"https:\/\/flakhobby.com\/sr\/wp-json\/wp\/v2\/product"}],"about":[{"href":"https:\/\/flakhobby.com\/sr\/wp-json\/wp\/v2\/types\/product"}],"version-history":[{"count":2,"href":"https:\/\/flakhobby.com\/sr\/wp-json\/wp\/v2\/product\/5253\/revisions"}],"predecessor-version":[{"id":24081,"href":"https:\/\/flakhobby.com\/sr\/wp-json\/wp\/v2\/product\/5253\/revisions\/24081"}],"wp:featuredmedia":[{"embeddable":true,"href":"https:\/\/flakhobby.com\/sr\/wp-json\/wp\/v2\/media\/5254"}],"wp:attachment":[{"href":"https:\/\/flakhobby.com\/sr\/wp-json\/wp\/v2\/media?parent=5253"}],"wp:term":[{"taxonomy":"product_brand","embeddable":true,"href":"https:\/\/flakhobby.com\/sr\/wp-json\/wp\/v2\/product_brand?post=5253"},{"taxonomy":"product_cat","embeddable":true,"href":"https:\/\/flakhobby.com\/sr\/wp-json\/wp\/v2\/product_cat?post=5253"},{"taxonomy":"product_tag","embeddable":true,"href":"https:\/\/flakhobby.com\/sr\/wp-json\/wp\/v2\/product_tag?post=5253"}],"curies":[{"name":"wp","href":"https:\/\/api.w.org\/{rel}","templated":true}]}}