{"id":5217,"date":"2021-12-20T21:39:44","date_gmt":"2021-12-20T21:39:44","guid":{"rendered":"https:\/\/flakhobby.com\/?post_type=product&#038;p=5217"},"modified":"2026-03-31T15:15:24","modified_gmt":"2026-03-31T13:15:24","slug":"putty-classic","status":"publish","type":"product","link":"https:\/\/flakhobby.com\/sr\/\u043f\u0440\u043e\u0438\u0437\u0432\u043e\u0434\/putty-classic\/","title":{"rendered":"Putty &#8211; Classic"},"content":{"rendered":"<p>Klasi\u010dni git koje je mogu\u0107e razrediti cementom AMIG2025 ili Bezmirisnim emajl razre\u0111iva\u010dem 2019 i naneti \u010detkicom.<br \/>\nSuv u roku od 24 sata i odli\u010dno se \u0161mirgla i daje odli\u010dnu podlogu za graviranje i bojenje.<br \/>\nSavete za kori\u0161\u0107enje ovog gita mo\u017eete videti u ovom video klipu: <a href=\"https:\/\/www.youtube.com\/watch?v=j2hRB3Bn7Ec\" target=\"_blank\" rel=\"noopener\">https:\/\/www.youtube.com\/watch?v=j2hRB3Bn7Ec<\/a><\/p>","protected":false},"excerpt":{"rendered":"<p>Klasi\u010dni git &#8211; 20mL<\/p>","protected":false},"featured_media":5245,"template":"","meta":[],"product_brand":[],"product_cat":[361,358],"product_tag":[],"class_list":{"0":"post-5217","1":"product","2":"type-product","3":"status-publish","4":"has-post-thumbnail","6":"product_cat-gitovi","7":"product_cat-maketarski-alat-i-pribor","8":"pa_brand-ammo","10":"first","11":"outofstock","12":"shipping-taxable","13":"purchasable","14":"product-type-simple"},"_links":{"self":[{"href":"https:\/\/flakhobby.com\/sr\/wp-json\/wp\/v2\/product\/5217","targetHints":{"allow":["GET"]}}],"collection":[{"href":"https:\/\/flakhobby.com\/sr\/wp-json\/wp\/v2\/product"}],"about":[{"href":"https:\/\/flakhobby.com\/sr\/wp-json\/wp\/v2\/types\/product"}],"version-history":[{"count":1,"href":"https:\/\/flakhobby.com\/sr\/wp-json\/wp\/v2\/product\/5217\/revisions"}],"predecessor-version":[{"id":5218,"href":"https:\/\/flakhobby.com\/sr\/wp-json\/wp\/v2\/product\/5217\/revisions\/5218"}],"wp:featuredmedia":[{"embeddable":true,"href":"https:\/\/flakhobby.com\/sr\/wp-json\/wp\/v2\/media\/5245"}],"wp:attachment":[{"href":"https:\/\/flakhobby.com\/sr\/wp-json\/wp\/v2\/media?parent=5217"}],"wp:term":[{"taxonomy":"product_brand","embeddable":true,"href":"https:\/\/flakhobby.com\/sr\/wp-json\/wp\/v2\/product_brand?post=5217"},{"taxonomy":"product_cat","embeddable":true,"href":"https:\/\/flakhobby.com\/sr\/wp-json\/wp\/v2\/product_cat?post=5217"},{"taxonomy":"product_tag","embeddable":true,"href":"https:\/\/flakhobby.com\/sr\/wp-json\/wp\/v2\/product_tag?post=5217"}],"curies":[{"name":"wp","href":"https:\/\/api.w.org\/{rel}","templated":true}]}}