{"id":5207,"date":"2021-12-20T21:25:32","date_gmt":"2021-12-20T21:25:32","guid":{"rendered":"https:\/\/flakhobby.com\/?post_type=product&#038;p=5207"},"modified":"2026-03-20T16:10:49","modified_gmt":"2026-03-20T15:10:49","slug":"medium-density-cement-slow-dry","status":"publish","type":"product","link":"https:\/\/flakhobby.com\/sr\/\u043f\u0440\u043e\u0438\u0437\u0432\u043e\u0434\/medium-density-cement-slow-dry\/","title":{"rendered":"MEDIUM DENSITY CEMENT &#8211; SLOW DRY"},"content":{"rendered":"<p>Srednje gusti cement za plastiku koji pravi vrlo jake spojeve. Vrlo je koristan na velikim spojevima.<\/p>\n<p>Potpuno suv u roku od sat vremena.<\/p>\n<p>Vi\u0161e informacija o kori\u0161\u0107enju ovog lepka mo\u017eete na\u0107i u ovom video klipu: <a href=\"https:\/\/www.youtube.com\/watch?v=f6oVr5nc7Eo\" target=\"_blank\" rel=\"noopener\">https:\/\/www.youtube.com\/watch?v=f6oVr5nc7Eo<\/a><\/p>","protected":false},"excerpt":{"rendered":"<p>Cement srednje gustine za polistern &#8211; 30mL<\/p>","protected":false},"featured_media":5208,"template":"","meta":[],"product_brand":[],"product_cat":[358,359],"product_tag":[],"class_list":{"0":"post-5207","1":"product","2":"type-product","3":"status-publish","4":"has-post-thumbnail","6":"product_cat-maketarski-alat-i-pribor","7":"product_cat-lepkovi","8":"pa_brand-ammo","10":"first","11":"outofstock","12":"shipping-taxable","13":"purchasable","14":"product-type-simple"},"_links":{"self":[{"href":"https:\/\/flakhobby.com\/sr\/wp-json\/wp\/v2\/product\/5207","targetHints":{"allow":["GET"]}}],"collection":[{"href":"https:\/\/flakhobby.com\/sr\/wp-json\/wp\/v2\/product"}],"about":[{"href":"https:\/\/flakhobby.com\/sr\/wp-json\/wp\/v2\/types\/product"}],"version-history":[{"count":1,"href":"https:\/\/flakhobby.com\/sr\/wp-json\/wp\/v2\/product\/5207\/revisions"}],"predecessor-version":[{"id":5210,"href":"https:\/\/flakhobby.com\/sr\/wp-json\/wp\/v2\/product\/5207\/revisions\/5210"}],"wp:featuredmedia":[{"embeddable":true,"href":"https:\/\/flakhobby.com\/sr\/wp-json\/wp\/v2\/media\/5208"}],"wp:attachment":[{"href":"https:\/\/flakhobby.com\/sr\/wp-json\/wp\/v2\/media?parent=5207"}],"wp:term":[{"taxonomy":"product_brand","embeddable":true,"href":"https:\/\/flakhobby.com\/sr\/wp-json\/wp\/v2\/product_brand?post=5207"},{"taxonomy":"product_cat","embeddable":true,"href":"https:\/\/flakhobby.com\/sr\/wp-json\/wp\/v2\/product_cat?post=5207"},{"taxonomy":"product_tag","embeddable":true,"href":"https:\/\/flakhobby.com\/sr\/wp-json\/wp\/v2\/product_tag?post=5207"}],"curies":[{"name":"wp","href":"https:\/\/api.w.org\/{rel}","templated":true}]}}