{"id":5199,"date":"2021-12-20T21:04:50","date_gmt":"2021-12-20T21:04:50","guid":{"rendered":"https:\/\/flakhobby.com\/?post_type=product&#038;p=5199"},"modified":"2025-03-26T13:36:45","modified_gmt":"2025-03-26T13:36:45","slug":"extra-thin-cement-quick","status":"publish","type":"product","link":"https:\/\/flakhobby.com\/sr\/\u043f\u0440\u043e\u0438\u0437\u0432\u043e\u0434\/extra-thin-cement-quick\/","title":{"rendered":"Extra Thin Cement &#8211; Quick"},"content":{"rendered":"<p>Ekstra te\u010dni cement za plastiku. Hvata odmah, a potpuno suv u roku od 10 minuta.<br \/>\nVi\u0161e informacija o kori\u0161\u0107enju ovog cementa mo\u017eete na\u0107u u ovom video klipu: <a href=\"https:\/\/www.youtube.com\/watch?v=fIYqfGFUU2g\" target=\"_blank\" rel=\"noopener\">https:\/\/www.youtube.com\/watch?v=fIYqfGFUU2g<\/a><\/p>","protected":false},"excerpt":{"rendered":"<p>Quick cement za plastiku -30mL<\/p>","protected":false},"featured_media":5200,"template":"","meta":[],"product_brand":[],"product_cat":[358,359],"product_tag":[],"class_list":{"0":"post-5199","1":"product","2":"type-product","3":"status-publish","4":"has-post-thumbnail","6":"product_cat-maketarski-alat-i-pribor","7":"product_cat-lepkovi","8":"pa_brand-ammo","10":"first","11":"instock","12":"shipping-taxable","13":"purchasable","14":"product-type-simple"},"_links":{"self":[{"href":"https:\/\/flakhobby.com\/sr\/wp-json\/wp\/v2\/product\/5199","targetHints":{"allow":["GET"]}}],"collection":[{"href":"https:\/\/flakhobby.com\/sr\/wp-json\/wp\/v2\/product"}],"about":[{"href":"https:\/\/flakhobby.com\/sr\/wp-json\/wp\/v2\/types\/product"}],"version-history":[{"count":3,"href":"https:\/\/flakhobby.com\/sr\/wp-json\/wp\/v2\/product\/5199\/revisions"}],"predecessor-version":[{"id":19580,"href":"https:\/\/flakhobby.com\/sr\/wp-json\/wp\/v2\/product\/5199\/revisions\/19580"}],"wp:featuredmedia":[{"embeddable":true,"href":"https:\/\/flakhobby.com\/sr\/wp-json\/wp\/v2\/media\/5200"}],"wp:attachment":[{"href":"https:\/\/flakhobby.com\/sr\/wp-json\/wp\/v2\/media?parent=5199"}],"wp:term":[{"taxonomy":"product_brand","embeddable":true,"href":"https:\/\/flakhobby.com\/sr\/wp-json\/wp\/v2\/product_brand?post=5199"},{"taxonomy":"product_cat","embeddable":true,"href":"https:\/\/flakhobby.com\/sr\/wp-json\/wp\/v2\/product_cat?post=5199"},{"taxonomy":"product_tag","embeddable":true,"href":"https:\/\/flakhobby.com\/sr\/wp-json\/wp\/v2\/product_tag?post=5199"}],"curies":[{"name":"wp","href":"https:\/\/api.w.org\/{rel}","templated":true}]}}