{"id":5196,"date":"2021-12-20T21:01:47","date_gmt":"2021-12-20T21:01:47","guid":{"rendered":"https:\/\/flakhobby.com\/?post_type=product&#038;p=5196"},"modified":"2026-01-22T22:18:57","modified_gmt":"2026-01-22T21:18:57","slug":"slow-dry-cyanoacrylate","status":"publish","type":"product","link":"https:\/\/flakhobby.com\/sr\/\u043f\u0440\u043e\u0438\u0437\u0432\u043e\u0434\/slow-dry-cyanoacrylate\/","title":{"rendered":"Slow Dry Cyanoacrylate"},"content":{"rendered":"<p>Vrhunski superlak koji se mo\u017ee pohvaliti dugim \u017eivotnim vekom u boci nakon otvaranja. Veoma je te\u010dan i vrlo lepo prodire u pukotine izme\u0111u delova.<\/p>\n<p>Funkcionalno suv u roku od 3-10 sekundi.<\/p>","protected":false},"excerpt":{"rendered":"<p>Colle 21 italjianski superlepak dugog \u017eivotnog veka &#8211; 21 gram<\/p>","protected":false},"featured_media":5197,"template":"","meta":[],"product_brand":[],"product_cat":[358,359],"product_tag":[],"class_list":{"0":"post-5196","1":"product","2":"type-product","3":"status-publish","4":"has-post-thumbnail","6":"product_cat-maketarski-alat-i-pribor","7":"product_cat-lepkovi","8":"pa_brand-ammo","10":"first","11":"outofstock","12":"shipping-taxable","13":"purchasable","14":"product-type-simple"},"_links":{"self":[{"href":"https:\/\/flakhobby.com\/sr\/wp-json\/wp\/v2\/product\/5196","targetHints":{"allow":["GET"]}}],"collection":[{"href":"https:\/\/flakhobby.com\/sr\/wp-json\/wp\/v2\/product"}],"about":[{"href":"https:\/\/flakhobby.com\/sr\/wp-json\/wp\/v2\/types\/product"}],"version-history":[{"count":1,"href":"https:\/\/flakhobby.com\/sr\/wp-json\/wp\/v2\/product\/5196\/revisions"}],"predecessor-version":[{"id":5198,"href":"https:\/\/flakhobby.com\/sr\/wp-json\/wp\/v2\/product\/5196\/revisions\/5198"}],"wp:featuredmedia":[{"embeddable":true,"href":"https:\/\/flakhobby.com\/sr\/wp-json\/wp\/v2\/media\/5197"}],"wp:attachment":[{"href":"https:\/\/flakhobby.com\/sr\/wp-json\/wp\/v2\/media?parent=5196"}],"wp:term":[{"taxonomy":"product_brand","embeddable":true,"href":"https:\/\/flakhobby.com\/sr\/wp-json\/wp\/v2\/product_brand?post=5196"},{"taxonomy":"product_cat","embeddable":true,"href":"https:\/\/flakhobby.com\/sr\/wp-json\/wp\/v2\/product_cat?post=5196"},{"taxonomy":"product_tag","embeddable":true,"href":"https:\/\/flakhobby.com\/sr\/wp-json\/wp\/v2\/product_tag?post=5196"}],"curies":[{"name":"wp","href":"https:\/\/api.w.org\/{rel}","templated":true}]}}