{"id":5185,"date":"2021-12-20T20:48:38","date_gmt":"2021-12-20T20:48:38","guid":{"rendered":"https:\/\/flakhobby.com\/?post_type=product&#038;p=5185"},"modified":"2021-12-21T18:12:29","modified_gmt":"2021-12-21T18:12:29","slug":"streaking-grime-for-dak","status":"publish","type":"product","link":"https:\/\/flakhobby.com\/sr\/\u043f\u0440\u043e\u0438\u0437\u0432\u043e\u0434\/streaking-grime-for-dak\/","title":{"rendered":"Streaking Grime for DAK"},"content":{"rendered":"<p>Emajl te\u010dnost za simuliranje tragova slivanja na svetlim i pe\u0161\u010danim kamufla\u017eama.<\/p>\n<p>Naneti oko detalja i ukloniti vi\u0161ak \u010distom \u010detkicom navla\u017eenom AMIG-2019Emajl razre\u0111iva\u010dem.<\/p>\n<p>Vi\u0161e infomacija o kori\u0161\u0107enju ove vrste efekata mo\u017eete na\u0107i u ovom video klipu: <a href=\"https:\/\/www.youtube.com\/watch?v=ZTMPw3d0yDo\" target=\"_blank\" rel=\"noopener\">https:\/\/www.youtube.com\/watch?v=ZTMPw3d0yDo<\/a><\/p>","protected":false},"excerpt":{"rendered":"<p>Emajl te\u010dnost za simuliranje tragova slivanja 35mL<\/p>","protected":false},"featured_media":5186,"template":"","meta":[],"product_brand":[],"product_cat":[352,349],"product_tag":[],"class_list":{"0":"post-5185","1":"product","2":"type-product","3":"status-publish","4":"has-post-thumbnail","6":"product_cat-emajl-efekti-za-makete","7":"product_cat-weathering","8":"pa_brand-ammo","10":"first","11":"instock","12":"shipping-taxable","13":"purchasable","14":"product-type-simple"},"_links":{"self":[{"href":"https:\/\/flakhobby.com\/sr\/wp-json\/wp\/v2\/product\/5185","targetHints":{"allow":["GET"]}}],"collection":[{"href":"https:\/\/flakhobby.com\/sr\/wp-json\/wp\/v2\/product"}],"about":[{"href":"https:\/\/flakhobby.com\/sr\/wp-json\/wp\/v2\/types\/product"}],"version-history":[{"count":1,"href":"https:\/\/flakhobby.com\/sr\/wp-json\/wp\/v2\/product\/5185\/revisions"}],"predecessor-version":[{"id":5187,"href":"https:\/\/flakhobby.com\/sr\/wp-json\/wp\/v2\/product\/5185\/revisions\/5187"}],"wp:featuredmedia":[{"embeddable":true,"href":"https:\/\/flakhobby.com\/sr\/wp-json\/wp\/v2\/media\/5186"}],"wp:attachment":[{"href":"https:\/\/flakhobby.com\/sr\/wp-json\/wp\/v2\/media?parent=5185"}],"wp:term":[{"taxonomy":"product_brand","embeddable":true,"href":"https:\/\/flakhobby.com\/sr\/wp-json\/wp\/v2\/product_brand?post=5185"},{"taxonomy":"product_cat","embeddable":true,"href":"https:\/\/flakhobby.com\/sr\/wp-json\/wp\/v2\/product_cat?post=5185"},{"taxonomy":"product_tag","embeddable":true,"href":"https:\/\/flakhobby.com\/sr\/wp-json\/wp\/v2\/product_tag?post=5185"}],"curies":[{"name":"wp","href":"https:\/\/api.w.org\/{rel}","templated":true}]}}