{"id":5179,"date":"2021-12-20T20:29:49","date_gmt":"2021-12-20T20:29:49","guid":{"rendered":"https:\/\/flakhobby.com\/?post_type=product&#038;p=5179"},"modified":"2025-10-05T21:27:03","modified_gmt":"2025-10-05T21:27:03","slug":"streaking-grime","status":"publish","type":"product","link":"https:\/\/flakhobby.com\/sr\/\u043f\u0440\u043e\u0438\u0437\u0432\u043e\u0434\/streaking-grime\/","title":{"rendered":"Streaking Grime"},"content":{"rendered":"<p>Emajl te\u010dnost za simuliranje tragova slivanja razne prljav\u0161tine.<\/p>\n<p>Naneti oko detalja i ukloniti vi\u0161ak \u010distom \u010detkicom navla\u017eenom AMIG-2019Emajl razre\u0111iva\u010dem.<\/p>\n<p>Vi\u0161e infomacija o kori\u0161\u0107enju ove vrste efekata mo\u017eete na\u0107i u ovom video klipu: <a href=\"https:\/\/www.youtube.com\/watch?v=ZTMPw3d0yDo\" target=\"_blank\" rel=\"noopener\">https:\/\/www.youtube.com\/watch?v=ZTMPw3d0yDo<\/a><\/p>","protected":false},"excerpt":{"rendered":"<p>Emajl te\u010dnost za simuliranje tragova slivanja 35mL<\/p>","protected":false},"featured_media":5180,"template":"","meta":[],"product_brand":[],"product_cat":[352,349],"product_tag":[],"class_list":{"0":"post-5179","1":"product","2":"type-product","3":"status-publish","4":"has-post-thumbnail","6":"product_cat-emajl-efekti-za-makete","7":"product_cat-weathering","8":"pa_brand-ammo","10":"first","11":"instock","12":"shipping-taxable","13":"purchasable","14":"product-type-simple"},"_links":{"self":[{"href":"https:\/\/flakhobby.com\/sr\/wp-json\/wp\/v2\/product\/5179","targetHints":{"allow":["GET"]}}],"collection":[{"href":"https:\/\/flakhobby.com\/sr\/wp-json\/wp\/v2\/product"}],"about":[{"href":"https:\/\/flakhobby.com\/sr\/wp-json\/wp\/v2\/types\/product"}],"version-history":[{"count":2,"href":"https:\/\/flakhobby.com\/sr\/wp-json\/wp\/v2\/product\/5179\/revisions"}],"predecessor-version":[{"id":24080,"href":"https:\/\/flakhobby.com\/sr\/wp-json\/wp\/v2\/product\/5179\/revisions\/24080"}],"wp:featuredmedia":[{"embeddable":true,"href":"https:\/\/flakhobby.com\/sr\/wp-json\/wp\/v2\/media\/5180"}],"wp:attachment":[{"href":"https:\/\/flakhobby.com\/sr\/wp-json\/wp\/v2\/media?parent=5179"}],"wp:term":[{"taxonomy":"product_brand","embeddable":true,"href":"https:\/\/flakhobby.com\/sr\/wp-json\/wp\/v2\/product_brand?post=5179"},{"taxonomy":"product_cat","embeddable":true,"href":"https:\/\/flakhobby.com\/sr\/wp-json\/wp\/v2\/product_cat?post=5179"},{"taxonomy":"product_tag","embeddable":true,"href":"https:\/\/flakhobby.com\/sr\/wp-json\/wp\/v2\/product_tag?post=5179"}],"curies":[{"name":"wp","href":"https:\/\/api.w.org\/{rel}","templated":true}]}}