{"id":5155,"date":"2021-12-20T20:13:35","date_gmt":"2021-12-20T20:13:35","guid":{"rendered":"https:\/\/flakhobby.com\/?post_type=product&#038;p=5155"},"modified":"2026-03-31T15:15:27","modified_gmt":"2026-03-31T13:15:27","slug":"sand-gravel-glue","status":"publish","type":"product","link":"https:\/\/flakhobby.com\/sr\/\u043f\u0440\u043e\u0438\u0437\u0432\u043e\u0434\/sand-gravel-glue\/","title":{"rendered":"Sand &#038; Gravel Glue"},"content":{"rendered":"<p>Te\u010dni lepak za fiksiranje svih vrsta peska, kamen\u010di\u0107a itd na diorame. Mo\u017ee se nanositi \u010detkicom i airbrushem, a su\u0161enje se mo\u017ee ubrzati fenom za kosu.<\/p>","protected":false},"excerpt":{"rendered":"<p>Lepak za razne materijale &#8211; pesak, \u0161ljunak, kamen\u010di\u0107i 100mL<\/p>","protected":false},"featured_media":5156,"template":"","meta":[],"product_brand":[],"product_cat":[358,359],"product_tag":[],"class_list":{"0":"post-5155","1":"product","2":"type-product","3":"status-publish","4":"has-post-thumbnail","6":"product_cat-maketarski-alat-i-pribor","7":"product_cat-lepkovi","8":"pa_brand-ammo","10":"first","11":"outofstock","12":"shipping-taxable","13":"purchasable","14":"product-type-simple"},"_links":{"self":[{"href":"https:\/\/flakhobby.com\/sr\/wp-json\/wp\/v2\/product\/5155","targetHints":{"allow":["GET"]}}],"collection":[{"href":"https:\/\/flakhobby.com\/sr\/wp-json\/wp\/v2\/product"}],"about":[{"href":"https:\/\/flakhobby.com\/sr\/wp-json\/wp\/v2\/types\/product"}],"version-history":[{"count":1,"href":"https:\/\/flakhobby.com\/sr\/wp-json\/wp\/v2\/product\/5155\/revisions"}],"predecessor-version":[{"id":5157,"href":"https:\/\/flakhobby.com\/sr\/wp-json\/wp\/v2\/product\/5155\/revisions\/5157"}],"wp:featuredmedia":[{"embeddable":true,"href":"https:\/\/flakhobby.com\/sr\/wp-json\/wp\/v2\/media\/5156"}],"wp:attachment":[{"href":"https:\/\/flakhobby.com\/sr\/wp-json\/wp\/v2\/media?parent=5155"}],"wp:term":[{"taxonomy":"product_brand","embeddable":true,"href":"https:\/\/flakhobby.com\/sr\/wp-json\/wp\/v2\/product_brand?post=5155"},{"taxonomy":"product_cat","embeddable":true,"href":"https:\/\/flakhobby.com\/sr\/wp-json\/wp\/v2\/product_cat?post=5155"},{"taxonomy":"product_tag","embeddable":true,"href":"https:\/\/flakhobby.com\/sr\/wp-json\/wp\/v2\/product_tag?post=5155"}],"curies":[{"name":"wp","href":"https:\/\/api.w.org\/{rel}","templated":true}]}}