{"id":5149,"date":"2021-12-20T20:07:48","date_gmt":"2021-12-20T20:07:48","guid":{"rendered":"https:\/\/flakhobby.com\/?post_type=product&#038;p=5149"},"modified":"2025-02-12T13:58:07","modified_gmt":"2025-02-12T13:58:07","slug":"scratches-effects-tecnost-za-ciping","status":"publish","type":"product","link":"https:\/\/flakhobby.com\/sr\/\u043f\u0440\u043e\u0438\u0437\u0432\u043e\u0434\/scratches-effects-tecnost-za-ciping\/","title":{"rendered":"Scratches Effects &#8211; Te\u010dnost za \u010diping"},"content":{"rendered":"<p>Te\u010dnost za pravljenje ogrebotina. Prvo se nanese sloj akrilne boje, zatim sloj ove te\u010dnosti i potom poslednji sloj \u017eeljene boje preko te\u010dnosti. Kada se povr\u0161ina osu\u0161i,<\/p>\n<p>navla\u017ei se vodom i lagano se stru\u017ee \u010detkicom.<\/p>\n<p>Vi\u0161e informacija o kori\u0161\u0107enju ovog proizvoda mo\u017eete pogledati na ovom linku: <a href=\"https:\/\/www.youtube.com\/watch?v=yDMtTIQCgBY\" target=\"_blank\" rel=\"noopener\">https:\/\/www.youtube.com\/watch?v=yDMtTIQCgBY<\/a><\/p>","protected":false},"excerpt":{"rendered":"<p>Bezmirisna te\u010dnost za \u010diping 35mL<\/p>","protected":false},"featured_media":5150,"template":"","meta":[],"product_brand":[],"product_cat":[349,357],"product_tag":[],"class_list":{"0":"post-5149","1":"product","2":"type-product","3":"status-publish","4":"has-post-thumbnail","6":"product_cat-weathering","7":"product_cat-tecnosti-za-chipping","8":"pa_brand-ammo","10":"first","11":"instock","12":"shipping-taxable","13":"purchasable","14":"product-type-simple"},"_links":{"self":[{"href":"https:\/\/flakhobby.com\/sr\/wp-json\/wp\/v2\/product\/5149","targetHints":{"allow":["GET"]}}],"collection":[{"href":"https:\/\/flakhobby.com\/sr\/wp-json\/wp\/v2\/product"}],"about":[{"href":"https:\/\/flakhobby.com\/sr\/wp-json\/wp\/v2\/types\/product"}],"version-history":[{"count":1,"href":"https:\/\/flakhobby.com\/sr\/wp-json\/wp\/v2\/product\/5149\/revisions"}],"predecessor-version":[{"id":5151,"href":"https:\/\/flakhobby.com\/sr\/wp-json\/wp\/v2\/product\/5149\/revisions\/5151"}],"wp:featuredmedia":[{"embeddable":true,"href":"https:\/\/flakhobby.com\/sr\/wp-json\/wp\/v2\/media\/5150"}],"wp:attachment":[{"href":"https:\/\/flakhobby.com\/sr\/wp-json\/wp\/v2\/media?parent=5149"}],"wp:term":[{"taxonomy":"product_brand","embeddable":true,"href":"https:\/\/flakhobby.com\/sr\/wp-json\/wp\/v2\/product_brand?post=5149"},{"taxonomy":"product_cat","embeddable":true,"href":"https:\/\/flakhobby.com\/sr\/wp-json\/wp\/v2\/product_cat?post=5149"},{"taxonomy":"product_tag","embeddable":true,"href":"https:\/\/flakhobby.com\/sr\/wp-json\/wp\/v2\/product_tag?post=5149"}],"curies":[{"name":"wp","href":"https:\/\/api.w.org\/{rel}","templated":true}]}}