{"id":5122,"date":"2021-12-20T19:13:36","date_gmt":"2021-12-20T19:13:36","guid":{"rendered":"https:\/\/flakhobby.com\/?post_type=product&#038;p=5122"},"modified":"2025-10-05T21:33:20","modified_gmt":"2025-10-05T21:33:20","slug":"emajl-bezmirisni-razredivac-100ml","status":"publish","type":"product","link":"https:\/\/flakhobby.com\/sr\/\u043f\u0440\u043e\u0438\u0437\u0432\u043e\u0434\/emajl-bezmirisni-razredivac-100ml\/","title":{"rendered":"Emajl bezmirisni razre\u0111iva\u010d 100mL"},"content":{"rendered":"<p>Bezmirisni emajl razre\u0111iva\u010d za AMMO emajl vo\u0161eve i efekte. Mogu\u0107e ga je koristiti i za druge emajl proizvode od drugih proizvo\u0111a\u010da.<\/p>","protected":false},"excerpt":{"rendered":"<p>Bezmirisni emajl razre\u0111iva\u010d \u2013 100mL<\/p>","protected":false},"featured_media":5123,"template":"","meta":[],"product_brand":[],"product_cat":[339,348],"product_tag":[],"class_list":{"0":"post-5122","1":"product","2":"type-product","3":"status-publish","4":"has-post-thumbnail","6":"product_cat-boje-i-razredivaci","7":"product_cat-razredivaci","8":"pa_brand-ammo","10":"first","11":"instock","12":"shipping-taxable","13":"purchasable","14":"product-type-simple"},"_links":{"self":[{"href":"https:\/\/flakhobby.com\/sr\/wp-json\/wp\/v2\/product\/5122","targetHints":{"allow":["GET"]}}],"collection":[{"href":"https:\/\/flakhobby.com\/sr\/wp-json\/wp\/v2\/product"}],"about":[{"href":"https:\/\/flakhobby.com\/sr\/wp-json\/wp\/v2\/types\/product"}],"version-history":[{"count":2,"href":"https:\/\/flakhobby.com\/sr\/wp-json\/wp\/v2\/product\/5122\/revisions"}],"predecessor-version":[{"id":25098,"href":"https:\/\/flakhobby.com\/sr\/wp-json\/wp\/v2\/product\/5122\/revisions\/25098"}],"wp:featuredmedia":[{"embeddable":true,"href":"https:\/\/flakhobby.com\/sr\/wp-json\/wp\/v2\/media\/5123"}],"wp:attachment":[{"href":"https:\/\/flakhobby.com\/sr\/wp-json\/wp\/v2\/media?parent=5122"}],"wp:term":[{"taxonomy":"product_brand","embeddable":true,"href":"https:\/\/flakhobby.com\/sr\/wp-json\/wp\/v2\/product_brand?post=5122"},{"taxonomy":"product_cat","embeddable":true,"href":"https:\/\/flakhobby.com\/sr\/wp-json\/wp\/v2\/product_cat?post=5122"},{"taxonomy":"product_tag","embeddable":true,"href":"https:\/\/flakhobby.com\/sr\/wp-json\/wp\/v2\/product_tag?post=5122"}],"curies":[{"name":"wp","href":"https:\/\/api.w.org\/{rel}","templated":true}]}}