{"id":5119,"date":"2021-12-20T19:11:29","date_gmt":"2021-12-20T19:11:29","guid":{"rendered":"https:\/\/flakhobby.com\/?post_type=product&#038;p=5119"},"modified":"2025-10-05T21:33:21","modified_gmt":"2025-10-05T21:33:21","slug":"emajl-bezmirisni-razredivac-35ml","status":"publish","type":"product","link":"https:\/\/flakhobby.com\/sr\/\u043f\u0440\u043e\u0438\u0437\u0432\u043e\u0434\/emajl-bezmirisni-razredivac-35ml\/","title":{"rendered":"Emajl bezmirisni razre\u0111iva\u010d 35mL"},"content":{"rendered":"<p>Bezmirisni emajl razre\u0111iva\u010d za AMMO emajl vo\u0161eve i efekte. Mogu\u0107e ga je koristiti i za druge emajl proizvode od drugih proizvo\u0111a\u010da.<\/p>","protected":false},"excerpt":{"rendered":"<p>Bezmirisni emajl razre\u0111iva\u010d &#8211; 35mL<\/p>","protected":false},"featured_media":5120,"template":"","meta":[],"product_brand":[],"product_cat":[339,348],"product_tag":[],"class_list":{"0":"post-5119","1":"product","2":"type-product","3":"status-publish","4":"has-post-thumbnail","6":"product_cat-boje-i-razredivaci","7":"product_cat-razredivaci","8":"pa_brand-ammo","10":"first","11":"instock","12":"shipping-taxable","13":"purchasable","14":"product-type-simple"},"_links":{"self":[{"href":"https:\/\/flakhobby.com\/sr\/wp-json\/wp\/v2\/product\/5119","targetHints":{"allow":["GET"]}}],"collection":[{"href":"https:\/\/flakhobby.com\/sr\/wp-json\/wp\/v2\/product"}],"about":[{"href":"https:\/\/flakhobby.com\/sr\/wp-json\/wp\/v2\/types\/product"}],"version-history":[{"count":1,"href":"https:\/\/flakhobby.com\/sr\/wp-json\/wp\/v2\/product\/5119\/revisions"}],"predecessor-version":[{"id":5121,"href":"https:\/\/flakhobby.com\/sr\/wp-json\/wp\/v2\/product\/5119\/revisions\/5121"}],"wp:featuredmedia":[{"embeddable":true,"href":"https:\/\/flakhobby.com\/sr\/wp-json\/wp\/v2\/media\/5120"}],"wp:attachment":[{"href":"https:\/\/flakhobby.com\/sr\/wp-json\/wp\/v2\/media?parent=5119"}],"wp:term":[{"taxonomy":"product_brand","embeddable":true,"href":"https:\/\/flakhobby.com\/sr\/wp-json\/wp\/v2\/product_brand?post=5119"},{"taxonomy":"product_cat","embeddable":true,"href":"https:\/\/flakhobby.com\/sr\/wp-json\/wp\/v2\/product_cat?post=5119"},{"taxonomy":"product_tag","embeddable":true,"href":"https:\/\/flakhobby.com\/sr\/wp-json\/wp\/v2\/product_tag?post=5119"}],"curies":[{"name":"wp","href":"https:\/\/api.w.org\/{rel}","templated":true}]}}