{"id":5070,"date":"2021-12-18T20:37:12","date_gmt":"2021-12-18T20:37:12","guid":{"rendered":"https:\/\/flakhobby.com\/?post_type=product&#038;p=5070"},"modified":"2025-09-03T15:03:48","modified_gmt":"2025-09-03T15:03:48","slug":"rlm-80-olivgrun","status":"publish","type":"product","link":"https:\/\/flakhobby.com\/sr\/\u043f\u0440\u043e\u0438\u0437\u0432\u043e\u0434\/rlm-80-olivgrun\/","title":{"rendered":"RLM 80 OLIVGR\u00dcN"},"content":{"rendered":"<p>Green color used by the Luftwaffe on desert camouflages during WWII, normally combined with RLM79 Sandgelb. It can be applied in mottled patterns as well as larger camouflage patches.<\/p>\n<p>Akrilna boja na vodenoj bazi, odli\u010dna za rad i \u010detkicom i airbrushem.\u00a0Mo\u017ee da se rastvara vodom, bezmirisna je i netoksi\u010dna. Potrebno je dobro promu\u0107kati pre upotrebe. Svaka<\/p>\n<p>bo\u010dica ima ner\u0111aju\u0107u kuglicu za me\u0161anje, kao i kapalicu za lak\u0161e kori\u0161\u0107enje. Mo\u017ee se koristiti uz bilo koji prajmer i lak. Umesto vode, za postizanje najboljih rezultata, preporu\u010deno je<\/p>\n<p>razre\u0111ivanje AMIG2000 &#8211; Akrilnim razre\u0111iva\u010dem. Boja je potpuno suva za manje od 24 sata.<\/p>\n<p>Za vi\u0161e informacija o pravilnom kori\u0161\u0107enju Ammo akrilnih boja, mo\u017eete pogdati video na ovom <a href=\"https:\/\/www.youtube.com\/watch?v=gyte6l1Gokw\" target=\"_blank\" rel=\"noopener\">linku<\/a>.<\/p>","protected":false},"excerpt":{"rendered":"<p>Akrilna boja na vodenoj osnovi.<br \/>\nBoja visokog kvaliteta za \u010detkicu i airbursh u posudici od 17mL sa kapalicom.<\/p>","protected":false},"featured_media":5071,"template":"","meta":[],"product_brand":[],"product_cat":[339,340],"product_tag":[],"class_list":{"0":"post-5070","1":"product","2":"type-product","3":"status-publish","4":"has-post-thumbnail","6":"product_cat-boje-i-razredivaci","7":"product_cat-ammo-mig-akrilne-boje-17ml","9":"first","10":"outofstock","11":"shipping-taxable","12":"purchasable","13":"product-type-simple"},"_links":{"self":[{"href":"https:\/\/flakhobby.com\/sr\/wp-json\/wp\/v2\/product\/5070","targetHints":{"allow":["GET"]}}],"collection":[{"href":"https:\/\/flakhobby.com\/sr\/wp-json\/wp\/v2\/product"}],"about":[{"href":"https:\/\/flakhobby.com\/sr\/wp-json\/wp\/v2\/types\/product"}],"version-history":[{"count":1,"href":"https:\/\/flakhobby.com\/sr\/wp-json\/wp\/v2\/product\/5070\/revisions"}],"predecessor-version":[{"id":5072,"href":"https:\/\/flakhobby.com\/sr\/wp-json\/wp\/v2\/product\/5070\/revisions\/5072"}],"wp:featuredmedia":[{"embeddable":true,"href":"https:\/\/flakhobby.com\/sr\/wp-json\/wp\/v2\/media\/5071"}],"wp:attachment":[{"href":"https:\/\/flakhobby.com\/sr\/wp-json\/wp\/v2\/media?parent=5070"}],"wp:term":[{"taxonomy":"product_brand","embeddable":true,"href":"https:\/\/flakhobby.com\/sr\/wp-json\/wp\/v2\/product_brand?post=5070"},{"taxonomy":"product_cat","embeddable":true,"href":"https:\/\/flakhobby.com\/sr\/wp-json\/wp\/v2\/product_cat?post=5070"},{"taxonomy":"product_tag","embeddable":true,"href":"https:\/\/flakhobby.com\/sr\/wp-json\/wp\/v2\/product_tag?post=5070"}],"curies":[{"name":"wp","href":"https:\/\/api.w.org\/{rel}","templated":true}]}}