{"id":4761,"date":"2021-12-15T22:58:48","date_gmt":"2021-12-15T22:58:48","guid":{"rendered":"https:\/\/flakhobby.com\/?post_type=product&#038;p=4761"},"modified":"2026-04-24T15:25:02","modified_gmt":"2026-04-24T13:25:02","slug":"washable-sand-ral-8020","status":"publish","type":"product","link":"https:\/\/flakhobby.com\/sr\/\u043f\u0440\u043e\u0438\u0437\u0432\u043e\u0434\/washable-sand-ral-8020\/","title":{"rendered":"WASHABLE EARTH"},"content":{"rendered":"<p>During World War II some armies used improvised paints to camouflage vehicles on some fronts, as in North Africa and the Eastern Front. These colors were made by mixing local earth with a binder such as oil, gasoline and other products for application on vehicles.These paints tended to wear rapidly due to its poor quality and gave the vehicle a very characteristic appearance. Rain or use of the vehicle was eroding and wearing this paint progressively. That color is represented with this product and produces exactly the same effects as the real color and may gradually wear it with a brush and water to represent the effects of vehicles of that era. Use this color to camouflage the German Army in Africa (DAK) or German &#8220;Early&#8221; vehicles in central Europe or Russian.<\/p>\n<p>Akrilna boja na vodenoj bazi, odli\u010dna za rad i \u010detkicom i airbrushem.\u00a0Mo\u017ee da se rastvara vodom, bezmirisna je i netoksi\u010dna. Potrebno je dobro promu\u0107kati pre upotrebe. Svaka<\/p>\n<p>bo\u010dica ima ner\u0111aju\u0107u kuglicu za me\u0161anje, kao i kapalicu za lak\u0161e kori\u0161\u0107enje. Mo\u017ee se koristiti uz bilo koji prajmer i lak. Umesto vode, za postizanje najboljih rezultata, preporu\u010deno je<\/p>\n<p>razre\u0111ivanje AMIG2000 &#8211; Akrilnim razre\u0111iva\u010dem. Boja je potpuno suva za manje od 24 sata.<\/p>\n<p>Za vi\u0161e informacija o pravilnom kori\u0161\u0107enju Ammo akrilnih boja, mo\u017eete pogdati video na ovom <a href=\"https:\/\/www.youtube.com\/watch?v=gyte6l1Gokw\" target=\"_blank\" rel=\"noopener\">linku<\/a>.<\/p>","protected":false},"excerpt":{"rendered":"<p>Akrilna boja na vodenoj osnovi.<br \/>\nBoja visokog kvaliteta za \u010detkicu i airbursh u posudici od 17mL sa kapalicom.<\/p>","protected":false},"featured_media":4762,"template":"","meta":[],"product_brand":[],"product_cat":[339,340],"product_tag":[],"class_list":{"0":"post-4761","1":"product","2":"type-product","3":"status-publish","4":"has-post-thumbnail","6":"product_cat-boje-i-razredivaci","7":"product_cat-ammo-mig-akrilne-boje-17ml","9":"first","10":"instock","11":"shipping-taxable","12":"purchasable","13":"product-type-simple"},"_links":{"self":[{"href":"https:\/\/flakhobby.com\/sr\/wp-json\/wp\/v2\/product\/4761","targetHints":{"allow":["GET"]}}],"collection":[{"href":"https:\/\/flakhobby.com\/sr\/wp-json\/wp\/v2\/product"}],"about":[{"href":"https:\/\/flakhobby.com\/sr\/wp-json\/wp\/v2\/types\/product"}],"version-history":[{"count":2,"href":"https:\/\/flakhobby.com\/sr\/wp-json\/wp\/v2\/product\/4761\/revisions"}],"predecessor-version":[{"id":29537,"href":"https:\/\/flakhobby.com\/sr\/wp-json\/wp\/v2\/product\/4761\/revisions\/29537"}],"wp:featuredmedia":[{"embeddable":true,"href":"https:\/\/flakhobby.com\/sr\/wp-json\/wp\/v2\/media\/4762"}],"wp:attachment":[{"href":"https:\/\/flakhobby.com\/sr\/wp-json\/wp\/v2\/media?parent=4761"}],"wp:term":[{"taxonomy":"product_brand","embeddable":true,"href":"https:\/\/flakhobby.com\/sr\/wp-json\/wp\/v2\/product_brand?post=4761"},{"taxonomy":"product_cat","embeddable":true,"href":"https:\/\/flakhobby.com\/sr\/wp-json\/wp\/v2\/product_cat?post=4761"},{"taxonomy":"product_tag","embeddable":true,"href":"https:\/\/flakhobby.com\/sr\/wp-json\/wp\/v2\/product_tag?post=4761"}],"curies":[{"name":"wp","href":"https:\/\/api.w.org\/{rel}","templated":true}]}}