{"id":4737,"date":"2021-12-15T22:48:25","date_gmt":"2021-12-15T22:48:25","guid":{"rendered":"https:\/\/flakhobby.com\/?post_type=product&#038;p=4737"},"modified":"2023-08-01T11:57:01","modified_gmt":"2023-08-01T11:57:01","slug":"grey","status":"publish","type":"product","link":"https:\/\/flakhobby.com\/sr\/\u043f\u0440\u043e\u0438\u0437\u0432\u043e\u0434\/grey\/","title":{"rendered":"Grey"},"content":{"rendered":"<p>Specific color for Russian army from the 80s to the present, which was used in combination with other colors such as black, oil ochre or green khaki. Many armies of Russian satellite countries also have used it.<\/p>\n<p>Akrilna boja na vodenoj bazi, odli\u010dna za rad i \u010detkicom i airbrushem.\u00a0Mo\u017ee da se rastvara vodom, bezmirisna je i netoksi\u010dna. Potrebno je dobro promu\u0107kati pre upotrebe. Svaka<\/p>\n<p>bo\u010dica ima ner\u0111aju\u0107u kuglicu za me\u0161anje, kao i kapalicu za lak\u0161e kori\u0161\u0107enje. Mo\u017ee se koristiti uz bilo koji prajmer i lak. Umesto vode, za postizanje najboljih rezultata, preporu\u010deno je<\/p>\n<p>razre\u0111ivanje AMIG2000 &#8211; Akrilnim razre\u0111iva\u010dem. Boja je potpuno suva za manje od 24 sata.<\/p>\n<p>Za vi\u0161e informacija o pravilnom kori\u0161\u0107enju Ammo akrilnih boja, mo\u017eete pogdati video na ovom <a href=\"https:\/\/www.youtube.com\/watch?v=gyte6l1Gokw\" target=\"_blank\" rel=\"noopener\">linku<\/a>.<\/p>","protected":false},"excerpt":{"rendered":"<p>Akrilna boja na vodenoj osnovi.<br \/>\nBoja visokog kvaliteta za \u010detkicu i airbursh u posudici od 17mL sa kapalicom.<\/p>","protected":false},"featured_media":4738,"template":"","meta":[],"product_brand":[],"product_cat":[339,340],"product_tag":[],"class_list":{"0":"post-4737","1":"product","2":"type-product","3":"status-publish","4":"has-post-thumbnail","6":"product_cat-boje-i-razredivaci","7":"product_cat-ammo-mig-akrilne-boje-17ml","9":"first","10":"instock","11":"shipping-taxable","12":"purchasable","13":"product-type-simple"},"_links":{"self":[{"href":"https:\/\/flakhobby.com\/sr\/wp-json\/wp\/v2\/product\/4737","targetHints":{"allow":["GET"]}}],"collection":[{"href":"https:\/\/flakhobby.com\/sr\/wp-json\/wp\/v2\/product"}],"about":[{"href":"https:\/\/flakhobby.com\/sr\/wp-json\/wp\/v2\/types\/product"}],"version-history":[{"count":1,"href":"https:\/\/flakhobby.com\/sr\/wp-json\/wp\/v2\/product\/4737\/revisions"}],"predecessor-version":[{"id":4739,"href":"https:\/\/flakhobby.com\/sr\/wp-json\/wp\/v2\/product\/4737\/revisions\/4739"}],"wp:featuredmedia":[{"embeddable":true,"href":"https:\/\/flakhobby.com\/sr\/wp-json\/wp\/v2\/media\/4738"}],"wp:attachment":[{"href":"https:\/\/flakhobby.com\/sr\/wp-json\/wp\/v2\/media?parent=4737"}],"wp:term":[{"taxonomy":"product_brand","embeddable":true,"href":"https:\/\/flakhobby.com\/sr\/wp-json\/wp\/v2\/product_brand?post=4737"},{"taxonomy":"product_cat","embeddable":true,"href":"https:\/\/flakhobby.com\/sr\/wp-json\/wp\/v2\/product_cat?post=4737"},{"taxonomy":"product_tag","embeddable":true,"href":"https:\/\/flakhobby.com\/sr\/wp-json\/wp\/v2\/product_tag?post=4737"}],"curies":[{"name":"wp","href":"https:\/\/api.w.org\/{rel}","templated":true}]}}