{"id":4514,"date":"2021-12-14T21:49:26","date_gmt":"2021-12-14T21:49:26","guid":{"rendered":"https:\/\/flakhobby.com\/?post_type=product&#038;p=4514"},"modified":"2025-05-12T19:23:25","modified_gmt":"2025-05-12T19:23:25","slug":"f-16i-israel-air-force-e34","status":"publish","type":"product","link":"https:\/\/flakhobby.com\/sr\/\u043f\u0440\u043e\u0438\u0437\u0432\u043e\u0434\/f-16i-israel-air-force-e34\/","title":{"rendered":"F-16I Israel Air Force &#8211; E34"},"content":{"rendered":"<p>Plasti\u010dna maketa ameri\u010dkog aviona F-16I block 52 u izraelskoj slu\u017ebi.<br \/>\nOznake:<\/p>\n<h5>General Dynamics F-16I (Sufa) Block 52 Fighting Falcon<\/h5>\n<h6><img decoding=\"async\" title=\"IL\" src=\"https:\/\/www.scalemates.com\/static\/images\/flags7\/32\/IL.png\" alt=\"IL\" width=\"16\" height=\"16\" \/>\u00a0Heyl Ha&#8217;Avir (Israeli Air Force 1948-now)<\/h6>\n<ul class=\"ut\">\n<li class=\"dco\"><strong>119 Tayeset (Bat) Sqn.<\/strong>\u00a0<span class=\"nw bgd\">497<\/span><\/li>\n<li class=\"dco\"><strong>119 Tayeset (Bat) Sqn.<\/strong>\u00a0<span class=\"nw bgd\">119<\/span><\/li>\n<li class=\"dco\"><strong>253 Tayeset (Negev) Sqn.<\/strong>\u00a0<span class=\"nw bgd\">253<\/span><\/li>\n<\/ul>","protected":false},"excerpt":{"rendered":"<p>Sadr\u017ei:<\/p>\n<ul>\n<li>Plasti\u010dna maketa<\/li>\n<li>Dekali<\/li>\n<li>Sastavnica<\/li>\n<\/ul>","protected":false},"featured_media":4515,"template":"","meta":[],"product_brand":[],"product_cat":[15,329],"product_tag":[],"class_list":{"0":"post-4514","1":"product","2":"type-product","3":"status-publish","4":"has-post-thumbnail","6":"product_cat-plasticne-makete","7":"product_cat-vojni-avioni-i-helikopteri","8":"pa_brand-hasegawa","10":"first","11":"outofstock","12":"shipping-taxable","13":"purchasable","14":"product-type-simple"},"_links":{"self":[{"href":"https:\/\/flakhobby.com\/sr\/wp-json\/wp\/v2\/product\/4514","targetHints":{"allow":["GET"]}}],"collection":[{"href":"https:\/\/flakhobby.com\/sr\/wp-json\/wp\/v2\/product"}],"about":[{"href":"https:\/\/flakhobby.com\/sr\/wp-json\/wp\/v2\/types\/product"}],"version-history":[{"count":1,"href":"https:\/\/flakhobby.com\/sr\/wp-json\/wp\/v2\/product\/4514\/revisions"}],"predecessor-version":[{"id":4517,"href":"https:\/\/flakhobby.com\/sr\/wp-json\/wp\/v2\/product\/4514\/revisions\/4517"}],"wp:featuredmedia":[{"embeddable":true,"href":"https:\/\/flakhobby.com\/sr\/wp-json\/wp\/v2\/media\/4515"}],"wp:attachment":[{"href":"https:\/\/flakhobby.com\/sr\/wp-json\/wp\/v2\/media?parent=4514"}],"wp:term":[{"taxonomy":"product_brand","embeddable":true,"href":"https:\/\/flakhobby.com\/sr\/wp-json\/wp\/v2\/product_brand?post=4514"},{"taxonomy":"product_cat","embeddable":true,"href":"https:\/\/flakhobby.com\/sr\/wp-json\/wp\/v2\/product_cat?post=4514"},{"taxonomy":"product_tag","embeddable":true,"href":"https:\/\/flakhobby.com\/sr\/wp-json\/wp\/v2\/product_tag?post=4514"}],"curies":[{"name":"wp","href":"https:\/\/api.w.org\/{rel}","templated":true}]}}