{"id":4321,"date":"2021-12-09T20:38:40","date_gmt":"2021-12-09T20:38:40","guid":{"rendered":"https:\/\/flakhobby.com\/?post_type=product&#038;p=4321"},"modified":"2025-06-05T10:29:54","modified_gmt":"2025-06-05T10:29:54","slug":"mig21-pfm-profipack","status":"publish","type":"product","link":"https:\/\/flakhobby.com\/sr\/\u043f\u0440\u043e\u0438\u0437\u0432\u043e\u0434\/mig21-pfm-profipack\/","title":{"rendered":"MiG-21 PFM Profipack"},"content":{"rendered":"<p>Eduard maketa \u010duvenog sovjetskog mlaznjaka MiG-21bis iz perioda hladnog rata.<\/p>\n<h6><img decoding=\"async\" title=\"CSK\" src=\"https:\/\/www.scalemates.com\/static\/images\/flags7\/32\/CSK.png\" alt=\"CSK\" width=\"16\" height=\"16\" \/> \u010ceskoslovensk\u00e9 vojensk\u00e9 letectvo (Czechoslovak Air Force 1940-1993)<\/h6>\n<ul class=\"ut\">\n<li class=\"dco\"><strong>11 Fighter Reg.<\/strong> <span class=\"nw bgd\">7909<\/span><br \/>\n<span class=\"nw bgb\">1991<\/span> &#8211; Zatec AFB<br \/>\nBare Metal<\/li>\n<\/ul>\n<h6><img decoding=\"async\" title=\"EG\" src=\"https:\/\/www.scalemates.com\/static\/images\/flags7\/32\/EG.png\" alt=\"EG\" width=\"16\" height=\"16\" \/> \u0627\u0644\u0642\u0648\u0627\u062a \u0627\u0644\u062c\u0648\u064a\u0629 \u0627\u0644\u0645\u0635\u0631\u064a\u0629 (Egyptian Air Force 1952-1958 &amp; 1971-now)<\/h6>\n<ul class=\"ut\">\n<li class=\"dco\"><span class=\"nw bgd\">8312<\/span><br \/>\n<span class=\"nw bgb\">1982<\/span> &#8211; Inshas AB<br \/>\nSand, Dark Earth over Lt. Blue<\/li>\n<\/ul>\n<h6><img decoding=\"async\" title=\"PL\" src=\"https:\/\/www.scalemates.com\/static\/images\/flags7\/32\/PL.png\" alt=\"PL\" width=\"16\" height=\"16\" \/> Wojska Lotnicze i Obrony Powietrznej (Polish Air Force 1993-2004)<\/h6>\n<ul class=\"ut\">\n<li class=\"dco\"><strong>1 Sqn. 62 PLM<\/strong> <span class=\"nw bgd\">6910<\/span><br \/>\n<span class=\"nw bgb\">1994<\/span> &#8211; Poznan-Krzesiny AB<br \/>\nAluminum coated<\/li>\n<\/ul>\n<h6><img loading=\"lazy\" decoding=\"async\" title=\"SU\" src=\"https:\/\/www.scalemates.com\/static\/images\/flags7\/32\/SU.png\" alt=\"SU\" width=\"16\" height=\"16\" \/> Voyenno-Vozdushnye Sily (Soviet Air Force 1918-1991)<\/h6>\n<ul class=\"ut\">\n<li class=\"dco\"><strong>Baurnal Flight School<\/strong> <span class=\"nw bgd\">105<\/span><br \/>\n<span class=\"nw bgb\">1988<\/span> &#8211; Kamen na Obi or Slavgorod AB<br \/>\nSand, Green, Brown over Azure Blue<\/li>\n<\/ul>\n<h6><img loading=\"lazy\" decoding=\"async\" title=\"VN\" src=\"https:\/\/www.scalemates.com\/static\/images\/flags7\/32\/VN.png\" alt=\"VN\" width=\"16\" height=\"16\" \/> Kh\u00f4ng qu\u00e2n Nh\u00e2n d\u00e2n Vi\u1ec7t Nam (Vietnam People&#8217;s Air Force 1959-now)<\/h6>\n<ul class=\"ut\">\n<li class=\"dco\"><strong>921 Fighter Reg.<\/strong> <span class=\"nw bgd\">5015<\/span> <em>(poss. Nguyen Van Coc)<\/em><br \/>\n<span class=\"nw bgb\">1968<\/span><br \/>\nBare Metal with green mottle<\/li>\n<\/ul>","protected":false},"excerpt":{"rendered":"<p><strong>Sadr\u017ei:<\/strong><\/p>\n<ul>\n<li>Plasti\u010dna maketa<\/li>\n<li>Eduard dekali \u2013 5 opcija<\/li>\n<li>Photo-etch<\/li>\n<li>Maske za poklopac kabine<\/li>\n<li>Sastavnica u boji<\/li>\n<\/ul>","protected":false},"featured_media":24405,"template":"","meta":[],"product_brand":[],"product_cat":[15,329],"product_tag":[],"class_list":{"0":"post-4321","1":"product","2":"type-product","3":"status-publish","4":"has-post-thumbnail","6":"product_cat-plasticne-makete","7":"product_cat-vojni-avioni-i-helikopteri","8":"pa_brand-eduard","10":"first","11":"outofstock","12":"shipping-taxable","13":"purchasable","14":"product-type-simple"},"_links":{"self":[{"href":"https:\/\/flakhobby.com\/sr\/wp-json\/wp\/v2\/product\/4321","targetHints":{"allow":["GET"]}}],"collection":[{"href":"https:\/\/flakhobby.com\/sr\/wp-json\/wp\/v2\/product"}],"about":[{"href":"https:\/\/flakhobby.com\/sr\/wp-json\/wp\/v2\/types\/product"}],"version-history":[{"count":3,"href":"https:\/\/flakhobby.com\/sr\/wp-json\/wp\/v2\/product\/4321\/revisions"}],"predecessor-version":[{"id":4359,"href":"https:\/\/flakhobby.com\/sr\/wp-json\/wp\/v2\/product\/4321\/revisions\/4359"}],"wp:featuredmedia":[{"embeddable":true,"href":"https:\/\/flakhobby.com\/sr\/wp-json\/wp\/v2\/media\/24405"}],"wp:attachment":[{"href":"https:\/\/flakhobby.com\/sr\/wp-json\/wp\/v2\/media?parent=4321"}],"wp:term":[{"taxonomy":"product_brand","embeddable":true,"href":"https:\/\/flakhobby.com\/sr\/wp-json\/wp\/v2\/product_brand?post=4321"},{"taxonomy":"product_cat","embeddable":true,"href":"https:\/\/flakhobby.com\/sr\/wp-json\/wp\/v2\/product_cat?post=4321"},{"taxonomy":"product_tag","embeddable":true,"href":"https:\/\/flakhobby.com\/sr\/wp-json\/wp\/v2\/product_tag?post=4321"}],"curies":[{"name":"wp","href":"https:\/\/api.w.org\/{rel}","templated":true}]}}