{"id":30217,"date":"2026-05-07T14:57:08","date_gmt":"2026-05-07T12:57:08","guid":{"rendered":"https:\/\/flakhobby.com\/\u043f\u0440\u043e\u0438\u0437\u0432\u043e\u0434\/deep-brown-17ml\/"},"modified":"2026-05-07T15:36:17","modified_gmt":"2026-05-07T13:36:17","slug":"deep-brown-17ml","status":"publish","type":"product","link":"https:\/\/flakhobby.com\/sr\/\u043f\u0440\u043e\u0438\u0437\u0432\u043e\u0434\/deep-brown-17ml\/","title":{"rendered":"Deep Brown 17ml"},"content":{"rendered":"<p>Boje nove generacije sa unapre\u0111enom formulom omogu\u0107avaju odli\u010dno nano\u0161enje \u010detkicom i airbrush-om, uz minimalno zapu\u0161avanje pri razre\u0111ivanju. Odlikuju ih visoka pigmentacija, odli\u010dna pokrivnost i otpornost.<\/p>\n<p>Pogodne su za makete, minijature i modelarstvo uop\u0161te.<\/p>\n<p>Pakovanje: 17 ml<br \/>\nNovi \u010dep omogu\u0107ava brzo prepoznavanje nijanse.<\/p>","protected":false},"excerpt":{"rendered":"<p>3Gen Akrilna boja &#8211; 17mL <\/p>","protected":false},"featured_media":30216,"template":"","meta":[],"product_brand":[],"product_cat":[669,339],"product_tag":[],"class_list":{"0":"post-30217","1":"product","2":"type-product","3":"status-publish","4":"has-post-thumbnail","6":"product_cat-ak-3gen-akrilne-boje-17ml","7":"product_cat-boje-i-razredivaci","8":"pa_brand-ak-interactive","10":"first","11":"instock","12":"shipping-taxable","13":"purchasable","14":"product-type-simple"},"_links":{"self":[{"href":"https:\/\/flakhobby.com\/sr\/wp-json\/wp\/v2\/product\/30217","targetHints":{"allow":["GET"]}}],"collection":[{"href":"https:\/\/flakhobby.com\/sr\/wp-json\/wp\/v2\/product"}],"about":[{"href":"https:\/\/flakhobby.com\/sr\/wp-json\/wp\/v2\/types\/product"}],"version-history":[{"count":1,"href":"https:\/\/flakhobby.com\/sr\/wp-json\/wp\/v2\/product\/30217\/revisions"}],"predecessor-version":[{"id":30373,"href":"https:\/\/flakhobby.com\/sr\/wp-json\/wp\/v2\/product\/30217\/revisions\/30373"}],"wp:featuredmedia":[{"embeddable":true,"href":"https:\/\/flakhobby.com\/sr\/wp-json\/wp\/v2\/media\/30216"}],"wp:attachment":[{"href":"https:\/\/flakhobby.com\/sr\/wp-json\/wp\/v2\/media?parent=30217"}],"wp:term":[{"taxonomy":"product_brand","embeddable":true,"href":"https:\/\/flakhobby.com\/sr\/wp-json\/wp\/v2\/product_brand?post=30217"},{"taxonomy":"product_cat","embeddable":true,"href":"https:\/\/flakhobby.com\/sr\/wp-json\/wp\/v2\/product_cat?post=30217"},{"taxonomy":"product_tag","embeddable":true,"href":"https:\/\/flakhobby.com\/sr\/wp-json\/wp\/v2\/product_tag?post=30217"}],"curies":[{"name":"wp","href":"https:\/\/api.w.org\/{rel}","templated":true}]}}