{"id":29727,"date":"2026-05-07T14:52:40","date_gmt":"2026-05-07T12:52:40","guid":{"rendered":"https:\/\/flakhobby.com\/\u043f\u0440\u043e\u0438\u0437\u0432\u043e\u0434\/dension-tan-base\/"},"modified":"2026-05-07T15:34:57","modified_gmt":"2026-05-07T13:34:57","slug":"dension-tan-base","status":"publish","type":"product","link":"https:\/\/flakhobby.com\/sr\/\u043f\u0440\u043e\u0438\u0437\u0432\u043e\u0434\/dension-tan-base\/","title":{"rendered":"Dension Tan Base"},"content":{"rendered":"<p>FIGURE linija boja predstavlja izbor specijalno razvijenih nijansi namenjenih za farbanje istorijskih figura, uklju\u010duju\u0107i uniforme iz Prvog svetskog rata, Drugog svetskog rata i modernog perioda.<\/p>\n<p>Boje nove generacije sa unapre\u0111enom formulom omogu\u0107avaju odli\u010dno nano\u0161enje \u010detkicom i airbrush-om, uz minimalno zapu\u0161avanje pri razre\u0111ivanju. Odlikuju ih visoka pigmentacija, odli\u010dna pokrivnost i otpornost.<\/p>\n<p>Pogodne su za makete, minijature i modelarstvo uop\u0161te.<\/p>\n<p>Pakovanje: 17 ml<br \/>\nNovi \u010dep omogu\u0107ava brzo prepoznavanje nijanse.<\/p>","protected":false},"excerpt":{"rendered":"<p>3Gen Akrilna boja &#8211; 17mL <\/p>","protected":false},"featured_media":29726,"template":"","meta":[],"product_brand":[],"product_cat":[669,339],"product_tag":[],"class_list":{"0":"post-29727","1":"product","2":"type-product","3":"status-publish","4":"has-post-thumbnail","6":"product_cat-ak-3gen-akrilne-boje-17ml","7":"product_cat-boje-i-razredivaci","8":"pa_brand-ak-interactive","9":"pa_serija-figures","11":"first","12":"instock","13":"shipping-taxable","14":"purchasable","15":"product-type-simple"},"_links":{"self":[{"href":"https:\/\/flakhobby.com\/sr\/wp-json\/wp\/v2\/product\/29727","targetHints":{"allow":["GET"]}}],"collection":[{"href":"https:\/\/flakhobby.com\/sr\/wp-json\/wp\/v2\/product"}],"about":[{"href":"https:\/\/flakhobby.com\/sr\/wp-json\/wp\/v2\/types\/product"}],"version-history":[{"count":1,"href":"https:\/\/flakhobby.com\/sr\/wp-json\/wp\/v2\/product\/29727\/revisions"}],"predecessor-version":[{"id":30343,"href":"https:\/\/flakhobby.com\/sr\/wp-json\/wp\/v2\/product\/29727\/revisions\/30343"}],"wp:featuredmedia":[{"embeddable":true,"href":"https:\/\/flakhobby.com\/sr\/wp-json\/wp\/v2\/media\/29726"}],"wp:attachment":[{"href":"https:\/\/flakhobby.com\/sr\/wp-json\/wp\/v2\/media?parent=29727"}],"wp:term":[{"taxonomy":"product_brand","embeddable":true,"href":"https:\/\/flakhobby.com\/sr\/wp-json\/wp\/v2\/product_brand?post=29727"},{"taxonomy":"product_cat","embeddable":true,"href":"https:\/\/flakhobby.com\/sr\/wp-json\/wp\/v2\/product_cat?post=29727"},{"taxonomy":"product_tag","embeddable":true,"href":"https:\/\/flakhobby.com\/sr\/wp-json\/wp\/v2\/product_tag?post=29727"}],"curies":[{"name":"wp","href":"https:\/\/api.w.org\/{rel}","templated":true}]}}