{"id":29625,"date":"2026-04-25T15:36:37","date_gmt":"2026-04-25T13:36:37","guid":{"rendered":"https:\/\/flakhobby.com\/?post_type=product&#038;p=29625"},"modified":"2026-04-25T15:37:33","modified_gmt":"2026-04-25T13:37:33","slug":"1-72-aero-11-l-bucd","status":"publish","type":"product","link":"https:\/\/flakhobby.com\/sr\/\u043f\u0440\u043e\u0438\u0437\u0432\u043e\u0434\/1-72-aero-11-l-bucd\/","title":{"rendered":"1\/72 &#8211; Aero 11 L-BUCD"},"content":{"rendered":"<p>Oznake:<\/p>\n<h5>De Havilland DH 100 Vampire F Mk.1<\/h5>\n<h5>Aero Ab.11<\/h5>\n<h6><img decoding=\"async\" title=\"CSK\" src=\"https:\/\/www.scalemates.com\/s\/images\/flags7\/32\/CSK.png\" alt=\"CSK\" width=\"16\" height=\"16\" \/> Aero &#8211; tov\u00e1rna l\u00e9tadel<\/h6>\n<ul class=\"ut\">\n<li class=\"dc p05\"><span class=\"nw bgd\">L-BUCD | (c\/n) Ab-11.17<\/span> <span class=\"nw bgn\">Blue Bird<\/span> <em>(\u0161kpt. Vil\u00e9m Stanovsk\u00fd\/mechanic Franti\u0161ek \u0160imek)<\/em><br \/>\n<span class=\"nw bgb\">May 1926<\/span> Tour of Europe, N.Africa and Turkey<br \/>\n<a class=\"nw w4 pf\" title=\"\" href=\"https:\/\/www.scalemates.com\/colors\/colorchip.php?id=1720\" rel=\"nofollow noopener\" target=\"_blank\">FS35466<\/a><\/li>\n<\/ul>\n<p>&nbsp;<\/p>\n<p>&nbsp;<\/p>\n<p>&nbsp;<\/p>","protected":false},"excerpt":{"rendered":"<p>Sadr\u017ei:<\/p>\n<ul>\n<li>Plasti\u010dna maketa \u2013 1\/72<\/li>\n<li>Dekali<\/li>\n<li>Sastavnica<\/li>\n<\/ul>","protected":false},"featured_media":29626,"template":"","meta":[],"product_brand":[],"product_cat":[15,329],"product_tag":[],"class_list":{"0":"post-29625","1":"product","2":"type-product","3":"status-publish","4":"has-post-thumbnail","6":"product_cat-plasticne-makete","7":"product_cat-vojni-avioni-i-helikopteri","8":"pa_brand-special-hobby","10":"first","11":"instock","12":"shipping-taxable","13":"purchasable","14":"product-type-simple"},"_links":{"self":[{"href":"https:\/\/flakhobby.com\/sr\/wp-json\/wp\/v2\/product\/29625","targetHints":{"allow":["GET"]}}],"collection":[{"href":"https:\/\/flakhobby.com\/sr\/wp-json\/wp\/v2\/product"}],"about":[{"href":"https:\/\/flakhobby.com\/sr\/wp-json\/wp\/v2\/types\/product"}],"version-history":[{"count":1,"href":"https:\/\/flakhobby.com\/sr\/wp-json\/wp\/v2\/product\/29625\/revisions"}],"predecessor-version":[{"id":29627,"href":"https:\/\/flakhobby.com\/sr\/wp-json\/wp\/v2\/product\/29625\/revisions\/29627"}],"wp:featuredmedia":[{"embeddable":true,"href":"https:\/\/flakhobby.com\/sr\/wp-json\/wp\/v2\/media\/29626"}],"wp:attachment":[{"href":"https:\/\/flakhobby.com\/sr\/wp-json\/wp\/v2\/media?parent=29625"}],"wp:term":[{"taxonomy":"product_brand","embeddable":true,"href":"https:\/\/flakhobby.com\/sr\/wp-json\/wp\/v2\/product_brand?post=29625"},{"taxonomy":"product_cat","embeddable":true,"href":"https:\/\/flakhobby.com\/sr\/wp-json\/wp\/v2\/product_cat?post=29625"},{"taxonomy":"product_tag","embeddable":true,"href":"https:\/\/flakhobby.com\/sr\/wp-json\/wp\/v2\/product_tag?post=29625"}],"curies":[{"name":"wp","href":"https:\/\/api.w.org\/{rel}","templated":true}]}}