{"id":29400,"date":"2026-04-11T12:18:48","date_gmt":"2026-04-11T10:18:48","guid":{"rendered":"https:\/\/flakhobby.com\/?post_type=product&#038;p=29400"},"modified":"2026-04-11T12:19:36","modified_gmt":"2026-04-11T10:19:36","slug":"1-48-jas-39a-c-gripen","status":"publish","type":"product","link":"https:\/\/flakhobby.com\/sr\/\u043f\u0440\u043e\u0438\u0437\u0432\u043e\u0434\/1-48-jas-39a-c-gripen\/","title":{"rendered":"1\/48 &#8211; JAS-39A\/C Gripen"},"content":{"rendered":"<p>Oznake:<\/p>\n<h5>Saab JAS 39A Gripen<\/h5>\n<h6><img decoding=\"async\" title=\"SE\" src=\"https:\/\/www.scalemates.com\/s\/images\/flags7\/32\/SE.png\" alt=\"SE\" width=\"16\" height=\"16\" \/> Svenska Flygvapnet<span class=\"nw\"> (Swedish Air Force 1926-now)<\/span><\/h6>\n<ul class=\"ut\">\n<li class=\"dc p05\"><span class=\"nw bgd\">39101<\/span><br \/>\nMeteor Test Aircraft<\/li>\n<\/ul>\n<h5>Saab JAS 39C Gripen<\/h5>\n<h6><img decoding=\"async\" title=\"CZ\" src=\"https:\/\/www.scalemates.com\/s\/images\/flags7\/32\/CZ.png\" alt=\"CZ\" width=\"16\" height=\"16\" \/> Vzdu\u0161n\u00e9 s\u00edly Arm\u00e1dy \u010cesk\u00e9 republiky<span class=\"nw\"> (Czech Air Force 1993-now)<\/span><\/h6>\n<ul class=\"ut\">\n<li class=\"dc p05\"><strong>211 Taktick\u00e1 Letka<\/strong> <span class=\"nw bgd\">39237<\/span><br \/>\n<span class=\"nw bgb\">September 2009<\/span> NATO Tiger Meet &#8211; Kleine Brogel <img decoding=\"async\" title=\"BE\" src=\"https:\/\/www.scalemates.com\/s\/images\/flags7\/32\/BE.png\" alt=\"BE\" width=\"16\" height=\"16\" \/><br \/>\nTiger scheme<\/li>\n<\/ul>\n<h6><img loading=\"lazy\" decoding=\"async\" title=\"HU\" src=\"https:\/\/www.scalemates.com\/s\/images\/flags7\/32\/HU.png\" alt=\"HU\" width=\"16\" height=\"16\" \/> Magyar L\u00e9gier\u0151<span class=\"nw\"> (Hungarian Air Force 1991-now)<\/span><\/h6>\n<ul class=\"ut\">\n<li class=\"dc p05\"><strong>59 TFW<\/strong> <span class=\"nw bgd\">30<\/span><br \/>\n<span class=\"nw bgb\">February 2005<\/span> 1st Flight of Hungarian Gripen &#8211; Link\u00f6ping <img decoding=\"async\" title=\"SE\" src=\"https:\/\/www.scalemates.com\/s\/images\/flags7\/32\/SE.png\" alt=\"SE\" width=\"16\" height=\"16\" \/><br \/>\nFull Color Hungarian Insignia<\/li>\n<\/ul>\n<h6><img loading=\"lazy\" decoding=\"async\" title=\"ZA\" src=\"https:\/\/www.scalemates.com\/s\/images\/flags7\/32\/ZA.png\" alt=\"ZA\" width=\"16\" height=\"16\" \/> South African Air Force<span class=\"nw\"> (1920-now)<\/span><\/h6>\n<ul class=\"ut\">\n<li class=\"dc p05\"><span class=\"nw bgd\">3911<\/span><\/li>\n<\/ul>\n<p>&nbsp;<\/p>","protected":false},"excerpt":{"rendered":"<p>Sadr\u017ei:<\/p>\n<ul>\n<li>Plasti\u010dna maketa &#8211; 1\/48<\/li>\n<li>Dekali<\/li>\n<li>Sastavnica<\/li>\n<\/ul>","protected":false},"featured_media":29401,"template":"","meta":[],"product_brand":[],"product_cat":[15,329],"product_tag":[],"class_list":{"0":"post-29400","1":"product","2":"type-product","3":"status-publish","4":"has-post-thumbnail","6":"product_cat-plasticne-makete","7":"product_cat-vojni-avioni-i-helikopteri","8":"pa_brand-kitty-hawk","10":"first","11":"instock","12":"shipping-taxable","13":"purchasable","14":"product-type-simple"},"_links":{"self":[{"href":"https:\/\/flakhobby.com\/sr\/wp-json\/wp\/v2\/product\/29400","targetHints":{"allow":["GET"]}}],"collection":[{"href":"https:\/\/flakhobby.com\/sr\/wp-json\/wp\/v2\/product"}],"about":[{"href":"https:\/\/flakhobby.com\/sr\/wp-json\/wp\/v2\/types\/product"}],"version-history":[{"count":1,"href":"https:\/\/flakhobby.com\/sr\/wp-json\/wp\/v2\/product\/29400\/revisions"}],"predecessor-version":[{"id":29402,"href":"https:\/\/flakhobby.com\/sr\/wp-json\/wp\/v2\/product\/29400\/revisions\/29402"}],"wp:featuredmedia":[{"embeddable":true,"href":"https:\/\/flakhobby.com\/sr\/wp-json\/wp\/v2\/media\/29401"}],"wp:attachment":[{"href":"https:\/\/flakhobby.com\/sr\/wp-json\/wp\/v2\/media?parent=29400"}],"wp:term":[{"taxonomy":"product_brand","embeddable":true,"href":"https:\/\/flakhobby.com\/sr\/wp-json\/wp\/v2\/product_brand?post=29400"},{"taxonomy":"product_cat","embeddable":true,"href":"https:\/\/flakhobby.com\/sr\/wp-json\/wp\/v2\/product_cat?post=29400"},{"taxonomy":"product_tag","embeddable":true,"href":"https:\/\/flakhobby.com\/sr\/wp-json\/wp\/v2\/product_tag?post=29400"}],"curies":[{"name":"wp","href":"https:\/\/api.w.org\/{rel}","templated":true}]}}