{"id":29382,"date":"2026-04-10T17:20:34","date_gmt":"2026-04-10T15:20:34","guid":{"rendered":"https:\/\/flakhobby.com\/?post_type=product&#038;p=29382"},"modified":"2026-04-10T17:21:43","modified_gmt":"2026-04-10T15:21:43","slug":"1-35-m4a3-76w-sherman","status":"publish","type":"product","link":"https:\/\/flakhobby.com\/sr\/\u043f\u0440\u043e\u0438\u0437\u0432\u043e\u0434\/1-35-m4a3-76w-sherman\/","title":{"rendered":"1\/35 &#8211; M4A3 (76)W &#8220;Sherman&#8221;"},"content":{"rendered":"<p>Oznake:<\/p>\n<h5>US Medium Tank M4A3 (76)W Sherman<\/h5>\n<h6><img decoding=\"async\" title=\"FR\" src=\"https:\/\/www.scalemates.com\/s\/images\/flags7\/32\/FR.png\" alt=\"FR\" width=\"16\" height=\"16\" \/> Arm\u00e9e fran\u00e7aise de la Lib\u00e9ration<span class=\"nw\"> (Free French Army 1943-45)<\/span><\/h6>\n<ul class=\"ut\">\n<li class=\"dc p05\"><strong>2nd French Arm Div 501st Combat Tank Reg, 1st Comp<\/strong> <span class=\"nw bgd\">3<\/span> <span class=\"nw bgn\">Narvik II<\/span> <em>(Cdr.: Gaston Davreux)<\/em><br \/>\nWorld War 2<br \/>\nOlivedrab<\/li>\n<\/ul>\n<h6><img decoding=\"async\" title=\"US\" src=\"https:\/\/www.scalemates.com\/s\/images\/flags7\/32\/US.png\" alt=\"US\" width=\"16\" height=\"16\" \/> US Army<span class=\"nw\"> (1784-now)<\/span><\/h6>\n<ul class=\"ut\">\n<li class=\"dc p05\"><strong>37th Tank Bn, 4th Arm Div<\/strong> <em>(Lieutenant-Col. Creighton Abrams)<\/em><br \/>\nWorld War 2<br \/>\nOlivedrab<\/li>\n<\/ul>\n<p>&nbsp;<\/p>","protected":false},"excerpt":{"rendered":"<p>Sadr\u017ei:<\/p>\n<ul>\n<li>Plasti\u010dna maketa &#8211; 1\/35<\/li>\n<li>Dekali<\/li>\n<li>Sastavnica<\/li>\n<\/ul>","protected":false},"featured_media":29383,"template":"","meta":[],"product_brand":[],"product_cat":[15,328],"product_tag":[],"class_list":{"0":"post-29382","1":"product","2":"type-product","3":"status-publish","4":"has-post-thumbnail","6":"product_cat-plasticne-makete","7":"product_cat-vojna-vozila-i-oruda","8":"pa_brand-zvezda","10":"first","11":"instock","12":"shipping-taxable","13":"purchasable","14":"product-type-simple"},"_links":{"self":[{"href":"https:\/\/flakhobby.com\/sr\/wp-json\/wp\/v2\/product\/29382","targetHints":{"allow":["GET"]}}],"collection":[{"href":"https:\/\/flakhobby.com\/sr\/wp-json\/wp\/v2\/product"}],"about":[{"href":"https:\/\/flakhobby.com\/sr\/wp-json\/wp\/v2\/types\/product"}],"version-history":[{"count":1,"href":"https:\/\/flakhobby.com\/sr\/wp-json\/wp\/v2\/product\/29382\/revisions"}],"predecessor-version":[{"id":29384,"href":"https:\/\/flakhobby.com\/sr\/wp-json\/wp\/v2\/product\/29382\/revisions\/29384"}],"wp:featuredmedia":[{"embeddable":true,"href":"https:\/\/flakhobby.com\/sr\/wp-json\/wp\/v2\/media\/29383"}],"wp:attachment":[{"href":"https:\/\/flakhobby.com\/sr\/wp-json\/wp\/v2\/media?parent=29382"}],"wp:term":[{"taxonomy":"product_brand","embeddable":true,"href":"https:\/\/flakhobby.com\/sr\/wp-json\/wp\/v2\/product_brand?post=29382"},{"taxonomy":"product_cat","embeddable":true,"href":"https:\/\/flakhobby.com\/sr\/wp-json\/wp\/v2\/product_cat?post=29382"},{"taxonomy":"product_tag","embeddable":true,"href":"https:\/\/flakhobby.com\/sr\/wp-json\/wp\/v2\/product_tag?post=29382"}],"curies":[{"name":"wp","href":"https:\/\/api.w.org\/{rel}","templated":true}]}}