{"id":29325,"date":"2026-04-10T16:48:01","date_gmt":"2026-04-10T14:48:01","guid":{"rendered":"https:\/\/flakhobby.com\/?post_type=product&#038;p=29325"},"modified":"2026-04-11T12:15:48","modified_gmt":"2026-04-11T10:15:48","slug":"1-48-su-25-frogfoot","status":"publish","type":"product","link":"https:\/\/flakhobby.com\/sr\/\u043f\u0440\u043e\u0438\u0437\u0432\u043e\u0434\/1-48-su-25-frogfoot\/","title":{"rendered":"1\/48 &#8211; Su-25 Frogfoot"},"content":{"rendered":"<p>Oznake:<\/p>\n<h6><img decoding=\"async\" title=\"RU\" src=\"https:\/\/www.scalemates.com\/s\/images\/flags7\/32\/RU.png\" alt=\"RU\" width=\"16\" height=\"16\" \/> \u0412\u043e\u0435\u043d\u043d\u043e-\u0432\u043e\u0437\u0434\u0443\u0448\u043d\u044b\u0435 \u0441\u0438\u043b\u044b \u0420\u043e\u0441\u0441\u0438\u0438<span class=\"nw\"> (Russian Air Force 1992-2015)<\/span><\/h6>\n<ul class=\"ut\">\n<li class=\"dc p05\"><strong>461 strike aviation reg. 1 guards strike div. 4 army VVS<\/strong> <span class=\"nw bgd\">red 10<\/span><br \/>\n<span class=\"nw bgb\">2000<\/span> Second Chechen War &#8211; Muzduk AB<\/li>\n<li class=\"dc p05\"><strong>670 aviation group 5 army VVS<\/strong> <span class=\"nw bgd\">red 32<\/span><br \/>\n<span class=\"nw bgb\">2004<\/span> &#8211; Dushanbe Airport <img decoding=\"async\" title=\"TJ\" src=\"https:\/\/www.scalemates.com\/s\/images\/flags7\/32\/TJ.png\" alt=\"TJ\" width=\"16\" height=\"16\" \/><\/li>\n<\/ul>\n<h6><img decoding=\"async\" title=\"SU\" src=\"https:\/\/www.scalemates.com\/s\/images\/flags7\/32\/SU.png\" alt=\"SU\" width=\"16\" height=\"16\" \/> \u0412\u043e\u0435\u043d\u043d\u043e-\u0432\u043e\u0437\u0434\u0443\u0448\u043d\u044b\u0435 \u0441\u0438\u043b\u044b \u0421\u0421\u0421\u0420<span class=\"nw\"> (Soviet Air Forces 1918-1992)<\/span><\/h6>\n<ul class=\"ut\">\n<li class=\"dc p05\"><strong>378 separate strike aviation reg. 40 army VVS<\/strong> <span class=\"nw bgd\">white outlined 26<\/span><br \/>\n<span class=\"nw bgb\">1987<\/span> &#8211; Bagram AB <img loading=\"lazy\" decoding=\"async\" title=\"AF\" src=\"https:\/\/www.scalemates.com\/s\/images\/flags7\/32\/AF.png\" alt=\"AF\" width=\"16\" height=\"16\" \/><\/li>\n<li class=\"dc p05\"><strong>378 separate strike aviation reg. 40 army VVS<\/strong> <span class=\"nw bgd\">red 50<\/span><br \/>\n<span class=\"nw bgb\">1988<\/span> &#8211; Shandand Airport <img loading=\"lazy\" decoding=\"async\" title=\"AF\" src=\"https:\/\/www.scalemates.com\/s\/images\/flags7\/32\/AF.png\" alt=\"AF\" width=\"16\" height=\"16\" \/><\/li>\n<\/ul>\n<h5>Sukhoi Su-25K Frogfoot<\/h5>\n<h6><img loading=\"lazy\" decoding=\"async\" title=\"BG\" src=\"https:\/\/www.scalemates.com\/s\/images\/flags7\/32\/BG.png\" alt=\"BG\" width=\"16\" height=\"16\" \/> Bulgarski Voennovazdushni Sili<span class=\"nw\"> (Bulgarian Air Force 1992-now)<\/span><\/h6>\n<ul class=\"ut\">\n<li class=\"dc p05\"><strong>Strike aviation base<\/strong> <span class=\"nw bgd\">white 246<\/span><br \/>\n<span class=\"nw bgb\">2020<\/span> &#8211; Bezmer AB<\/li>\n<\/ul>\n<h6><img loading=\"lazy\" decoding=\"async\" title=\"CSK\" src=\"https:\/\/www.scalemates.com\/s\/images\/flags7\/32\/CSK.png\" alt=\"CSK\" width=\"16\" height=\"16\" \/> \u010ceskoslovensk\u00e9 vojensk\u00e9 letectvo<span class=\"nw\"> (Czechoslovak Air Force 1940-1993)<\/span><\/h6>\n<ul class=\"ut\">\n<li class=\"dc p05\"><strong>30 aerial strike reg.<\/strong> <span class=\"nw bgd\">white 1004<\/span><br \/>\n<span class=\"nw bgb\">1989<\/span> &#8211; Padrubice AB<\/li>\n<\/ul>\n<p>&nbsp;<\/p>\n<p>&nbsp;<\/p>","protected":false},"excerpt":{"rendered":"<p>Sadr\u017ei:<\/p>\n<ul>\n<li>Plasti\u010dna maketa &#8211; 1\/48<\/li>\n<li>Dekali<\/li>\n<li>Sastavnica<\/li>\n<\/ul>","protected":false},"featured_media":29326,"template":"","meta":[],"product_brand":[],"product_cat":[15,329],"product_tag":[],"class_list":{"0":"post-29325","1":"product","2":"type-product","3":"status-publish","4":"has-post-thumbnail","6":"product_cat-plasticne-makete","7":"product_cat-vojni-avioni-i-helikopteri","8":"pa_brand-kitty-hawk","10":"first","11":"instock","12":"shipping-taxable","13":"purchasable","14":"product-type-simple"},"_links":{"self":[{"href":"https:\/\/flakhobby.com\/sr\/wp-json\/wp\/v2\/product\/29325","targetHints":{"allow":["GET"]}}],"collection":[{"href":"https:\/\/flakhobby.com\/sr\/wp-json\/wp\/v2\/product"}],"about":[{"href":"https:\/\/flakhobby.com\/sr\/wp-json\/wp\/v2\/types\/product"}],"version-history":[{"count":2,"href":"https:\/\/flakhobby.com\/sr\/wp-json\/wp\/v2\/product\/29325\/revisions"}],"predecessor-version":[{"id":29395,"href":"https:\/\/flakhobby.com\/sr\/wp-json\/wp\/v2\/product\/29325\/revisions\/29395"}],"wp:featuredmedia":[{"embeddable":true,"href":"https:\/\/flakhobby.com\/sr\/wp-json\/wp\/v2\/media\/29326"}],"wp:attachment":[{"href":"https:\/\/flakhobby.com\/sr\/wp-json\/wp\/v2\/media?parent=29325"}],"wp:term":[{"taxonomy":"product_brand","embeddable":true,"href":"https:\/\/flakhobby.com\/sr\/wp-json\/wp\/v2\/product_brand?post=29325"},{"taxonomy":"product_cat","embeddable":true,"href":"https:\/\/flakhobby.com\/sr\/wp-json\/wp\/v2\/product_cat?post=29325"},{"taxonomy":"product_tag","embeddable":true,"href":"https:\/\/flakhobby.com\/sr\/wp-json\/wp\/v2\/product_tag?post=29325"}],"curies":[{"name":"wp","href":"https:\/\/api.w.org\/{rel}","templated":true}]}}