{"id":29118,"date":"2026-02-12T21:49:59","date_gmt":"2026-02-12T20:49:59","guid":{"rendered":"https:\/\/flakhobby.com\/?post_type=product&#038;p=29118"},"modified":"2026-02-12T21:52:22","modified_gmt":"2026-02-12T20:52:22","slug":"mark-fit-super-strong","status":"publish","type":"product","link":"https:\/\/flakhobby.com\/sr\/\u043f\u0440\u043e\u0438\u0437\u0432\u043e\u0434\/mark-fit-super-strong\/","title":{"rendered":"Mark Fit (Super Strong)"},"content":{"rendered":"<p>Sredstvo za omek\u0161avanje dekala. Poma\u017ee dekalu da ulegne u detalje i oko zakrivljenih delova makete.<br \/>\nIma \u010detkicu za nano\u0161enje &#8211; 40mL<br \/>\nPreporu\u010deno je da se pre nano\u0161enja ovog sredstva, povr\u0161ina na koju \u0107e se dekal stavljati za\u0161titi slojem sjajnog laka.<\/p>\n<p>&nbsp;<\/p>\n<p>&nbsp;<\/p>","protected":false},"excerpt":{"rendered":"<p>Sredstvo za omek\u0161avanje dekala &#8211; 40mL<\/p>","protected":false},"featured_media":29119,"template":"","meta":[],"product_brand":[],"product_cat":[362,358],"product_tag":[],"class_list":{"0":"post-29118","1":"product","2":"type-product","3":"status-publish","4":"has-post-thumbnail","6":"product_cat-sredstva-za-dekale","7":"product_cat-maketarski-alat-i-pribor","8":"pa_brand-tamiya","10":"first","11":"instock","12":"shipping-taxable","13":"purchasable","14":"product-type-simple"},"_links":{"self":[{"href":"https:\/\/flakhobby.com\/sr\/wp-json\/wp\/v2\/product\/29118","targetHints":{"allow":["GET"]}}],"collection":[{"href":"https:\/\/flakhobby.com\/sr\/wp-json\/wp\/v2\/product"}],"about":[{"href":"https:\/\/flakhobby.com\/sr\/wp-json\/wp\/v2\/types\/product"}],"version-history":[{"count":1,"href":"https:\/\/flakhobby.com\/sr\/wp-json\/wp\/v2\/product\/29118\/revisions"}],"predecessor-version":[{"id":29120,"href":"https:\/\/flakhobby.com\/sr\/wp-json\/wp\/v2\/product\/29118\/revisions\/29120"}],"wp:featuredmedia":[{"embeddable":true,"href":"https:\/\/flakhobby.com\/sr\/wp-json\/wp\/v2\/media\/29119"}],"wp:attachment":[{"href":"https:\/\/flakhobby.com\/sr\/wp-json\/wp\/v2\/media?parent=29118"}],"wp:term":[{"taxonomy":"product_brand","embeddable":true,"href":"https:\/\/flakhobby.com\/sr\/wp-json\/wp\/v2\/product_brand?post=29118"},{"taxonomy":"product_cat","embeddable":true,"href":"https:\/\/flakhobby.com\/sr\/wp-json\/wp\/v2\/product_cat?post=29118"},{"taxonomy":"product_tag","embeddable":true,"href":"https:\/\/flakhobby.com\/sr\/wp-json\/wp\/v2\/product_tag?post=29118"}],"curies":[{"name":"wp","href":"https:\/\/api.w.org\/{rel}","templated":true}]}}