{"id":28890,"date":"2026-02-06T21:21:36","date_gmt":"2026-02-06T20:21:36","guid":{"rendered":"https:\/\/flakhobby.com\/?post_type=product&#038;p=28890"},"modified":"2026-02-06T21:22:34","modified_gmt":"2026-02-06T20:22:34","slug":"1-72-pzl-p-11b-early-k-series","status":"publish","type":"product","link":"https:\/\/flakhobby.com\/sr\/\u043f\u0440\u043e\u0438\u0437\u0432\u043e\u0434\/1-72-pzl-p-11b-early-k-series\/","title":{"rendered":"1\/72 &#8211; PZL P.11B Early (K-Series)"},"content":{"rendered":"<p>Oznake:<\/p>\n<h5>PZL P.11b-K<\/h5>\n<h6><img decoding=\"async\" title=\"RO\" src=\"https:\/\/www.scalemates.com\/s\/images\/flags7\/32\/RO.png\" alt=\"RO\" width=\"16\" height=\"16\" \/> Aeronautica Regal\u0103 Rom\u00e2n\u0103<span class=\"nw\"> (Romanian Royal Aeronautics 1915-1941)<\/span><\/h6>\n<ul class=\"ut\">\n<li class=\"dc p05\"><strong>Flotila 2 V\u00e2n\u0103toare, Grupul 4 V\u00e2n\u0103toare<\/strong> <span class=\"nw bgd\">17<\/span><br \/>\n<span class=\"nw bgb\">July 1940<\/span> &#8211; Turda<br \/>\nKhaki brown, Terracota, Light green, Bluish grey<\/li>\n<li class=\"dc p05\"><strong>Flotila 2 V\u00e2n\u0103toare, Grupul 4 V\u00e2n\u0103toare<\/strong> <span class=\"nw bgd\">19<\/span><br \/>\n<span class=\"nw bgb\">July 1940<\/span> &#8211; Turda<br \/>\nKhaki brown, Terracota, Olive green, Light green, Bluish grey<\/li>\n<li class=\"dc p05\"><strong>\u015ecoala de Perfec\u021bionare pentru V\u00e2n\u0103toare<\/strong> <span class=\"nw bgd\">6<\/span><br \/>\n<span class=\"nw bgb\">September 1940<\/span> &#8211; Ghimbav<br \/>\nKhaki brown, Terracota, Olive green, Light green, Bluish grey<\/li>\n<\/ul>","protected":false},"excerpt":{"rendered":"<p>Sadr\u017ei:<\/p>\n<ul>\n<li>Plasti\u010dna maketa za sklapanje &#8211; 1\/72<\/li>\n<li>Eceraj<\/li>\n<li>Dekali<\/li>\n<li>Sastavnica<\/li>\n<\/ul>","protected":false},"featured_media":28891,"template":"","meta":[],"product_brand":[],"product_cat":[15,329],"product_tag":[],"class_list":{"0":"post-28890","1":"product","2":"type-product","3":"status-publish","4":"has-post-thumbnail","6":"product_cat-plasticne-makete","7":"product_cat-vojni-avioni-i-helikopteri","8":"pa_brand-ibg-models","10":"first","11":"instock","12":"shipping-taxable","13":"purchasable","14":"product-type-simple"},"_links":{"self":[{"href":"https:\/\/flakhobby.com\/sr\/wp-json\/wp\/v2\/product\/28890","targetHints":{"allow":["GET"]}}],"collection":[{"href":"https:\/\/flakhobby.com\/sr\/wp-json\/wp\/v2\/product"}],"about":[{"href":"https:\/\/flakhobby.com\/sr\/wp-json\/wp\/v2\/types\/product"}],"version-history":[{"count":1,"href":"https:\/\/flakhobby.com\/sr\/wp-json\/wp\/v2\/product\/28890\/revisions"}],"predecessor-version":[{"id":28892,"href":"https:\/\/flakhobby.com\/sr\/wp-json\/wp\/v2\/product\/28890\/revisions\/28892"}],"wp:featuredmedia":[{"embeddable":true,"href":"https:\/\/flakhobby.com\/sr\/wp-json\/wp\/v2\/media\/28891"}],"wp:attachment":[{"href":"https:\/\/flakhobby.com\/sr\/wp-json\/wp\/v2\/media?parent=28890"}],"wp:term":[{"taxonomy":"product_brand","embeddable":true,"href":"https:\/\/flakhobby.com\/sr\/wp-json\/wp\/v2\/product_brand?post=28890"},{"taxonomy":"product_cat","embeddable":true,"href":"https:\/\/flakhobby.com\/sr\/wp-json\/wp\/v2\/product_cat?post=28890"},{"taxonomy":"product_tag","embeddable":true,"href":"https:\/\/flakhobby.com\/sr\/wp-json\/wp\/v2\/product_tag?post=28890"}],"curies":[{"name":"wp","href":"https:\/\/api.w.org\/{rel}","templated":true}]}}