{"id":28098,"date":"2025-11-11T14:38:53","date_gmt":"2025-11-11T14:38:53","guid":{"rendered":"https:\/\/flakhobby.com\/?post_type=product&#038;p=28098"},"modified":"2025-11-11T14:39:50","modified_gmt":"2025-11-11T14:39:50","slug":"polusjajni-lak-100ml","status":"publish","type":"product","link":"https:\/\/flakhobby.com\/sr\/\u043f\u0440\u043e\u0438\u0437\u0432\u043e\u0434\/polusjajni-lak-100ml\/","title":{"rendered":"Polusjajni Lak &#8211; 100mL"},"content":{"rendered":"<p>Mo\u017ee se nanositi \u010detkicom i erbra\u0161em. Bez mirisa, nije toksi\u010dan i mo\u017ee se razrediti vodom.<\/p>","protected":false},"excerpt":{"rendered":"<p>Polusjajni akrilni lak &#8211; 100mL<\/p>","protected":false},"featured_media":28099,"template":"","meta":[],"product_brand":[],"product_cat":[339,358,363],"product_tag":[],"class_list":{"0":"post-28098","1":"product","2":"type-product","3":"status-publish","4":"has-post-thumbnail","6":"product_cat-boje-i-razredivaci","7":"product_cat-maketarski-alat-i-pribor","8":"product_cat-lakovi","9":"pa_brand-ak-interactive","11":"first","12":"instock","13":"shipping-taxable","14":"purchasable","15":"product-type-simple"},"_links":{"self":[{"href":"https:\/\/flakhobby.com\/sr\/wp-json\/wp\/v2\/product\/28098","targetHints":{"allow":["GET"]}}],"collection":[{"href":"https:\/\/flakhobby.com\/sr\/wp-json\/wp\/v2\/product"}],"about":[{"href":"https:\/\/flakhobby.com\/sr\/wp-json\/wp\/v2\/types\/product"}],"version-history":[{"count":1,"href":"https:\/\/flakhobby.com\/sr\/wp-json\/wp\/v2\/product\/28098\/revisions"}],"predecessor-version":[{"id":28100,"href":"https:\/\/flakhobby.com\/sr\/wp-json\/wp\/v2\/product\/28098\/revisions\/28100"}],"wp:featuredmedia":[{"embeddable":true,"href":"https:\/\/flakhobby.com\/sr\/wp-json\/wp\/v2\/media\/28099"}],"wp:attachment":[{"href":"https:\/\/flakhobby.com\/sr\/wp-json\/wp\/v2\/media?parent=28098"}],"wp:term":[{"taxonomy":"product_brand","embeddable":true,"href":"https:\/\/flakhobby.com\/sr\/wp-json\/wp\/v2\/product_brand?post=28098"},{"taxonomy":"product_cat","embeddable":true,"href":"https:\/\/flakhobby.com\/sr\/wp-json\/wp\/v2\/product_cat?post=28098"},{"taxonomy":"product_tag","embeddable":true,"href":"https:\/\/flakhobby.com\/sr\/wp-json\/wp\/v2\/product_tag?post=28098"}],"curies":[{"name":"wp","href":"https:\/\/api.w.org\/{rel}","templated":true}]}}