{"id":28059,"date":"2025-11-11T12:59:11","date_gmt":"2025-11-11T12:59:11","guid":{"rendered":"https:\/\/flakhobby.com\/?post_type=product&#038;p=28059"},"modified":"2025-11-11T13:03:10","modified_gmt":"2025-11-11T13:03:10","slug":"stap-smirgla-ekstra-fina-3000","status":"publish","type":"product","link":"https:\/\/flakhobby.com\/sr\/\u043f\u0440\u043e\u0438\u0437\u0432\u043e\u0434\/stap-smirgla-ekstra-fina-3000\/","title":{"rendered":"\u0160tap \u0161mirgla &#8211; Ekstra Fina #3000"},"content":{"rendered":"","protected":false},"excerpt":{"rendered":"<p>\u0160mirgla &#8211; #3000<\/p>","protected":false},"featured_media":28060,"template":"","meta":[],"product_brand":[],"product_cat":[358,367],"product_tag":[],"class_list":{"0":"post-28059","1":"product","2":"type-product","3":"status-publish","4":"has-post-thumbnail","6":"product_cat-maketarski-alat-i-pribor","7":"product_cat-rucni-alat-smirgle-konac-za-rigging","8":"pa_brand-ak-interactive","10":"first","11":"instock","12":"shipping-taxable","13":"purchasable","14":"product-type-simple"},"_links":{"self":[{"href":"https:\/\/flakhobby.com\/sr\/wp-json\/wp\/v2\/product\/28059","targetHints":{"allow":["GET"]}}],"collection":[{"href":"https:\/\/flakhobby.com\/sr\/wp-json\/wp\/v2\/product"}],"about":[{"href":"https:\/\/flakhobby.com\/sr\/wp-json\/wp\/v2\/types\/product"}],"version-history":[{"count":2,"href":"https:\/\/flakhobby.com\/sr\/wp-json\/wp\/v2\/product\/28059\/revisions"}],"predecessor-version":[{"id":28062,"href":"https:\/\/flakhobby.com\/sr\/wp-json\/wp\/v2\/product\/28059\/revisions\/28062"}],"wp:featuredmedia":[{"embeddable":true,"href":"https:\/\/flakhobby.com\/sr\/wp-json\/wp\/v2\/media\/28060"}],"wp:attachment":[{"href":"https:\/\/flakhobby.com\/sr\/wp-json\/wp\/v2\/media?parent=28059"}],"wp:term":[{"taxonomy":"product_brand","embeddable":true,"href":"https:\/\/flakhobby.com\/sr\/wp-json\/wp\/v2\/product_brand?post=28059"},{"taxonomy":"product_cat","embeddable":true,"href":"https:\/\/flakhobby.com\/sr\/wp-json\/wp\/v2\/product_cat?post=28059"},{"taxonomy":"product_tag","embeddable":true,"href":"https:\/\/flakhobby.com\/sr\/wp-json\/wp\/v2\/product_tag?post=28059"}],"curies":[{"name":"wp","href":"https:\/\/api.w.org\/{rel}","templated":true}]}}