{"id":27921,"date":"2025-11-03T15:15:47","date_gmt":"2025-11-03T15:15:47","guid":{"rendered":"https:\/\/flakhobby.com\/?post_type=product&#038;p=27921"},"modified":"2025-11-03T15:17:13","modified_gmt":"2025-11-03T15:17:13","slug":"synthetic-brush-tabletop-2","status":"publish","type":"product","link":"https:\/\/flakhobby.com\/sr\/\u043f\u0440\u043e\u0438\u0437\u0432\u043e\u0434\/synthetic-brush-tabletop-2\/","title":{"rendered":"Synthetic Brush &#8211; Tabletop 2"},"content":{"rendered":"<p>Tabletop \u010detkice su mekanije i finije od uobi\u010dajenih sinteti\u010dkih \u010detkica<\/p>","protected":false},"excerpt":{"rendered":"<p>Tabletop \u010detkica 2<\/p>","protected":false},"featured_media":27922,"template":"","meta":[],"product_brand":[],"product_cat":[358,360],"product_tag":[],"class_list":{"0":"post-27921","1":"product","2":"type-product","3":"status-publish","4":"has-post-thumbnail","6":"product_cat-maketarski-alat-i-pribor","7":"product_cat-cetkice","8":"pa_brand-ak-interactive","10":"first","11":"instock","12":"shipping-taxable","13":"purchasable","14":"product-type-simple"},"_links":{"self":[{"href":"https:\/\/flakhobby.com\/sr\/wp-json\/wp\/v2\/product\/27921","targetHints":{"allow":["GET"]}}],"collection":[{"href":"https:\/\/flakhobby.com\/sr\/wp-json\/wp\/v2\/product"}],"about":[{"href":"https:\/\/flakhobby.com\/sr\/wp-json\/wp\/v2\/types\/product"}],"version-history":[{"count":1,"href":"https:\/\/flakhobby.com\/sr\/wp-json\/wp\/v2\/product\/27921\/revisions"}],"predecessor-version":[{"id":27924,"href":"https:\/\/flakhobby.com\/sr\/wp-json\/wp\/v2\/product\/27921\/revisions\/27924"}],"wp:featuredmedia":[{"embeddable":true,"href":"https:\/\/flakhobby.com\/sr\/wp-json\/wp\/v2\/media\/27922"}],"wp:attachment":[{"href":"https:\/\/flakhobby.com\/sr\/wp-json\/wp\/v2\/media?parent=27921"}],"wp:term":[{"taxonomy":"product_brand","embeddable":true,"href":"https:\/\/flakhobby.com\/sr\/wp-json\/wp\/v2\/product_brand?post=27921"},{"taxonomy":"product_cat","embeddable":true,"href":"https:\/\/flakhobby.com\/sr\/wp-json\/wp\/v2\/product_cat?post=27921"},{"taxonomy":"product_tag","embeddable":true,"href":"https:\/\/flakhobby.com\/sr\/wp-json\/wp\/v2\/product_tag?post=27921"}],"curies":[{"name":"wp","href":"https:\/\/api.w.org\/{rel}","templated":true}]}}