{"id":27855,"date":"2025-11-03T13:55:26","date_gmt":"2025-11-03T13:55:26","guid":{"rendered":"https:\/\/flakhobby.com\/?post_type=product&#038;p=27855"},"modified":"2025-11-03T13:56:01","modified_gmt":"2025-11-03T13:56:01","slug":"playmarker-gold","status":"publish","type":"product","link":"https:\/\/flakhobby.com\/sr\/\u043f\u0440\u043e\u0438\u0437\u0432\u043e\u0434\/playmarker-gold\/","title":{"rendered":"Playmarker &#8211; Gold"},"content":{"rendered":"<p>Akrilni markeri sa finom \u010detkicom. Brzosu\u0161e\u0107i. Vodootporni.<br \/>\nOdli\u010dno le\u017ee na plastiku, rezin, metal i drvene povr\u0161ine.<br \/>\nMo\u017ee se nanositi u vi\u0161e slojeva.<\/p>\n<p>&nbsp;<\/p>","protected":false},"excerpt":{"rendered":"<p>Akrilni marker<\/p>","protected":false},"featured_media":27856,"template":"","meta":[],"product_brand":[],"product_cat":[649,339],"product_tag":[],"class_list":{"0":"post-27855","1":"product","2":"type-product","3":"status-publish","4":"has-post-thumbnail","6":"product_cat-ak-playmarkers","7":"product_cat-boje-i-razredivaci","8":"pa_brand-ak-interactive","10":"first","11":"instock","12":"shipping-taxable","13":"purchasable","14":"product-type-simple"},"_links":{"self":[{"href":"https:\/\/flakhobby.com\/sr\/wp-json\/wp\/v2\/product\/27855","targetHints":{"allow":["GET"]}}],"collection":[{"href":"https:\/\/flakhobby.com\/sr\/wp-json\/wp\/v2\/product"}],"about":[{"href":"https:\/\/flakhobby.com\/sr\/wp-json\/wp\/v2\/types\/product"}],"version-history":[{"count":1,"href":"https:\/\/flakhobby.com\/sr\/wp-json\/wp\/v2\/product\/27855\/revisions"}],"predecessor-version":[{"id":27857,"href":"https:\/\/flakhobby.com\/sr\/wp-json\/wp\/v2\/product\/27855\/revisions\/27857"}],"wp:featuredmedia":[{"embeddable":true,"href":"https:\/\/flakhobby.com\/sr\/wp-json\/wp\/v2\/media\/27856"}],"wp:attachment":[{"href":"https:\/\/flakhobby.com\/sr\/wp-json\/wp\/v2\/media?parent=27855"}],"wp:term":[{"taxonomy":"product_brand","embeddable":true,"href":"https:\/\/flakhobby.com\/sr\/wp-json\/wp\/v2\/product_brand?post=27855"},{"taxonomy":"product_cat","embeddable":true,"href":"https:\/\/flakhobby.com\/sr\/wp-json\/wp\/v2\/product_cat?post=27855"},{"taxonomy":"product_tag","embeddable":true,"href":"https:\/\/flakhobby.com\/sr\/wp-json\/wp\/v2\/product_tag?post=27855"}],"curies":[{"name":"wp","href":"https:\/\/api.w.org\/{rel}","templated":true}]}}