{"id":27380,"date":"2025-08-12T12:22:42","date_gmt":"2025-08-12T12:22:42","guid":{"rendered":"https:\/\/flakhobby.com\/?post_type=product&#038;p=27380"},"modified":"2025-08-12T12:26:21","modified_gmt":"2025-08-12T12:26:21","slug":"1-48-airspeed-oxford-mk-i-ii-foreign-service","status":"publish","type":"product","link":"https:\/\/flakhobby.com\/sr\/\u043f\u0440\u043e\u0438\u0437\u0432\u043e\u0434\/1-48-airspeed-oxford-mk-i-ii-foreign-service\/","title":{"rendered":"1\/48 &#8211; Airspeed Oxford Mk.I\/II Foreign Service"},"content":{"rendered":"<p>Oznake:<\/p>\n<h4>Airspeed AS.10 Oxford<\/h4>\n<h6><img decoding=\"async\" title=\"BE\" src=\"https:\/\/www.scalemates.com\/s\/images\/flags7\/32\/BE.png\" alt=\"BE\" width=\"16\" height=\"16\" \/> Belgisch militair vliegwezen-Aviation militaire belge<span class=\"nw\"> (Belgian Air Force 1946-1949)<\/span><\/h6>\n<ul class=\"ut\">\n<li class=\"dc p05\"><strong>Ecole de Pilotage<\/strong> <span class=\"nw bgd\">O-18<\/span><br \/>\n<span class=\"nw bgb\">1947<\/span><\/li>\n<\/ul>\n<h6><img decoding=\"async\" title=\"CSK\" src=\"https:\/\/www.scalemates.com\/s\/images\/flags7\/32\/CSK.png\" alt=\"CSK\" width=\"16\" height=\"16\" \/> \u010ceskoslovensk\u00e9 vojensk\u00e9 letectvo<span class=\"nw\"> (Czechoslovak Air Force 1940-1993)<\/span><\/h6>\n<ul class=\"ut\">\n<li class=\"dc p05\"><strong>Leteck\u00e1 dopravn\u00ed skupina<\/strong> <span class=\"nw bgd\">L<\/span><br \/>\n<span class=\"nw bgb\">1945<\/span> &#8211; Praha-Ruzyn\u011b<\/li>\n<li class=\"dc p05\"><strong>Leteck\u00fd Pluk 24<\/strong> <span class=\"nw bgd\">KP-2<\/span><br \/>\n<span class=\"nw bgb\">1946<\/span><\/li>\n<li class=\"dc p05\"><strong>Leteck\u00fd Pluk 24<\/strong> <span class=\"nw bgd\">IY-11<\/span><br \/>\n<span class=\"nw bgb\">1947<\/span><\/li>\n<\/ul>\n<h6><img decoding=\"async\" title=\"NL\" src=\"https:\/\/www.scalemates.com\/s\/images\/flags7\/32\/NL.png\" alt=\"NL\" width=\"16\" height=\"16\" \/> Koninklijke Marine Luchtvaartdienst<span class=\"nw\"> (Royal Netherlands Naval Air Service 1914-now)<\/span><\/h6>\n<ul class=\"ut\">\n<li class=\"dc p05\"><strong>320 Sqn.<\/strong> <span class=\"nw bgd\">18-2<\/span><br \/>\n<span class=\"nw bgb\">1950<\/span><\/li>\n<\/ul>\n<h6><img loading=\"lazy\" decoding=\"async\" title=\"US\" src=\"https:\/\/www.scalemates.com\/s\/images\/flags7\/32\/US.png\" alt=\"US\" width=\"16\" height=\"16\" \/> US Army Air Forces<span class=\"nw\"> (1941-1947)<\/span><\/h6>\n<ul class=\"ut\">\n<li class=\"dc p05\"><strong>94 CBW<\/strong> <span class=\"nw bgd\">DF399 Yellow D<\/span><br \/>\n<span class=\"nw bgb\">1944<\/span> &#8211; Polebrook<\/li>\n<\/ul>\n<p>&nbsp;<\/p>","protected":false},"excerpt":{"rendered":"<p>Sadr\u017ei:<\/p>\n<ul>\n<li>Plasti\u010dna maketa &#8211; 1\/48<\/li>\n<li>Dekali<\/li>\n<li>Sastavnica<\/li>\n<\/ul>","protected":false},"featured_media":27381,"template":"","meta":[],"product_brand":[],"product_cat":[15,329],"product_tag":[],"class_list":{"0":"post-27380","1":"product","2":"type-product","3":"status-publish","4":"has-post-thumbnail","6":"product_cat-plasticne-makete","7":"product_cat-vojni-avioni-i-helikopteri","8":"pa_brand-special-hobby","10":"first","11":"instock","12":"shipping-taxable","13":"purchasable","14":"product-type-simple"},"_links":{"self":[{"href":"https:\/\/flakhobby.com\/sr\/wp-json\/wp\/v2\/product\/27380","targetHints":{"allow":["GET"]}}],"collection":[{"href":"https:\/\/flakhobby.com\/sr\/wp-json\/wp\/v2\/product"}],"about":[{"href":"https:\/\/flakhobby.com\/sr\/wp-json\/wp\/v2\/types\/product"}],"version-history":[{"count":1,"href":"https:\/\/flakhobby.com\/sr\/wp-json\/wp\/v2\/product\/27380\/revisions"}],"predecessor-version":[{"id":27382,"href":"https:\/\/flakhobby.com\/sr\/wp-json\/wp\/v2\/product\/27380\/revisions\/27382"}],"wp:featuredmedia":[{"embeddable":true,"href":"https:\/\/flakhobby.com\/sr\/wp-json\/wp\/v2\/media\/27381"}],"wp:attachment":[{"href":"https:\/\/flakhobby.com\/sr\/wp-json\/wp\/v2\/media?parent=27380"}],"wp:term":[{"taxonomy":"product_brand","embeddable":true,"href":"https:\/\/flakhobby.com\/sr\/wp-json\/wp\/v2\/product_brand?post=27380"},{"taxonomy":"product_cat","embeddable":true,"href":"https:\/\/flakhobby.com\/sr\/wp-json\/wp\/v2\/product_cat?post=27380"},{"taxonomy":"product_tag","embeddable":true,"href":"https:\/\/flakhobby.com\/sr\/wp-json\/wp\/v2\/product_tag?post=27380"}],"curies":[{"name":"wp","href":"https:\/\/api.w.org\/{rel}","templated":true}]}}