{"id":27209,"date":"2025-08-07T14:22:52","date_gmt":"2025-08-07T14:22:52","guid":{"rendered":"https:\/\/flakhobby.com\/?post_type=product&#038;p=27209"},"modified":"2025-08-08T13:05:32","modified_gmt":"2025-08-08T13:05:32","slug":"1-48-supermarine-spitfire-f-mk-xviii-copy","status":"publish","type":"product","link":"https:\/\/flakhobby.com\/sr\/\u043f\u0440\u043e\u0438\u0437\u0432\u043e\u0434\/1-48-supermarine-spitfire-f-mk-xviii-copy\/","title":{"rendered":"1\/48 &#8211; Avro Anson Mk.I"},"content":{"rendered":"<p>Oznake:<\/p>\n<h5>Avro Anson Mk.I (late)<\/h5>\n<h6><img decoding=\"async\" title=\"GB\" src=\"https:\/\/www.scalemates.com\/s\/images\/flags7\/32\/GB.png\" alt=\"GB\" width=\"16\" height=\"16\" \/> Royal Navy Fleet Air Arm<span class=\"nw\"> (1937-now)<\/span><\/h6>\n<ul class=\"ut\">\n<li class=\"dc p05\"><strong>Sydenham Station Flight<\/strong> <span class=\"nw bgd\">SZ-999 | NK201<\/span><br \/>\n<span class=\"nw bgb\">September 1955<\/span> &#8211; RNAS Sydenham, Belfast<br \/>\n<a class=\"nw w4 pf\" title=\"\" href=\"https:\/\/www.scalemates.com\/colors\/colorchip.php?id=127\" rel=\"nofollow noopener\" target=\"_blank\">FS17178<\/a><\/li>\n<\/ul>\n<h6><img decoding=\"async\" title=\"GR\" src=\"https:\/\/www.scalemates.com\/s\/images\/flags7\/32\/GR.png\" alt=\"GR\" width=\"16\" height=\"16\" \/> Ellinik\u00ed Vasilik\u00ed Aeropor\u00eda<span class=\"nw\"> (Greek-Royal Hellenic Air Force 1935-1973)<\/span><\/h6>\n<ul class=\"ut\">\n<li class=\"dc p05\"><strong>13 Light Bomber Sqn. (13 MEB)<\/strong> <span class=\"nw bgd\">N61<\/span><br \/>\n<span class=\"nw bgb\">May 1941<\/span> World War 2\u00bbNorth Africa Campaign &#8211; Dekheila <img decoding=\"async\" title=\"EG\" src=\"https:\/\/www.scalemates.com\/s\/images\/flags7\/32\/EG.png\" alt=\"EG\" width=\"16\" height=\"16\" \/><br \/>\n<a class=\"nw w4 pf\" title=\"\" href=\"https:\/\/www.scalemates.com\/colors\/colorchip.php?id=1642\" rel=\"nofollow noopener\" target=\"_blank\">FS34079<\/a> <a class=\"nw w4 pf\" title=\"\" href=\"https:\/\/www.scalemates.com\/colors\/colorchip.php?id=1566\" rel=\"nofollow noopener\" target=\"_blank\">FS30118<\/a> <a class=\"nw w4 pf\" title=\"\" href=\"https:\/\/www.scalemates.com\/colors\/colorchip.php?id=1764\" rel=\"nofollow noopener\" target=\"_blank\">FS37038<\/a><\/li>\n<li class=\"dc p05\"><strong>13 Mira<\/strong> <span class=\"nw bgd\">N61<\/span><br \/>\n<span class=\"nw bgb\">April 1941<\/span> World War 2\u00bbBattle of Greece &#8211; Hellenikon<br \/>\n<a class=\"nw w4 pf\" title=\"\" href=\"https:\/\/www.scalemates.com\/colors\/colorchip.php?id=1642\" rel=\"nofollow noopener\" target=\"_blank\">FS34079<\/a> <a class=\"nw w4 pf\" title=\"\" href=\"https:\/\/www.scalemates.com\/colors\/colorchip.php?id=1566\" rel=\"nofollow noopener\" target=\"_blank\">FS30118<\/a> <a class=\"nw w4 pf\" title=\"\" href=\"https:\/\/www.scalemates.com\/colors\/colorchip.php?id=1764\" rel=\"nofollow noopener\" target=\"_blank\">FS37038<\/a><\/li>\n<\/ul>\n<h6><img loading=\"lazy\" decoding=\"async\" title=\"PT\" src=\"https:\/\/www.scalemates.com\/s\/images\/flags7\/32\/PT.png\" alt=\"PT\" width=\"16\" height=\"16\" \/> Arma da Aeron\u00e1utica Militar<span class=\"nw\"> (Portuguese Military Aeronautics Arm 1918-1952)<\/span><\/h6>\n<ul class=\"ut\">\n<li class=\"dc p05\"><strong>Esq. de Treino e Transporte (ETT)<\/strong> <span class=\"nw bgd\">214 (ex-NK437)<\/span><br \/>\n<span class=\"nw bgb\">1947<\/span> &#8211; Granja do Marqu\u00eas<br \/>\n<a class=\"nw w4 pf\" title=\"\" href=\"https:\/\/www.scalemates.com\/colors\/colorchip.php?id=127\" rel=\"nofollow noopener\" target=\"_blank\">FS17178<\/a><\/li>\n<\/ul>","protected":false},"excerpt":{"rendered":"<p>Sadr\u017ei:<\/p>\n<ul>\n<li>Plasti\u010dna maketa 1\/48<\/li>\n<li>Dekali<\/li>\n<li>Sastavnica<\/li>\n<\/ul>","protected":false},"featured_media":27210,"template":"","meta":[],"product_brand":[],"product_cat":[15,329],"product_tag":[],"class_list":{"0":"post-27209","1":"product","2":"type-product","3":"status-publish","4":"has-post-thumbnail","6":"product_cat-plasticne-makete","7":"product_cat-vojni-avioni-i-helikopteri","8":"pa_brand-airfix","10":"first","11":"instock","12":"shipping-taxable","13":"purchasable","14":"product-type-simple"},"_links":{"self":[{"href":"https:\/\/flakhobby.com\/sr\/wp-json\/wp\/v2\/product\/27209","targetHints":{"allow":["GET"]}}],"collection":[{"href":"https:\/\/flakhobby.com\/sr\/wp-json\/wp\/v2\/product"}],"about":[{"href":"https:\/\/flakhobby.com\/sr\/wp-json\/wp\/v2\/types\/product"}],"version-history":[{"count":3,"href":"https:\/\/flakhobby.com\/sr\/wp-json\/wp\/v2\/product\/27209\/revisions"}],"predecessor-version":[{"id":27213,"href":"https:\/\/flakhobby.com\/sr\/wp-json\/wp\/v2\/product\/27209\/revisions\/27213"}],"wp:featuredmedia":[{"embeddable":true,"href":"https:\/\/flakhobby.com\/sr\/wp-json\/wp\/v2\/media\/27210"}],"wp:attachment":[{"href":"https:\/\/flakhobby.com\/sr\/wp-json\/wp\/v2\/media?parent=27209"}],"wp:term":[{"taxonomy":"product_brand","embeddable":true,"href":"https:\/\/flakhobby.com\/sr\/wp-json\/wp\/v2\/product_brand?post=27209"},{"taxonomy":"product_cat","embeddable":true,"href":"https:\/\/flakhobby.com\/sr\/wp-json\/wp\/v2\/product_cat?post=27209"},{"taxonomy":"product_tag","embeddable":true,"href":"https:\/\/flakhobby.com\/sr\/wp-json\/wp\/v2\/product_tag?post=27209"}],"curies":[{"name":"wp","href":"https:\/\/api.w.org\/{rel}","templated":true}]}}