{"id":26943,"date":"2025-07-12T13:23:02","date_gmt":"2025-07-12T13:23:02","guid":{"rendered":"https:\/\/flakhobby.com\/?post_type=product&#038;p=26943"},"modified":"2026-01-21T22:39:28","modified_gmt":"2026-01-21T21:39:28","slug":"soveit-protective-green-khv-518","status":"publish","type":"product","link":"https:\/\/flakhobby.com\/sr\/\u043f\u0440\u043e\u0438\u0437\u0432\u043e\u0434\/soveit-protective-green-khv-518\/","title":{"rendered":"Soveit Protective Green KhV-518"},"content":{"rendered":"<p>MR Paint je akrilna boja namenjena prskanju erbra\u0161em. Boja je razre\u0111ena i odmah spremna za kori\u0161\u0107enje. Ukoliko postoji potreba mo\u017ee se dodatno razrediti MRP Mr.<em> Thinner <\/em>razre\u0111iva\u010dem. Za \u010di\u0161\u0107enje se mo\u017ee koristiti MRP\u00a0<em>Mr. Cleaner\u00a0<\/em>ili bilo koje drugo sredstvo za \u010di\u0161\u0107enje erbra\u0161a.<br \/>\nUkoliko nije druga\u010dije nagla\u0161eno boje se su\u0161e sa polumat fini\u0161em.<\/p>","protected":false},"excerpt":{"rendered":"<p>Boja za erbra\u0161 &#8211; 30mL<\/p>\n<p>KhV-518 T-54\/55\/62\/64\/72<\/p>\n<p>&nbsp;<\/p>","protected":false},"featured_media":26944,"template":"","meta":[],"product_brand":[],"product_cat":[339,624],"product_tag":[],"class_list":{"0":"post-26943","1":"product","2":"type-product","3":"status-publish","4":"has-post-thumbnail","6":"product_cat-boje-i-razredivaci","7":"product_cat-mrp","8":"pa_brand-mrp","9":"pa_serija-soviet-russian","11":"first","12":"instock","13":"shipping-taxable","14":"purchasable","15":"product-type-simple"},"_links":{"self":[{"href":"https:\/\/flakhobby.com\/sr\/wp-json\/wp\/v2\/product\/26943","targetHints":{"allow":["GET"]}}],"collection":[{"href":"https:\/\/flakhobby.com\/sr\/wp-json\/wp\/v2\/product"}],"about":[{"href":"https:\/\/flakhobby.com\/sr\/wp-json\/wp\/v2\/types\/product"}],"version-history":[{"count":3,"href":"https:\/\/flakhobby.com\/sr\/wp-json\/wp\/v2\/product\/26943\/revisions"}],"predecessor-version":[{"id":27517,"href":"https:\/\/flakhobby.com\/sr\/wp-json\/wp\/v2\/product\/26943\/revisions\/27517"}],"wp:featuredmedia":[{"embeddable":true,"href":"https:\/\/flakhobby.com\/sr\/wp-json\/wp\/v2\/media\/26944"}],"wp:attachment":[{"href":"https:\/\/flakhobby.com\/sr\/wp-json\/wp\/v2\/media?parent=26943"}],"wp:term":[{"taxonomy":"product_brand","embeddable":true,"href":"https:\/\/flakhobby.com\/sr\/wp-json\/wp\/v2\/product_brand?post=26943"},{"taxonomy":"product_cat","embeddable":true,"href":"https:\/\/flakhobby.com\/sr\/wp-json\/wp\/v2\/product_cat?post=26943"},{"taxonomy":"product_tag","embeddable":true,"href":"https:\/\/flakhobby.com\/sr\/wp-json\/wp\/v2\/product_tag?post=26943"}],"curies":[{"name":"wp","href":"https:\/\/api.w.org\/{rel}","templated":true}]}}