{"id":26566,"date":"2025-05-13T11:47:58","date_gmt":"2025-05-13T11:47:58","guid":{"rendered":"https:\/\/flakhobby.com\/?post_type=product&#038;p=26566"},"modified":"2025-05-13T11:47:59","modified_gmt":"2025-05-13T11:47:59","slug":"1-72-pzl-23b-karas-polish-light-bomber-in-romanian-service","status":"publish","type":"product","link":"https:\/\/flakhobby.com\/sr\/\u043f\u0440\u043e\u0438\u0437\u0432\u043e\u0434\/1-72-pzl-23b-karas-polish-light-bomber-in-romanian-service\/","title":{"rendered":"1\/72 &#8211; PZL.23B Kara\u015b Polish Light Bomber in Romanian Service"},"content":{"rendered":"<p>Oznake:<\/p>\n<h5>PZL P.23B Karas<\/h5>\n<h6><img decoding=\"async\" title=\"RO\" src=\"https:\/\/www.scalemates.com\/s\/images\/flags7\/32\/RO.png\" alt=\"RO\" width=\"16\" height=\"16\" \/> Aeronautica Regal\u0103 Rom\u00e2n\u0103<span class=\"nw\"> (Romanian Royal Aeronautics 1915-1941)<\/span><\/h6>\n<ul class=\"ut\">\n<li class=\"dc p05\"><strong>\u015ecoala de Tir si Bombardament<\/strong> <span class=\"nw bgd\">7<\/span><br \/>\n<span class=\"nw bgb\">September 1940<\/span><\/li>\n<\/ul>\n<h6><img decoding=\"async\" title=\"RO\" src=\"https:\/\/www.scalemates.com\/s\/images\/flags7\/32\/RO.png\" alt=\"RO\" width=\"16\" height=\"16\" \/> Aeronautica Regal\u0103 Rom\u00e2n\u0103<span class=\"nw\"> (Romanian Royal Aeronautics 1941-1944)<\/span><\/h6>\n<ul class=\"ut\">\n<li class=\"dc p05\"><strong>Esc. 73 Bombardament<\/strong> <span class=\"nw bgd\">13<\/span><br \/>\n<span class=\"nw bgb\">May 1941<\/span> &#8211; Tecuci<\/li>\n<\/ul>","protected":false},"excerpt":{"rendered":"<p>Sadr\u017ei:<\/p>\n<ul>\n<li>Plasti\u010dna maketa &#8211; 1\/72<\/li>\n<li>Dekali<\/li>\n<li>Sastavnica<\/li>\n<\/ul>","protected":false},"featured_media":26567,"template":"","meta":[],"product_brand":[],"product_cat":[15,329],"product_tag":[],"class_list":{"0":"post-26566","1":"product","2":"type-product","3":"status-publish","4":"has-post-thumbnail","6":"product_cat-plasticne-makete","7":"product_cat-vojni-avioni-i-helikopteri","8":"pa_brand-ibg-models","10":"first","11":"instock","12":"shipping-taxable","13":"purchasable","14":"product-type-simple"},"_links":{"self":[{"href":"https:\/\/flakhobby.com\/sr\/wp-json\/wp\/v2\/product\/26566","targetHints":{"allow":["GET"]}}],"collection":[{"href":"https:\/\/flakhobby.com\/sr\/wp-json\/wp\/v2\/product"}],"about":[{"href":"https:\/\/flakhobby.com\/sr\/wp-json\/wp\/v2\/types\/product"}],"version-history":[{"count":2,"href":"https:\/\/flakhobby.com\/sr\/wp-json\/wp\/v2\/product\/26566\/revisions"}],"predecessor-version":[{"id":26569,"href":"https:\/\/flakhobby.com\/sr\/wp-json\/wp\/v2\/product\/26566\/revisions\/26569"}],"wp:featuredmedia":[{"embeddable":true,"href":"https:\/\/flakhobby.com\/sr\/wp-json\/wp\/v2\/media\/26567"}],"wp:attachment":[{"href":"https:\/\/flakhobby.com\/sr\/wp-json\/wp\/v2\/media?parent=26566"}],"wp:term":[{"taxonomy":"product_brand","embeddable":true,"href":"https:\/\/flakhobby.com\/sr\/wp-json\/wp\/v2\/product_brand?post=26566"},{"taxonomy":"product_cat","embeddable":true,"href":"https:\/\/flakhobby.com\/sr\/wp-json\/wp\/v2\/product_cat?post=26566"},{"taxonomy":"product_tag","embeddable":true,"href":"https:\/\/flakhobby.com\/sr\/wp-json\/wp\/v2\/product_tag?post=26566"}],"curies":[{"name":"wp","href":"https:\/\/api.w.org\/{rel}","templated":true}]}}