{"id":24449,"date":"2024-12-02T14:59:56","date_gmt":"2024-12-02T14:59:56","guid":{"rendered":"https:\/\/flakhobby.com\/?post_type=product&#038;p=24449"},"modified":"2025-07-15T13:30:25","modified_gmt":"2025-07-15T13:30:25","slug":"1-48-spitfire-story-per-aspera-ad-astra-dual-combo","status":"publish","type":"product","link":"https:\/\/flakhobby.com\/sr\/\u043f\u0440\u043e\u0438\u0437\u0432\u043e\u0434\/1-48-spitfire-story-per-aspera-ad-astra-dual-combo\/","title":{"rendered":"1\/48 &#8211; Spitfire Story: Per Aspera ad Astra Dual Combo"},"content":{"rendered":"<p>Oznake:<\/p>\n<h5>Supermarine Spitfire Mk.V<\/h5>\n<h6><img decoding=\"async\" title=\"GB\" src=\"https:\/\/www.scalemates.com\/s\/images\/flags7\/32\/GB.png\" alt=\"GB\" width=\"16\" height=\"16\" \/> Royal Air Force<span class=\"nw\"> (1918-now)<\/span><\/h6>\n<ul class=\"ut\">\n<li class=\"dc p05\"><strong>No. 312 (Czechoslovak) Sqn.<\/strong> <span class=\"nw bgd\">DU-U | AR511<\/span> <em>(S\/Ldr. Tom\u00e1\u0161 Vyb\u00edral)<\/em><br \/>\n<span class=\"nw bgb\">November 1942<\/span> World War 2 &#8211; RAF Churchstanton, Somerset<br \/>\n<a class=\"nw w4 pf\" title=\"Dark Green\" href=\"https:\/\/www.scalemates.com\/colors\/colorchip.php?id=2824\" rel=\"nofollow noopener\" target=\"_blank\">BS381C:241<\/a> <a class=\"nw w4 pf\" title=\"\" href=\"https:\/\/www.scalemates.com\/colors\/colorchip.php?id=1730\" rel=\"nofollow noopener\" target=\"_blank\">FS36152<\/a> <a class=\"nw w4 pf\" title=\"Medium Sea Grey\" href=\"https:\/\/www.scalemates.com\/colors\/colorchip.php?id=2897\" rel=\"nofollow noopener\" target=\"_blank\">BS381C:637<\/a><\/li>\n<\/ul>\n<h5>Supermarine Spitfire Mk.Vc<\/h5>\n<h6><img decoding=\"async\" title=\"GB\" src=\"https:\/\/www.scalemates.com\/s\/images\/flags7\/32\/GB.png\" alt=\"GB\" width=\"16\" height=\"16\" \/> Royal Air Force<span class=\"nw\"> (1918-now)<\/span><\/h6>\n<ul class=\"ut\">\n<li class=\"dc p05\"><strong>142 Wing<\/strong> <span class=\"nw bgd\">J-MC | AB509<\/span> <em>(W\/Cdr. John M. Checketts)<\/em><br \/>\n<span class=\"nw bgb\">June 1944<\/span> World War 2\u00bbOperation Overlord &#8211; RAF Horne, Surrey<br \/>\n<a class=\"nw w4 pf\" title=\"Dark Green\" href=\"https:\/\/www.scalemates.com\/colors\/colorchip.php?id=2824\" rel=\"nofollow noopener\" target=\"_blank\">BS381C:241<\/a> <a class=\"nw w4 pf\" title=\"\" href=\"https:\/\/www.scalemates.com\/colors\/colorchip.php?id=1730\" rel=\"nofollow noopener\" target=\"_blank\">FS36152<\/a> <a class=\"nw w4 pf\" title=\"Medium Sea Grey\" href=\"https:\/\/www.scalemates.com\/colors\/colorchip.php?id=2897\" rel=\"nofollow noopener\" target=\"_blank\">BS381C:637<\/a><\/li>\n<li class=\"dc p05\"><strong>No. 303 (Polish) Sqn.<\/strong> <span class=\"nw bgd\">RF-Q | AB174<\/span> <span class=\"nw bgn\">OWCA<\/span> <em>(P\/O Antoni Glowacki)<\/em><br \/>\n<span class=\"nw bgb\">August 1942<\/span> World War 2 &#8211; RAF Northolt<br \/>\n<a class=\"nw w4 pf\" title=\"Dark Green\" href=\"https:\/\/www.scalemates.com\/colors\/colorchip.php?id=2824\" rel=\"nofollow noopener\" target=\"_blank\">BS381C:241<\/a> <a class=\"nw w4 pf\" title=\"\" href=\"https:\/\/www.scalemates.com\/colors\/colorchip.php?id=1730\" rel=\"nofollow noopener\" target=\"_blank\">FS36152<\/a> <a class=\"nw w4 pf\" title=\"Medium Sea Grey\" href=\"https:\/\/www.scalemates.com\/colors\/colorchip.php?id=2897\" rel=\"nofollow noopener\" target=\"_blank\">BS381C:637<\/a><\/li>\n<\/ul>\n<h6><img decoding=\"async\" title=\"US\" src=\"https:\/\/www.scalemates.com\/s\/images\/flags7\/32\/US.png\" alt=\"US\" width=\"16\" height=\"16\" \/> US Army Air Forces<span class=\"nw\"> (1941-1947)<\/span><\/h6>\n<ul class=\"ut\">\n<li class=\"dc p05\"><strong>5 FS, 52 FG, 12 AF<\/strong> <span class=\"nw bgd\">VF-R<\/span> <em>(Lt. John Anderson)<\/em><br \/>\n<span class=\"nw bgb\">February 1944<\/span> World War 2 &#8211; La Sabala <img decoding=\"async\" title=\"TN\" src=\"https:\/\/www.scalemates.com\/s\/images\/flags7\/32\/TN.png\" alt=\"TN\" width=\"16\" height=\"16\" \/><br \/>\n<a class=\"nw w4 pf\" title=\"Middle Stone\" href=\"https:\/\/www.scalemates.com\/colors\/colorchip.php?id=2915\" rel=\"nofollow noopener\" target=\"_blank\">BS381C:362<\/a> <a class=\"nw w4 pf\" title=\"Dark Earth\" href=\"https:\/\/www.scalemates.com\/colors\/colorchip.php?id=2840\" rel=\"nofollow noopener\" target=\"_blank\">BS381C:350<\/a> <a class=\"nw w4 pf\" title=\"Dark Green\" href=\"https:\/\/www.scalemates.com\/colors\/colorchip.php?id=2824\" rel=\"nofollow noopener\" target=\"_blank\">BS381C:241<\/a> <a class=\"nw w4 pf\" title=\"Azure Blue\" href=\"https:\/\/www.scalemates.com\/colors\/colorchip.php?id=2795\" rel=\"nofollow noopener\" target=\"_blank\">BS381C:104<\/a><\/li>\n<\/ul>\n<h5>Supermarine Spitfire Mk.Vc (Trop)<\/h5>\n<h6><img loading=\"lazy\" decoding=\"async\" title=\"AU\" src=\"https:\/\/www.scalemates.com\/s\/images\/flags7\/32\/AU.png\" alt=\"AU\" width=\"16\" height=\"16\" \/> Royal Australian Air Force<span class=\"nw\"> (1921-now)<\/span><\/h6>\n<ul class=\"ut\">\n<li class=\"dc p05\"><strong>1 Wing<\/strong> <span class=\"nw bgd\">CR-C | BS295<\/span> <em>(W\/Cdr. Clive R. Caldwell)<\/em><br \/>\n<span class=\"nw bgb\">June 1943<\/span> World War 2 &#8211; Strauss Airstrip, NT<br \/>\n<a class=\"nw w4 pf\" title=\"\" href=\"https:\/\/www.scalemates.com\/colors\/colorchip.php?id=1651\" rel=\"nofollow noopener\" target=\"_blank\">FS34092<\/a> <a class=\"nw w4 pf\" title=\"Dark Earth\" href=\"https:\/\/www.scalemates.com\/colors\/colorchip.php?id=2840\" rel=\"nofollow noopener\" target=\"_blank\">BS381C:350<\/a> <a class=\"nw w4 pf\" title=\"Azure Blue\" href=\"https:\/\/www.scalemates.com\/colors\/colorchip.php?id=2795\" rel=\"nofollow noopener\" target=\"_blank\">BS381C:104<\/a><\/li>\n<li class=\"dc p05\"><strong>No. 79 Sqn.<\/strong> <span class=\"nw bgd\">UP-V | A58-145<\/span> <span class=\"nw bgn\">Nipponese<\/span> <em>(F\/Lt. Llewellyn Wettenhall)<\/em><br \/>\n<span class=\"nw bgb\">December 1943<\/span> World War 2 &#8211; Kiriwina, Trobriand Islands <img loading=\"lazy\" decoding=\"async\" title=\"PG\" src=\"https:\/\/www.scalemates.com\/s\/images\/flags7\/32\/PG.png\" alt=\"PG\" width=\"16\" height=\"16\" \/><br \/>\n<a class=\"nw w4 pf\" title=\"\" href=\"https:\/\/www.scalemates.com\/colors\/colorchip.php?id=1651\" rel=\"nofollow noopener\" target=\"_blank\">FS34092<\/a> <a class=\"nw w4 pf\" title=\"Dark Earth\" href=\"https:\/\/www.scalemates.com\/colors\/colorchip.php?id=2840\" rel=\"nofollow noopener\" target=\"_blank\">BS381C:350<\/a> <a class=\"nw w4 pf\" title=\"Azure Blue\" href=\"https:\/\/www.scalemates.com\/colors\/colorchip.php?id=2795\" rel=\"nofollow noopener\" target=\"_blank\">BS381C:104<\/a><\/li>\n<\/ul>\n<h6><img decoding=\"async\" title=\"GB\" src=\"https:\/\/www.scalemates.com\/s\/images\/flags7\/32\/GB.png\" alt=\"GB\" width=\"16\" height=\"16\" \/> Royal Air Force<span class=\"nw\"> (1918-now)<\/span><\/h6>\n<ul class=\"ut\">\n<li class=\"dc p05\"><strong>No. 185 Sqn.<\/strong> <span class=\"nw bgd\">C-3 | BR349<\/span> <em>(P\/O John L. Boyd)<\/em><br \/>\n<span class=\"nw bgb\">May 1942<\/span> World War 2 &#8211; Ta&#8217; Qali <img loading=\"lazy\" decoding=\"async\" title=\"MT\" src=\"https:\/\/www.scalemates.com\/s\/images\/flags7\/32\/MT.png\" alt=\"MT\" width=\"16\" height=\"16\" \/><br \/>\n<a class=\"nw w4 pf\" title=\"Slate\" href=\"https:\/\/www.scalemates.com\/colors\/colorchip.php?id=2894\" rel=\"nofollow noopener\" target=\"_blank\">BS381C:634<\/a> <a class=\"nw w4 pf\" title=\"Extra Dark Sea Grey\" href=\"https:\/\/www.scalemates.com\/colors\/colorchip.php?id=2900\" rel=\"nofollow noopener\" target=\"_blank\">BS381C:640<\/a> <a class=\"nw w4 pf\" title=\"Sky\" href=\"https:\/\/www.scalemates.com\/colors\/colorchip.php?id=2811\" rel=\"nofollow noopener\" target=\"_blank\">BS381C:210<\/a><\/li>\n<li class=\"dc p05\"><strong>No. 185 Sqn.<\/strong> <span class=\"nw bgd\">GL-E | BR294<\/span> <em>(P\/O Donald G. Reid)<\/em><br \/>\n<span class=\"nw bgb\">June 1942<\/span> World War 2 &#8211; Hal Far <img loading=\"lazy\" decoding=\"async\" title=\"MT\" src=\"https:\/\/www.scalemates.com\/s\/images\/flags7\/32\/MT.png\" alt=\"MT\" width=\"16\" height=\"16\" \/><br \/>\n<a class=\"nw w4 pf\" title=\"\" href=\"https:\/\/www.scalemates.com\/colors\/colorchip.php?id=1708\" rel=\"nofollow noopener\" target=\"_blank\">FS35189<\/a> <a class=\"nw w4 pf\" title=\"Sky\" href=\"https:\/\/www.scalemates.com\/colors\/colorchip.php?id=2811\" rel=\"nofollow noopener\" target=\"_blank\">BS381C:210<\/a><\/li>\n<li class=\"dc p05\"><strong>No. 335 (Greek) Sqn.<\/strong> <span class=\"nw bgd\">M | JK891<\/span><br \/>\n<span class=\"nw bgb\">February 1945<\/span> World War 2 &#8211; Hassani <img loading=\"lazy\" decoding=\"async\" title=\"GR\" src=\"https:\/\/www.scalemates.com\/s\/images\/flags7\/32\/GR.png\" alt=\"GR\" width=\"16\" height=\"16\" \/><br \/>\n<a class=\"nw w4 pf\" title=\"Dark Green\" href=\"https:\/\/www.scalemates.com\/colors\/colorchip.php?id=2824\" rel=\"nofollow noopener\" target=\"_blank\">BS381C:241<\/a> <a class=\"nw w4 pf\" title=\"\" href=\"https:\/\/www.scalemates.com\/colors\/colorchip.php?id=1730\" rel=\"nofollow noopener\" target=\"_blank\">FS36152<\/a> <a class=\"nw w4 pf\" title=\"Medium Sea Grey\" href=\"https:\/\/www.scalemates.com\/colors\/colorchip.php?id=2897\" rel=\"nofollow noopener\" target=\"_blank\">BS381C:637<\/a><\/li>\n<li class=\"dc p05\"><strong>No. 352 (Yugoslav) Sqn.<\/strong> <span class=\"nw bgd\">W | JK448<\/span><br \/>\n<span class=\"nw bgb\">September 1944<\/span> World War 2 &#8211; Vis <img loading=\"lazy\" decoding=\"async\" title=\"KYU\" src=\"https:\/\/www.scalemates.com\/s\/images\/flags7\/32\/KYU.png\" alt=\"KYU\" width=\"16\" height=\"16\" \/><br \/>\n<a class=\"nw w4 pf\" title=\"Dark Green\" href=\"https:\/\/www.scalemates.com\/colors\/colorchip.php?id=2824\" rel=\"nofollow noopener\" target=\"_blank\">BS381C:241<\/a> <a class=\"nw w4 pf\" title=\"\" href=\"https:\/\/www.scalemates.com\/colors\/colorchip.php?id=1730\" rel=\"nofollow noopener\" target=\"_blank\">FS36152<\/a> <a class=\"nw w4 pf\" title=\"Medium Sea Grey\" href=\"https:\/\/www.scalemates.com\/colors\/colorchip.php?id=2897\" rel=\"nofollow noopener\" target=\"_blank\">BS381C:637<\/a><\/li>\n<li class=\"dc p05\"><strong>No. 615 (County of Surrey) Sqn.<\/strong> <span class=\"nw bgd\">KW-R | MA654<\/span> <em>(F\/Lt. Kevin F. Gannon)<\/em><br \/>\n<span class=\"nw bgb\">July 1944<\/span> South East Asia Command (SEAC) &#8211; Palel <img loading=\"lazy\" decoding=\"async\" title=\"IN\" src=\"https:\/\/www.scalemates.com\/s\/images\/flags7\/32\/IN.png\" alt=\"IN\" width=\"16\" height=\"16\" \/><br \/>\n<a class=\"nw w4 pf\" title=\"Dark Green\" href=\"https:\/\/www.scalemates.com\/colors\/colorchip.php?id=2824\" rel=\"nofollow noopener\" target=\"_blank\">BS381C:241<\/a> <a class=\"nw w4 pf\" title=\"Dark Earth\" href=\"https:\/\/www.scalemates.com\/colors\/colorchip.php?id=2840\" rel=\"nofollow noopener\" target=\"_blank\">BS381C:350<\/a> <a class=\"nw w4 pf\" title=\"Medium Sea Grey\" href=\"https:\/\/www.scalemates.com\/colors\/colorchip.php?id=2897\" rel=\"nofollow noopener\" target=\"_blank\">BS381C:637<\/a><\/li>\n<\/ul>\n<h6><img decoding=\"async\" title=\"US\" src=\"https:\/\/www.scalemates.com\/s\/images\/flags7\/32\/US.png\" alt=\"US\" width=\"16\" height=\"16\" \/> US Army Air Forces<span class=\"nw\"> (1941-1947)<\/span><\/h6>\n<ul class=\"ut\">\n<li class=\"dc p05\"><strong>4 FS, 52 FG, 12 AF<\/strong> <span class=\"nw bgd\">WD-A<\/span> <span class=\"nw bgn\">The Impatient Virgin<\/span> <em>(F\/O James H. Montgomery)<\/em><br \/>\n<span class=\"nw bgb\">August 1943<\/span> World War 2 &#8211; Corsica <img loading=\"lazy\" decoding=\"async\" title=\"FR\" src=\"https:\/\/www.scalemates.com\/s\/images\/flags7\/32\/FR.png\" alt=\"FR\" width=\"16\" height=\"16\" \/><br \/>\n<a class=\"nw w4 pf\" title=\"Middle Stone\" href=\"https:\/\/www.scalemates.com\/colors\/colorchip.php?id=2915\" rel=\"nofollow noopener\" target=\"_blank\">BS381C:362<\/a> <a class=\"nw w4 pf\" title=\"Dark Earth\" href=\"https:\/\/www.scalemates.com\/colors\/colorchip.php?id=2840\" rel=\"nofollow noopener\" target=\"_blank\">BS381C:350<\/a> <a class=\"nw w4 pf\" title=\"Azure Blue\" href=\"https:\/\/www.scalemates.com\/colors\/colorchip.php?id=2795\" rel=\"nofollow noopener\" target=\"_blank\">BS381C:104<\/a><\/li>\n<\/ul>\n<p>&nbsp;<\/p>","protected":false},"excerpt":{"rendered":"<p>Sadr\u017ei:<\/p>\n<ul>\n<li>Plasti\u010dna maketa &#8211; 1\/48 &#8211; dve makete<\/li>\n<li>Eceraj<\/li>\n<li>Maska za providne delove<\/li>\n<li>Dekali<\/li>\n<li>Sastavnica<\/li>\n<\/ul>","protected":false},"featured_media":24450,"template":"","meta":[],"product_brand":[],"product_cat":[15,329],"product_tag":[],"class_list":{"0":"post-24449","1":"product","2":"type-product","3":"status-publish","4":"has-post-thumbnail","6":"product_cat-plasticne-makete","7":"product_cat-vojni-avioni-i-helikopteri","8":"pa_brand-eduard","10":"first","11":"outofstock","12":"shipping-taxable","13":"purchasable","14":"product-type-simple"},"_links":{"self":[{"href":"https:\/\/flakhobby.com\/sr\/wp-json\/wp\/v2\/product\/24449","targetHints":{"allow":["GET"]}}],"collection":[{"href":"https:\/\/flakhobby.com\/sr\/wp-json\/wp\/v2\/product"}],"about":[{"href":"https:\/\/flakhobby.com\/sr\/wp-json\/wp\/v2\/types\/product"}],"version-history":[{"count":2,"href":"https:\/\/flakhobby.com\/sr\/wp-json\/wp\/v2\/product\/24449\/revisions"}],"predecessor-version":[{"id":25245,"href":"https:\/\/flakhobby.com\/sr\/wp-json\/wp\/v2\/product\/24449\/revisions\/25245"}],"wp:featuredmedia":[{"embeddable":true,"href":"https:\/\/flakhobby.com\/sr\/wp-json\/wp\/v2\/media\/24450"}],"wp:attachment":[{"href":"https:\/\/flakhobby.com\/sr\/wp-json\/wp\/v2\/media?parent=24449"}],"wp:term":[{"taxonomy":"product_brand","embeddable":true,"href":"https:\/\/flakhobby.com\/sr\/wp-json\/wp\/v2\/product_brand?post=24449"},{"taxonomy":"product_cat","embeddable":true,"href":"https:\/\/flakhobby.com\/sr\/wp-json\/wp\/v2\/product_cat?post=24449"},{"taxonomy":"product_tag","embeddable":true,"href":"https:\/\/flakhobby.com\/sr\/wp-json\/wp\/v2\/product_tag?post=24449"}],"curies":[{"name":"wp","href":"https:\/\/api.w.org\/{rel}","templated":true}]}}