{"id":24388,"date":"2024-11-30T10:54:00","date_gmt":"2024-11-30T10:54:00","guid":{"rendered":"https:\/\/flakhobby.com\/?post_type=product&#038;p=24388"},"modified":"2025-06-05T09:52:13","modified_gmt":"2025-06-05T09:52:13","slug":"1-72-l-39c-albatros","status":"publish","type":"product","link":"https:\/\/flakhobby.com\/sr\/\u043f\u0440\u043e\u0438\u0437\u0432\u043e\u0434\/1-72-l-39c-albatros\/","title":{"rendered":"1\/72 &#8211; L-39C Albatros"},"content":{"rendered":"<p>Oznake:<\/p>\n<h5>Aero L-39C Albatros<\/h5>\n<h6><img decoding=\"async\" title=\"CZ\" src=\"https:\/\/www.scalemates.com\/s\/images\/flags7\/32\/CZ.png\" alt=\"CZ\" width=\"16\" height=\"16\" \/> LOM Praha s.p.<\/h6>\n<ul class=\"ut\">\n<li class=\"dc p05\"><strong>Centrum Leteck\u00e9ho V\u00fdcviku (CLV)<\/strong> <span class=\"nw bgd\">0445, c\/n 390445<\/span><br \/>\n<span class=\"nw bgb\">2023<\/span> &#8211; Pardubice<br \/>\n<a class=\"nw w4 pf\" title=\"\" href=\"https:\/\/www.scalemates.com\/colors\/colorchip.php?id=1729\" rel=\"nofollow noopener\" target=\"_blank\">FS36118<\/a> <a class=\"nw w4 pf\" title=\"\" href=\"https:\/\/www.scalemates.com\/colors\/colorchip.php?id=1735\" rel=\"nofollow noopener\" target=\"_blank\">FS36270<\/a> <a class=\"nw w4 pf\" title=\"Light Ghost Grey\" href=\"https:\/\/www.scalemates.com\/colors\/colorchip.php?id=1745\" rel=\"nofollow noopener\" target=\"_blank\">FS36375<\/a><\/li>\n<\/ul>\n<h6><img decoding=\"async\" title=\"CZ\" src=\"https:\/\/www.scalemates.com\/s\/images\/flags7\/32\/CZ.png\" alt=\"CZ\" width=\"16\" height=\"16\" \/> Private<\/h6>\n<ul class=\"ut\">\n<li class=\"dc p05\"><span class=\"nw bgd\">131904\/OK-JET<\/span><br \/>\n<span class=\"nw bgb\">2004<\/span> &#8211; Plze\u0148-L\u00edn\u011b Airport<br \/>\nCrna<\/li>\n<\/ul>\n<h6><img decoding=\"async\" title=\"KZ\" src=\"https:\/\/www.scalemates.com\/s\/images\/flags7\/32\/KZ.png\" alt=\"KZ\" width=\"16\" height=\"16\" \/> Qazaqstan \u00c4we qor\u011fan\u0131s\u0131 k\u00fc\u015fteri<span class=\"nw\"> (Kazakhstan Air Defense Force 1992-now)<\/span><\/h6>\n<ul class=\"ut\">\n<li class=\"dc p05\"><strong>Sunikar Aerobatic Group<\/strong> <span class=\"nw bgd\">(Yellow) 20, c\/n 031705<\/span><br \/>\n<span class=\"nw bgb\">May 2012<\/span> &#8211; Taldykorgan AB<br \/>\nBlue Yellow<\/li>\n<\/ul>\n<h6><img decoding=\"async\" title=\"RU\" src=\"https:\/\/www.scalemates.com\/s\/images\/flags7\/32\/RU.png\" alt=\"RU\" width=\"16\" height=\"16\" \/> \u0410\u0432\u0438\u0430\u0446\u0438\u044f \u0412\u043e\u0435\u043d\u043d\u043e-\u043c\u043e\u0440\u0441\u043a\u043e\u0433\u043e \u0444\u043b\u043e\u0442\u0430<span class=\"nw\"> (Russian Naval Aviation 1992-now)<\/span><\/h6>\n<ul class=\"ut\">\n<li class=\"dc p05\"><strong>859 TsBP (Naval Aviation Combat Use and Training Centre)<\/strong> <span class=\"nw bgd\">(Blue) 16, RF34122, c\/n 734218<\/span><br \/>\n<span class=\"nw bgb\">2018<\/span> Crashed over Sea of Azov 19\/10\/2018, crew killed &#8211; Yeysk airport<br \/>\n<a class=\"nw w4 pf\" title=\"\" href=\"https:\/\/www.scalemates.com\/colors\/colorchip.php?id=1729\" rel=\"nofollow noopener\" target=\"_blank\">FS36118<\/a> <a class=\"nw w4 pf\" title=\"\" href=\"https:\/\/www.scalemates.com\/colors\/colorchip.php?id=2236\" rel=\"nofollow noopener\" target=\"_blank\">RLM79<\/a> <a class=\"nw w4 pf\" title=\"\" href=\"https:\/\/www.scalemates.com\/colors\/colorchip.php?id=1656\" rel=\"nofollow noopener\" target=\"_blank\">FS34102<\/a> <a class=\"nw w4 pf\" title=\"\" href=\"https:\/\/www.scalemates.com\/colors\/colorchip.php?id=1573\" rel=\"nofollow noopener\" target=\"_blank\">FS30219<\/a> <a class=\"nw w4 pf\" title=\"Light Ghost Grey\" href=\"https:\/\/www.scalemates.com\/colors\/colorchip.php?id=1745\" rel=\"nofollow noopener\" target=\"_blank\">FS36375<\/a><\/li>\n<\/ul>\n<h6><img loading=\"lazy\" decoding=\"async\" title=\"UA\" src=\"https:\/\/www.scalemates.com\/s\/images\/flags7\/32\/UA.png\" alt=\"UA\" width=\"16\" height=\"16\" \/> \u041f\u043e\u0432\u0456\u0442\u0440\u044f\u043d\u0456 \u0421\u0438\u043b\u0438 \u0423\u043a\u0440\u0430\u0457\u043d\u0438<span class=\"nw\"> (Ukrainian Air Force 1992-now)<\/span><\/h6>\n<ul class=\"ut\">\n<li class=\"dc p05\"><strong>No.299 brTA<\/strong> <span class=\"nw bgd\">(Blue) 77, c\/n 533229<\/span><br \/>\n<span class=\"nw bgb\">2015<\/span> &#8211; Kulbakino AB<br \/>\n<a class=\"nw w4 pf\" title=\"\" href=\"https:\/\/www.scalemates.com\/colors\/colorchip.php?id=1642\" rel=\"nofollow noopener\" target=\"_blank\">FS34079<\/a> <a class=\"nw w4 pf\" title=\"\" href=\"https:\/\/www.scalemates.com\/colors\/colorchip.php?id=1651\" rel=\"nofollow noopener\" target=\"_blank\">FS34092<\/a><\/li>\n<\/ul>\n<h5>Aero L-39CM Albatros<\/h5>\n<h6><img loading=\"lazy\" decoding=\"async\" title=\"SK\" src=\"https:\/\/www.scalemates.com\/s\/images\/flags7\/32\/SK.png\" alt=\"SK\" width=\"16\" height=\"16\" \/> Vzdu\u0161n\u00e9 Sily Ozbrojen\u00fdch S\u00edl Slovenskej Republiky<span class=\"nw\"> (Slovak Air Force 1993-now)<\/span><\/h6>\n<ul class=\"ut\">\n<li class=\"dc p05\"><strong>2 St\u00edhac\u00ed letka, 81 k\u0159\u00eddlo<\/strong> <span class=\"nw bgd\">5254, c\/n 915254<\/span><br \/>\n<span class=\"nw bgb\">2022<\/span> &#8211; Slia\u010d AFB<br \/>\n<a class=\"nw w4 pf\" title=\"\" href=\"https:\/\/www.scalemates.com\/colors\/colorchip.php?id=1729\" rel=\"nofollow noopener\" target=\"_blank\">FS36118<\/a> <a class=\"nw w4 pf\" title=\"\" href=\"https:\/\/www.scalemates.com\/colors\/colorchip.php?id=1735\" rel=\"nofollow noopener\" target=\"_blank\">FS36270<\/a> <a class=\"nw w4 pf\" title=\"Light Ghost Grey\" href=\"https:\/\/www.scalemates.com\/colors\/colorchip.php?id=1745\" rel=\"nofollow noopener\" target=\"_blank\">FS36375<\/a><\/li>\n<\/ul>","protected":false},"excerpt":{"rendered":"<p>Sadr\u017ei:<\/p>\n<ul>\n<li>Plasti\u010dna maketa &#8211; 1\/72<\/li>\n<li>Dekali<\/li>\n<li>Eceraj<\/li>\n<li>Traka za maskiranje<\/li>\n<li>Sastavnica<\/li>\n<\/ul>","protected":false},"featured_media":24389,"template":"","meta":[],"product_brand":[],"product_cat":[15,329],"product_tag":[],"class_list":{"0":"post-24388","1":"product","2":"type-product","3":"status-publish","4":"has-post-thumbnail","6":"product_cat-plasticne-makete","7":"product_cat-vojni-avioni-i-helikopteri","8":"pa_brand-eduard","10":"first","11":"outofstock","12":"shipping-taxable","13":"purchasable","14":"product-type-simple"},"_links":{"self":[{"href":"https:\/\/flakhobby.com\/sr\/wp-json\/wp\/v2\/product\/24388","targetHints":{"allow":["GET"]}}],"collection":[{"href":"https:\/\/flakhobby.com\/sr\/wp-json\/wp\/v2\/product"}],"about":[{"href":"https:\/\/flakhobby.com\/sr\/wp-json\/wp\/v2\/types\/product"}],"version-history":[{"count":2,"href":"https:\/\/flakhobby.com\/sr\/wp-json\/wp\/v2\/product\/24388\/revisions"}],"predecessor-version":[{"id":24391,"href":"https:\/\/flakhobby.com\/sr\/wp-json\/wp\/v2\/product\/24388\/revisions\/24391"}],"wp:featuredmedia":[{"embeddable":true,"href":"https:\/\/flakhobby.com\/sr\/wp-json\/wp\/v2\/media\/24389"}],"wp:attachment":[{"href":"https:\/\/flakhobby.com\/sr\/wp-json\/wp\/v2\/media?parent=24388"}],"wp:term":[{"taxonomy":"product_brand","embeddable":true,"href":"https:\/\/flakhobby.com\/sr\/wp-json\/wp\/v2\/product_brand?post=24388"},{"taxonomy":"product_cat","embeddable":true,"href":"https:\/\/flakhobby.com\/sr\/wp-json\/wp\/v2\/product_cat?post=24388"},{"taxonomy":"product_tag","embeddable":true,"href":"https:\/\/flakhobby.com\/sr\/wp-json\/wp\/v2\/product_tag?post=24388"}],"curies":[{"name":"wp","href":"https:\/\/api.w.org\/{rel}","templated":true}]}}