{"id":24338,"date":"2024-11-28T16:03:09","date_gmt":"2024-11-28T16:03:09","guid":{"rendered":"https:\/\/flakhobby.com\/?post_type=product&#038;p=24338"},"modified":"2026-04-14T16:11:49","modified_gmt":"2026-04-14T14:11:49","slug":"posuda-za-cis","status":"publish","type":"product","link":"https:\/\/flakhobby.com\/sr\/\u043f\u0440\u043e\u0438\u0437\u0432\u043e\u0434\/posuda-za-cis\/","title":{"rendered":"Posuda za \u010di\u0161\u0107enje erbra\u0161a"},"content":{"rendered":"","protected":false},"excerpt":{"rendered":"<p>Staklena posuda za erbra\u0161<\/p>","protected":false},"featured_media":24340,"template":"","meta":[],"product_brand":[],"product_cat":[358,365],"product_tag":[],"class_list":{"0":"post-24338","1":"product","2":"type-product","3":"status-publish","4":"has-post-thumbnail","6":"product_cat-maketarski-alat-i-pribor","7":"product_cat-airbrush-i-kompresori","8":"pa_brand-haosheng","10":"first","11":"outofstock","12":"shipping-taxable","13":"purchasable","14":"product-type-simple"},"_links":{"self":[{"href":"https:\/\/flakhobby.com\/sr\/wp-json\/wp\/v2\/product\/24338","targetHints":{"allow":["GET"]}}],"collection":[{"href":"https:\/\/flakhobby.com\/sr\/wp-json\/wp\/v2\/product"}],"about":[{"href":"https:\/\/flakhobby.com\/sr\/wp-json\/wp\/v2\/types\/product"}],"version-history":[{"count":2,"href":"https:\/\/flakhobby.com\/sr\/wp-json\/wp\/v2\/product\/24338\/revisions"}],"predecessor-version":[{"id":24341,"href":"https:\/\/flakhobby.com\/sr\/wp-json\/wp\/v2\/product\/24338\/revisions\/24341"}],"wp:featuredmedia":[{"embeddable":true,"href":"https:\/\/flakhobby.com\/sr\/wp-json\/wp\/v2\/media\/24340"}],"wp:attachment":[{"href":"https:\/\/flakhobby.com\/sr\/wp-json\/wp\/v2\/media?parent=24338"}],"wp:term":[{"taxonomy":"product_brand","embeddable":true,"href":"https:\/\/flakhobby.com\/sr\/wp-json\/wp\/v2\/product_brand?post=24338"},{"taxonomy":"product_cat","embeddable":true,"href":"https:\/\/flakhobby.com\/sr\/wp-json\/wp\/v2\/product_cat?post=24338"},{"taxonomy":"product_tag","embeddable":true,"href":"https:\/\/flakhobby.com\/sr\/wp-json\/wp\/v2\/product_tag?post=24338"}],"curies":[{"name":"wp","href":"https:\/\/api.w.org\/{rel}","templated":true}]}}