{"id":24010,"date":"2024-09-14T18:09:57","date_gmt":"2024-09-14T18:09:57","guid":{"rendered":"https:\/\/flakhobby.com\/?post_type=product&#038;p=24010"},"modified":"2026-02-13T13:11:38","modified_gmt":"2026-02-13T12:11:38","slug":"hobi-nozic-2","status":"publish","type":"product","link":"https:\/\/flakhobby.com\/sr\/\u043f\u0440\u043e\u0438\u0437\u0432\u043e\u0434\/hobi-nozic-2\/","title":{"rendered":"Hobi no\u017ei\u0107"},"content":{"rendered":"<p>Hobi no\u017ei\u0107<\/p>","protected":false},"excerpt":{"rendered":"<p>Hobi no\u017ei\u0107<\/p>","protected":false},"featured_media":24011,"template":"","meta":[],"product_brand":[],"product_cat":[367,358],"product_tag":[],"class_list":{"0":"post-24010","1":"product","2":"type-product","3":"status-publish","4":"has-post-thumbnail","6":"product_cat-rucni-alat-smirgle-konac-za-rigging","7":"product_cat-maketarski-alat-i-pribor","8":"pa_brand-ak-interactive","10":"first","11":"outofstock","12":"shipping-taxable","13":"purchasable","14":"product-type-simple"},"_links":{"self":[{"href":"https:\/\/flakhobby.com\/sr\/wp-json\/wp\/v2\/product\/24010","targetHints":{"allow":["GET"]}}],"collection":[{"href":"https:\/\/flakhobby.com\/sr\/wp-json\/wp\/v2\/product"}],"about":[{"href":"https:\/\/flakhobby.com\/sr\/wp-json\/wp\/v2\/types\/product"}],"version-history":[{"count":2,"href":"https:\/\/flakhobby.com\/sr\/wp-json\/wp\/v2\/product\/24010\/revisions"}],"predecessor-version":[{"id":24013,"href":"https:\/\/flakhobby.com\/sr\/wp-json\/wp\/v2\/product\/24010\/revisions\/24013"}],"wp:featuredmedia":[{"embeddable":true,"href":"https:\/\/flakhobby.com\/sr\/wp-json\/wp\/v2\/media\/24011"}],"wp:attachment":[{"href":"https:\/\/flakhobby.com\/sr\/wp-json\/wp\/v2\/media?parent=24010"}],"wp:term":[{"taxonomy":"product_brand","embeddable":true,"href":"https:\/\/flakhobby.com\/sr\/wp-json\/wp\/v2\/product_brand?post=24010"},{"taxonomy":"product_cat","embeddable":true,"href":"https:\/\/flakhobby.com\/sr\/wp-json\/wp\/v2\/product_cat?post=24010"},{"taxonomy":"product_tag","embeddable":true,"href":"https:\/\/flakhobby.com\/sr\/wp-json\/wp\/v2\/product_tag?post=24010"}],"curies":[{"name":"wp","href":"https:\/\/api.w.org\/{rel}","templated":true}]}}