{"id":23802,"date":"2024-08-03T13:34:46","date_gmt":"2024-08-03T13:34:46","guid":{"rendered":"https:\/\/flakhobby.com\/?post_type=product&#038;p=23802"},"modified":"2024-08-03T13:35:31","modified_gmt":"2024-08-03T13:35:31","slug":"jungle-plants-set","status":"publish","type":"product","link":"https:\/\/flakhobby.com\/sr\/\u043f\u0440\u043e\u0438\u0437\u0432\u043e\u0434\/jungle-plants-set\/","title":{"rendered":"Jungle Plants Set"},"content":{"rendered":"<p>Detaljno laserski se\u010dene biljke. Dodaju realisti\u010dni momenat va\u0161im scenama.<\/p>\n<p>Mo\u017ee se lepiti belim lepkom ili AK118 sredstvom.<\/p>","protected":false},"excerpt":{"rendered":"<p>Laserski se\u010dene biljke d\u017eungle<\/p>","protected":false},"featured_media":23803,"template":"","meta":[],"product_brand":[],"product_cat":[369,607],"product_tag":[],"class_list":{"0":"post-23802","1":"product","2":"type-product","3":"status-publish","4":"has-post-thumbnail","6":"product_cat-diorame","7":"product_cat-laserski-secene-biljke","8":"pa_brand-ak-interactive","10":"first","11":"instock","12":"shipping-taxable","13":"purchasable","14":"product-type-simple"},"_links":{"self":[{"href":"https:\/\/flakhobby.com\/sr\/wp-json\/wp\/v2\/product\/23802","targetHints":{"allow":["GET"]}}],"collection":[{"href":"https:\/\/flakhobby.com\/sr\/wp-json\/wp\/v2\/product"}],"about":[{"href":"https:\/\/flakhobby.com\/sr\/wp-json\/wp\/v2\/types\/product"}],"version-history":[{"count":1,"href":"https:\/\/flakhobby.com\/sr\/wp-json\/wp\/v2\/product\/23802\/revisions"}],"predecessor-version":[{"id":23804,"href":"https:\/\/flakhobby.com\/sr\/wp-json\/wp\/v2\/product\/23802\/revisions\/23804"}],"wp:featuredmedia":[{"embeddable":true,"href":"https:\/\/flakhobby.com\/sr\/wp-json\/wp\/v2\/media\/23803"}],"wp:attachment":[{"href":"https:\/\/flakhobby.com\/sr\/wp-json\/wp\/v2\/media?parent=23802"}],"wp:term":[{"taxonomy":"product_brand","embeddable":true,"href":"https:\/\/flakhobby.com\/sr\/wp-json\/wp\/v2\/product_brand?post=23802"},{"taxonomy":"product_cat","embeddable":true,"href":"https:\/\/flakhobby.com\/sr\/wp-json\/wp\/v2\/product_cat?post=23802"},{"taxonomy":"product_tag","embeddable":true,"href":"https:\/\/flakhobby.com\/sr\/wp-json\/wp\/v2\/product_tag?post=23802"}],"curies":[{"name":"wp","href":"https:\/\/api.w.org\/{rel}","templated":true}]}}