{"id":23739,"date":"2024-08-03T12:52:36","date_gmt":"2024-08-03T12:52:36","guid":{"rendered":"https:\/\/flakhobby.com\/?post_type=product&#038;p=23739"},"modified":"2024-08-03T13:39:15","modified_gmt":"2024-08-03T13:39:15","slug":"1-35-oak-autumn-leaves","status":"publish","type":"product","link":"https:\/\/flakhobby.com\/sr\/\u043f\u0440\u043e\u0438\u0437\u0432\u043e\u0434\/1-35-oak-autumn-leaves\/","title":{"rendered":"1\/35 Oak Autumn Leaves"},"content":{"rendered":"<p>Realisti\u010dno li\u0161\u0107e u razmeri za makete, figure, vinjete i diorame.<\/p>\n<p>Mo\u017ee se lepiti belim lepkom ili AK118 sredstvom.<\/p>\n<p>&nbsp;<\/p>","protected":false},"excerpt":{"rendered":"<p>Li\u0161\u0107e u razmeri &#8211; 1\/35<\/p>","protected":false},"featured_media":23740,"template":"","meta":[],"product_brand":[],"product_cat":[369,607],"product_tag":[],"class_list":{"0":"post-23739","1":"product","2":"type-product","3":"status-publish","4":"has-post-thumbnail","6":"product_cat-diorame","7":"product_cat-laserski-secene-biljke","8":"pa_brand-ak-interactive","10":"first","11":"instock","12":"shipping-taxable","13":"purchasable","14":"product-type-simple"},"_links":{"self":[{"href":"https:\/\/flakhobby.com\/sr\/wp-json\/wp\/v2\/product\/23739","targetHints":{"allow":["GET"]}}],"collection":[{"href":"https:\/\/flakhobby.com\/sr\/wp-json\/wp\/v2\/product"}],"about":[{"href":"https:\/\/flakhobby.com\/sr\/wp-json\/wp\/v2\/types\/product"}],"version-history":[{"count":1,"href":"https:\/\/flakhobby.com\/sr\/wp-json\/wp\/v2\/product\/23739\/revisions"}],"predecessor-version":[{"id":23742,"href":"https:\/\/flakhobby.com\/sr\/wp-json\/wp\/v2\/product\/23739\/revisions\/23742"}],"wp:featuredmedia":[{"embeddable":true,"href":"https:\/\/flakhobby.com\/sr\/wp-json\/wp\/v2\/media\/23740"}],"wp:attachment":[{"href":"https:\/\/flakhobby.com\/sr\/wp-json\/wp\/v2\/media?parent=23739"}],"wp:term":[{"taxonomy":"product_brand","embeddable":true,"href":"https:\/\/flakhobby.com\/sr\/wp-json\/wp\/v2\/product_brand?post=23739"},{"taxonomy":"product_cat","embeddable":true,"href":"https:\/\/flakhobby.com\/sr\/wp-json\/wp\/v2\/product_cat?post=23739"},{"taxonomy":"product_tag","embeddable":true,"href":"https:\/\/flakhobby.com\/sr\/wp-json\/wp\/v2\/product_tag?post=23739"}],"curies":[{"name":"wp","href":"https:\/\/api.w.org\/{rel}","templated":true}]}}