{"id":23564,"date":"2024-08-01T12:08:49","date_gmt":"2024-08-01T12:08:49","guid":{"rendered":"https:\/\/flakhobby.com\/?post_type=product&#038;p=23564"},"modified":"2024-08-01T12:09:23","modified_gmt":"2024-08-01T12:09:23","slug":"rlm-65-1941-2","status":"publish","type":"product","link":"https:\/\/flakhobby.com\/sr\/\u043f\u0440\u043e\u0438\u0437\u0432\u043e\u0434\/rlm-65-1941-2\/","title":{"rendered":"RLM 65 (1941)"},"content":{"rendered":"<p>Akrilna boja na\u00a0<em>lacquer\u00a0<\/em>bazi. Asortiman boja sa ve\u0107 spremnim, preciznim nijansama za avijaciju i kopnenu tehniku od Drugog svetskog rata do modernog doba.<\/p>\n<p>Nema vi\u0161e me\u0161anja nekoliko boja da se dobije precizna nijansa neke boje, sve su unapred dostupne.<\/p>\n<p>Odli\u010dne su za nano\u0161enje airburshem, a mogu\u0107e je nanositi ih i \u010detkicom. Boje imaju svoj razre\u0111iva\u010d RC701 i RC702 High Compatibility Thinner, ali ih je mogu\u0107e razre\u0111ivati i<\/p>\n<p>sa Mr. Color i Tamiya Lacquer (\u017euti \u010dep) razre\u0111iva\u010dima.<\/p>\n<p><strong>This paint represents the color variant featured in the color chart included in the 1941 edition of L.Dv. 521\/1 regulations.<\/strong><\/p>\n<p><strong>Camouflage color applied to lower surfaces of Luftwaffe bomber, attack, recon, maritime and transport aircraft from ca. mid-1941 until late 1944.<\/strong><\/p>\n<p>&nbsp;<\/p>\n<p>&nbsp;<\/p>","protected":false},"excerpt":{"rendered":"<p>Akrilna boja na\u00a0<em>lacquer\u00a0<\/em>osnovi \u2013 17mL<\/p>\n<p>U opisu proizvoda vi\u0161e o nameni boja<a id=\"remove-post-thumbnail\" href=\"https:\/\/flakhobby.com\/wp-admin\/post.php?action=edit&amp;post=23468#\"><\/a><\/p>","protected":false},"featured_media":23565,"template":"","meta":[],"product_brand":[],"product_cat":[339,603],"product_tag":[],"class_list":{"0":"post-23564","1":"product","2":"type-product","3":"status-publish","4":"has-post-thumbnail","6":"product_cat-boje-i-razredivaci","7":"product_cat-ak-interactive-real-colors-17ml","9":"first","10":"instock","11":"shipping-taxable","12":"purchasable","13":"product-type-simple"},"_links":{"self":[{"href":"https:\/\/flakhobby.com\/sr\/wp-json\/wp\/v2\/product\/23564","targetHints":{"allow":["GET"]}}],"collection":[{"href":"https:\/\/flakhobby.com\/sr\/wp-json\/wp\/v2\/product"}],"about":[{"href":"https:\/\/flakhobby.com\/sr\/wp-json\/wp\/v2\/types\/product"}],"version-history":[{"count":1,"href":"https:\/\/flakhobby.com\/sr\/wp-json\/wp\/v2\/product\/23564\/revisions"}],"predecessor-version":[{"id":23566,"href":"https:\/\/flakhobby.com\/sr\/wp-json\/wp\/v2\/product\/23564\/revisions\/23566"}],"wp:featuredmedia":[{"embeddable":true,"href":"https:\/\/flakhobby.com\/sr\/wp-json\/wp\/v2\/media\/23565"}],"wp:attachment":[{"href":"https:\/\/flakhobby.com\/sr\/wp-json\/wp\/v2\/media?parent=23564"}],"wp:term":[{"taxonomy":"product_brand","embeddable":true,"href":"https:\/\/flakhobby.com\/sr\/wp-json\/wp\/v2\/product_brand?post=23564"},{"taxonomy":"product_cat","embeddable":true,"href":"https:\/\/flakhobby.com\/sr\/wp-json\/wp\/v2\/product_cat?post=23564"},{"taxonomy":"product_tag","embeddable":true,"href":"https:\/\/flakhobby.com\/sr\/wp-json\/wp\/v2\/product_tag?post=23564"}],"curies":[{"name":"wp","href":"https:\/\/api.w.org\/{rel}","templated":true}]}}