{"id":23514,"date":"2024-08-01T11:46:26","date_gmt":"2024-08-01T11:46:26","guid":{"rendered":"https:\/\/flakhobby.com\/?post_type=product&#038;p=23514"},"modified":"2026-05-09T14:57:24","modified_gmt":"2026-05-09T12:57:24","slug":"light-ghost-grey-fs-36375-2","status":"publish","type":"product","link":"https:\/\/flakhobby.com\/sr\/\u043f\u0440\u043e\u0438\u0437\u0432\u043e\u0434\/light-ghost-grey-fs-36375-2\/","title":{"rendered":"Light Ghost Grey FS 36375"},"content":{"rendered":"<p>Akrilna boja na\u00a0<em>lacquer\u00a0<\/em>bazi. Asortiman boja sa ve\u0107 spremnim, preciznim nijansama za avijaciju i kopnenu tehniku od Drugog svetskog rata do modernog doba.<\/p>\n<p>Nema vi\u0161e me\u0161anja nekoliko boja da se dobije precizna nijansa neke boje, sve su unapred dostupne.<\/p>\n<p>Odli\u010dne su za nano\u0161enje airburshem, a mogu\u0107e je nanositi ih i \u010detkicom. Boje imaju svoj razre\u0111iva\u010d RC701 i RC702 High Compatibility Thinner, ali ih je mogu\u0107e razre\u0111ivati i<\/p>\n<p>sa Mr. Color i Tamiya Lacquer (\u017euti \u010dep) razre\u0111iva\u010dima.<\/p>\n<div id=\"target-englang\" class=\"collapseomatic_content\">\n<div id=\"target-englang\" class=\"collapseomatic_content\">\n<p><strong>Lower surface color in the three-color variant of the so-called Hill Grey scheme applied to USAF F-16s from the late 1970s until the early 1990s. The same scheme was\/is also carried by early F-16s of several NATO countries with Denmark and Norway being notable exceptions.<br \/>\nOne of the colors in the so-called Compass Ghost scheme applied to USAF F-15s from the late 1970s until the early 1990s as well as to USAF A-10s from the 1990s until today.<br \/>\nLower surface color in the Tactical Paint Schemes applied to most of US Navy and USMC aircraft from the 1980s until today.<br \/>\nOne of the colors used in the Tactical Paint Schemes applied to USMC helicopters from 1993 until today.<br \/>\nInitially used as the underside color in the Tactical Paint Scheme applied to USMC AV-8 Harrier fleet in the 1990s.<br \/>\nLower surface color in the IAF (Israeli Air Force) standard desert scheme used from 1980 (delivery of the first F-16s) until 2020s (F-16A\/B\/C\/D\/I, F-15I, late Kfir C2s &amp; C7s).<br \/>\nOne of the colors in the IAF (Israeli Air Force) air superiority grey scheme introduced in 1976 and carried by F-15A\/B\/C\/D, late Mirage IIIC, Kfir C2, RF-4E, E-2C.<br \/>\nLower surface color in the Norm 90J (F-4F, MiG-29G\/GT) and Norm 95 (Tornado) schemes introduced by the German Air Force in the 1990s.<br \/>\nLower surface color in the camouflage scheme used by the Czech Air Force from the 1990s until today (Mi-2, Mi-8, Mi-17, Mi-171, Mi-24, W-3, AH-1Z, UH-1Y, L-410, C-295M, L-159).<br \/>\nLower surface color in the camouflage schemes applied to MiG-29s of the Polish Air Force since the end of 1997.<br \/>\nOne of the colors in the camouflage scheme currently applied to Polish F-16C\/D and M-346 Master.<br \/>\nOne of the colors used in the so-called Heather-Ferris Scheme evaluated by the US Navy in 1983-1984.<br \/>\nAlso used in some USAF aggressor schemes (F-16C).<br \/>\nA fair match to AFNOR A625 Gris\/bleu moyen clair, one of the colors used in the standard camouflage scheme of the French, Brazilian and Greek Mirage 2000 fleets.<\/strong><\/p>\n<p>&nbsp;<\/p>\n<\/div>\n<p>&nbsp;<\/p>\n<\/div>\n<p>&nbsp;<\/p>","protected":false},"excerpt":{"rendered":"<p>Akrilna boja na\u00a0<em>lacquer\u00a0<\/em>osnovi \u2013 17mL<\/p>\n<p>U opisu proizvoda vi\u0161e o nameni boja<a id=\"remove-post-thumbnail\" href=\"https:\/\/flakhobby.com\/wp-admin\/post.php?action=edit&amp;post=23468#\"><\/a><\/p>","protected":false},"featured_media":23515,"template":"","meta":[],"product_brand":[],"product_cat":[339,603],"product_tag":[],"class_list":{"0":"post-23514","1":"product","2":"type-product","3":"status-publish","4":"has-post-thumbnail","6":"product_cat-boje-i-razredivaci","7":"product_cat-ak-interactive-real-colors-17ml","9":"first","10":"instock","11":"shipping-taxable","12":"purchasable","13":"product-type-simple"},"_links":{"self":[{"href":"https:\/\/flakhobby.com\/sr\/wp-json\/wp\/v2\/product\/23514","targetHints":{"allow":["GET"]}}],"collection":[{"href":"https:\/\/flakhobby.com\/sr\/wp-json\/wp\/v2\/product"}],"about":[{"href":"https:\/\/flakhobby.com\/sr\/wp-json\/wp\/v2\/types\/product"}],"version-history":[{"count":1,"href":"https:\/\/flakhobby.com\/sr\/wp-json\/wp\/v2\/product\/23514\/revisions"}],"predecessor-version":[{"id":23516,"href":"https:\/\/flakhobby.com\/sr\/wp-json\/wp\/v2\/product\/23514\/revisions\/23516"}],"wp:featuredmedia":[{"embeddable":true,"href":"https:\/\/flakhobby.com\/sr\/wp-json\/wp\/v2\/media\/23515"}],"wp:attachment":[{"href":"https:\/\/flakhobby.com\/sr\/wp-json\/wp\/v2\/media?parent=23514"}],"wp:term":[{"taxonomy":"product_brand","embeddable":true,"href":"https:\/\/flakhobby.com\/sr\/wp-json\/wp\/v2\/product_brand?post=23514"},{"taxonomy":"product_cat","embeddable":true,"href":"https:\/\/flakhobby.com\/sr\/wp-json\/wp\/v2\/product_cat?post=23514"},{"taxonomy":"product_tag","embeddable":true,"href":"https:\/\/flakhobby.com\/sr\/wp-json\/wp\/v2\/product_tag?post=23514"}],"curies":[{"name":"wp","href":"https:\/\/api.w.org\/{rel}","templated":true}]}}