{"id":23508,"date":"2024-08-01T11:43:49","date_gmt":"2024-08-01T11:43:49","guid":{"rendered":"https:\/\/flakhobby.com\/?post_type=product&#038;p=23508"},"modified":"2024-08-01T11:44:19","modified_gmt":"2024-08-01T11:44:19","slug":"medium-grey-fs-36270-2","status":"publish","type":"product","link":"https:\/\/flakhobby.com\/sr\/\u043f\u0440\u043e\u0438\u0437\u0432\u043e\u0434\/medium-grey-fs-36270-2\/","title":{"rendered":"Medium Grey FS 36270"},"content":{"rendered":"<p>Akrilna boja na\u00a0<em>lacquer\u00a0<\/em>bazi. Asortiman boja sa ve\u0107 spremnim, preciznim nijansama za avijaciju i kopnenu tehniku od Drugog svetskog rata do modernog doba.<\/p>\n<p>Nema vi\u0161e me\u0161anja nekoliko boja da se dobije precizna nijansa neke boje, sve su unapred dostupne.<\/p>\n<p>Odli\u010dne su za nano\u0161enje airburshem, a mogu\u0107e je nanositi ih i \u010detkicom. Boje imaju svoj razre\u0111iva\u010d RC701 i RC702 High Compatibility Thinner, ali ih je mogu\u0107e razre\u0111ivati i<\/p>\n<p>sa Mr. Color i Tamiya Lacquer (\u017euti \u010dep) razre\u0111iva\u010dima.<\/p>\n<div id=\"target-englang\" class=\"collapseomatic_content\">\n<div id=\"target-englang\" class=\"collapseomatic_content\"><strong>One of the colors in the three-color variant of the so-called Hill Grey scheme applied to USAF F-16s from the late 1970s until the early 1990s. The same scheme was\/is also carried by early F-16s of several NATO countries with Denmark and Norway being notable exceptions.<br \/>\nOne of the colors in the two-color variant of the so-called Hill Grey scheme applied to USAF F-4C\/D\/E\/Gs from the late 1970s until their withdrawal from service and to USAF F-16s from the early 1990s.<br \/>\nOne of the upper surface colors in the camouflage scheme used by the Czech Air Force from the 1990s until today (Mi-2, Mi-8, Mi-17, Mi-171, Mi-24, W-3, AH-1Z, UH-1Y, L-410, C-295M, L-159).<br \/>\nOne of the upper surface colors in the camouflage schemes applied to MiG-29s of the Polish Air Force since the end of 1997.<br \/>\nOne of the colors in the camouflage scheme currently applied to Polish F-16C\/D and M-346 Master.<br \/>\nOverall color of Norwegian F-16s.<br \/>\nAlso used in some USAF aggressor schemes (F-16C).<\/strong><\/div>\n<p><strong>\u00a0<\/strong><\/p>\n<p>&nbsp;<\/p>\n<\/div>\n<p>&nbsp;<\/p>","protected":false},"excerpt":{"rendered":"<p>Akrilna boja na\u00a0<em>lacquer\u00a0<\/em>osnovi \u2013 17mL<\/p>\n<p>U opisu proizvoda vi\u0161e o nameni boja<a id=\"remove-post-thumbnail\" href=\"https:\/\/flakhobby.com\/wp-admin\/post.php?action=edit&amp;post=23468#\"><\/a><\/p>","protected":false},"featured_media":23509,"template":"","meta":[],"product_brand":[],"product_cat":[339,603],"product_tag":[],"class_list":{"0":"post-23508","1":"product","2":"type-product","3":"status-publish","4":"has-post-thumbnail","6":"product_cat-boje-i-razredivaci","7":"product_cat-ak-interactive-real-colors-17ml","9":"first","10":"instock","11":"shipping-taxable","12":"purchasable","13":"product-type-simple"},"_links":{"self":[{"href":"https:\/\/flakhobby.com\/sr\/wp-json\/wp\/v2\/product\/23508","targetHints":{"allow":["GET"]}}],"collection":[{"href":"https:\/\/flakhobby.com\/sr\/wp-json\/wp\/v2\/product"}],"about":[{"href":"https:\/\/flakhobby.com\/sr\/wp-json\/wp\/v2\/types\/product"}],"version-history":[{"count":1,"href":"https:\/\/flakhobby.com\/sr\/wp-json\/wp\/v2\/product\/23508\/revisions"}],"predecessor-version":[{"id":23510,"href":"https:\/\/flakhobby.com\/sr\/wp-json\/wp\/v2\/product\/23508\/revisions\/23510"}],"wp:featuredmedia":[{"embeddable":true,"href":"https:\/\/flakhobby.com\/sr\/wp-json\/wp\/v2\/media\/23509"}],"wp:attachment":[{"href":"https:\/\/flakhobby.com\/sr\/wp-json\/wp\/v2\/media?parent=23508"}],"wp:term":[{"taxonomy":"product_brand","embeddable":true,"href":"https:\/\/flakhobby.com\/sr\/wp-json\/wp\/v2\/product_brand?post=23508"},{"taxonomy":"product_cat","embeddable":true,"href":"https:\/\/flakhobby.com\/sr\/wp-json\/wp\/v2\/product_cat?post=23508"},{"taxonomy":"product_tag","embeddable":true,"href":"https:\/\/flakhobby.com\/sr\/wp-json\/wp\/v2\/product_tag?post=23508"}],"curies":[{"name":"wp","href":"https:\/\/api.w.org\/{rel}","templated":true}]}}