{"id":23449,"date":"2024-07-30T15:03:17","date_gmt":"2024-07-30T15:03:17","guid":{"rendered":"https:\/\/flakhobby.com\/?post_type=product&#038;p=23449"},"modified":"2024-07-30T15:04:12","modified_gmt":"2024-07-30T15:04:12","slug":"forest-green-fs-34079-2","status":"publish","type":"product","link":"https:\/\/flakhobby.com\/sr\/\u043f\u0440\u043e\u0438\u0437\u0432\u043e\u0434\/forest-green-fs-34079-2\/","title":{"rendered":"Forest Green FS 34079"},"content":{"rendered":"<p>Akrilna boja na\u00a0<em>lacquer\u00a0<\/em>bazi. Asortiman boja sa ve\u0107 spremnim, preciznim nijansama za avijaciju i kopnenu tehniku od Drugog svetskog rata do modernog doba.<\/p>\n<p>Nema vi\u0161e me\u0161anja nekoliko boja da se dobije precizna nijansa neke boje, sve su unapred dostupne.<\/p>\n<p>Odli\u010dne su za nano\u0161enje airburshem, a mogu\u0107e je nanositi ih i \u010detkicom. Boje imaju svoj razre\u0111iva\u010d RC701 i RC702 High Compatibility Thinner, ali ih je mogu\u0107e razre\u0111ivati i<\/p>\n<p>sa Mr. Color i Tamiya Lacquer (\u017euti \u010dep) razre\u0111iva\u010dima.<\/p>\n<p><strong>One of the upper surface colors in the SEA (South-East Asia) camouflage scheme introduced by the USAF TAC (Tactical Air Command) shortly after the outbreak of the Vietnam War and used until the 1980s.<br \/>\nOne of the upper surface colors in the SIOP and SEA camouflage schemes used on USAF SAC (Strategic Air Command) bombers (B-52, FB-111) from 1960s until the 1980s.<br \/>\nOne of the colors used in the variants of the Euro One scheme applied to USAF TAC F-4s, F-105s and A-7s in the 1980s.<br \/>\nOne of the upper surface colors in the camouflage scheme (based on the US SEA scheme) used by FAA (Fuerza A\u00e9rea Argentina \u2013 Argentine Air Force) during the Falklands (Malvinas) conflict (Mirage IIIEA, IAI Dagger, C-130\/KC-130).<br \/>\nOne of the upper surface colors used in the camouflage scheme (based on the US SEA scheme) introduced by the FAP (For\u00e7a A\u00e9rea Portuguesa \u2013 Portuguese Air Force) in the 1980s and applied to A-7P, Fiat G.91, Alpha Jet, SA 330, Alouette II &amp; III, AW101 etc.<br \/>\nOne of the colors used in the German Luftwaffe\u2019s Norm 83 wraparound scheme (Tornado, F-104G, RF-4E, Alpha Jet etc.) and Heeresfliegertruppe\u2019s (German Army Aviation Corps) Norm 84 scheme (UH-1D, CH-53G) employed in the 1980s-1990s.<br \/>\nOverall color of Belgian Air Force\u2019s NH90 TTH and Agusta A109BA helicopters.<br \/>\nOne of the colors used for painting US Army vehicles in the Tropics Verdant, Summer Verdant, Winter Verdant and Snow Temperate with Trees &amp; Shrubs variants of MERDC scheme.<br \/>\nOverall color of early M1 Abrams tanks and many M2\/M3 Bradley IFVs of the US Army in the 1980s.<br \/>\nAlso used in some USAF aggressor schemes (F-16C).<\/strong><\/p>\n<p>&nbsp;<\/p>","protected":false},"excerpt":{"rendered":"<p>Akrilna boja na\u00a0<em>lacquer\u00a0<\/em>osnovi \u2013 17mL<\/p>\n<p>U opisu proizvoda vi\u0161e o nameni boja<\/p>","protected":false},"featured_media":23450,"template":"","meta":[],"product_brand":[],"product_cat":[339,603],"product_tag":[],"class_list":{"0":"post-23449","1":"product","2":"type-product","3":"status-publish","4":"has-post-thumbnail","6":"product_cat-boje-i-razredivaci","7":"product_cat-ak-interactive-real-colors-17ml","9":"first","10":"instock","11":"shipping-taxable","12":"purchasable","13":"product-type-simple"},"_links":{"self":[{"href":"https:\/\/flakhobby.com\/sr\/wp-json\/wp\/v2\/product\/23449","targetHints":{"allow":["GET"]}}],"collection":[{"href":"https:\/\/flakhobby.com\/sr\/wp-json\/wp\/v2\/product"}],"about":[{"href":"https:\/\/flakhobby.com\/sr\/wp-json\/wp\/v2\/types\/product"}],"version-history":[{"count":1,"href":"https:\/\/flakhobby.com\/sr\/wp-json\/wp\/v2\/product\/23449\/revisions"}],"predecessor-version":[{"id":23451,"href":"https:\/\/flakhobby.com\/sr\/wp-json\/wp\/v2\/product\/23449\/revisions\/23451"}],"wp:featuredmedia":[{"embeddable":true,"href":"https:\/\/flakhobby.com\/sr\/wp-json\/wp\/v2\/media\/23450"}],"wp:attachment":[{"href":"https:\/\/flakhobby.com\/sr\/wp-json\/wp\/v2\/media?parent=23449"}],"wp:term":[{"taxonomy":"product_brand","embeddable":true,"href":"https:\/\/flakhobby.com\/sr\/wp-json\/wp\/v2\/product_brand?post=23449"},{"taxonomy":"product_cat","embeddable":true,"href":"https:\/\/flakhobby.com\/sr\/wp-json\/wp\/v2\/product_cat?post=23449"},{"taxonomy":"product_tag","embeddable":true,"href":"https:\/\/flakhobby.com\/sr\/wp-json\/wp\/v2\/product_tag?post=23449"}],"curies":[{"name":"wp","href":"https:\/\/api.w.org\/{rel}","templated":true}]}}