{"id":23433,"date":"2024-07-30T14:56:23","date_gmt":"2024-07-30T14:56:23","guid":{"rendered":"https:\/\/flakhobby.com\/?post_type=product&#038;p=23433"},"modified":"2025-10-30T15:23:37","modified_gmt":"2025-10-30T15:23:37","slug":"dark-tan-fs-30219-2","status":"publish","type":"product","link":"https:\/\/flakhobby.com\/sr\/\u043f\u0440\u043e\u0438\u0437\u0432\u043e\u0434\/dark-tan-fs-30219-2\/","title":{"rendered":"Dark Tan FS 30219"},"content":{"rendered":"<p>Akrilna boja na\u00a0<em>lacquer\u00a0<\/em>bazi. Asortiman boja sa ve\u0107 spremnim, preciznim nijansama za avijaciju i kopnenu tehniku od Drugog svetskog rata do modernog doba.<\/p>\n<p>Nema vi\u0161e me\u0161anja nekoliko boja da se dobije precizna nijansa neke boje, sve su unapred dostupne.<\/p>\n<p>Odli\u010dne su za nano\u0161enje airburshem, a mogu\u0107e je nanositi ih i \u010detkicom. Boje imaju svoj razre\u0111iva\u010d RC701 i RC702 High Compatibility Thinner, ali ih je mogu\u0107e razre\u0111ivati i<\/p>\n<p>sa Mr. Color i Tamiya Lacquer (\u017euti \u010dep) razre\u0111iva\u010dima.<\/p>\n<p><strong>One of the upper surface colors in the SEA (South-East Asia) camouflage scheme introduced by the USAF TAC (Tactical Air Command) shortly after the outbreak of the Vietnam War and used until the 1980s.<br \/>\nOne of the upper surface colors in the IAF (Israeli Air Force) standard desert scheme used from 1967 (after the Six Day War) until 2020s (A-4\/TA-4, F-4E, F-15I, F-16A\/B\/C\/D\/I, Mirage IIIC, Nesher, late Kfir C2s &amp; C7s, Ouragan, Mystere, Super Mystere, Vautour II, Fouga Magister, Do 27, Do 28 etc.).<br \/>\nOne of the upper surface colors in the camouflage scheme (based on the US SEA scheme) used by FAA (Fuerza A\u00e9rea Argentina \u2013 Argentine Air Force) during the Falklands (Malvinas) conflict (Mirage IIIEA, IAI Dagger, C-130\/KC-130).<br \/>\nOne of the upper surface colors used in the camouflage scheme (based on the US SEA scheme) introduced by the FAP (For\u00e7a A\u00e9rea Portuguesa \u2013 Portuguese Air Force) in the 1980s and applied to A-7P, Fiat G.91, Alpha Jet, SA 330, Alouette II &amp; III, AW101 etc.<br \/>\nOne of the colors possibly used in the ad-hoc desert schemes applied to some USMC helicopters during the 1990-1991 Gulf War.<br \/>\nAlso used in some US Navy aggressor schemes (F\/A-18B, F-16A).<\/strong><\/p>\n<p>&nbsp;<\/p>","protected":false},"excerpt":{"rendered":"<p>Akrilna boja na\u00a0<em>lacquer\u00a0<\/em>osnovi \u2013 17mL<\/p>\n<p>U opisu proizvoda vi\u0161e o nameni boja<\/p>","protected":false},"featured_media":23434,"template":"","meta":[],"product_brand":[],"product_cat":[339,603],"product_tag":[],"class_list":{"0":"post-23433","1":"product","2":"type-product","3":"status-publish","4":"has-post-thumbnail","6":"product_cat-boje-i-razredivaci","7":"product_cat-ak-interactive-real-colors-17ml","9":"first","10":"instock","11":"shipping-taxable","12":"purchasable","13":"product-type-simple"},"_links":{"self":[{"href":"https:\/\/flakhobby.com\/sr\/wp-json\/wp\/v2\/product\/23433","targetHints":{"allow":["GET"]}}],"collection":[{"href":"https:\/\/flakhobby.com\/sr\/wp-json\/wp\/v2\/product"}],"about":[{"href":"https:\/\/flakhobby.com\/sr\/wp-json\/wp\/v2\/types\/product"}],"version-history":[{"count":2,"href":"https:\/\/flakhobby.com\/sr\/wp-json\/wp\/v2\/product\/23433\/revisions"}],"predecessor-version":[{"id":23436,"href":"https:\/\/flakhobby.com\/sr\/wp-json\/wp\/v2\/product\/23433\/revisions\/23436"}],"wp:featuredmedia":[{"embeddable":true,"href":"https:\/\/flakhobby.com\/sr\/wp-json\/wp\/v2\/media\/23434"}],"wp:attachment":[{"href":"https:\/\/flakhobby.com\/sr\/wp-json\/wp\/v2\/media?parent=23433"}],"wp:term":[{"taxonomy":"product_brand","embeddable":true,"href":"https:\/\/flakhobby.com\/sr\/wp-json\/wp\/v2\/product_brand?post=23433"},{"taxonomy":"product_cat","embeddable":true,"href":"https:\/\/flakhobby.com\/sr\/wp-json\/wp\/v2\/product_cat?post=23433"},{"taxonomy":"product_tag","embeddable":true,"href":"https:\/\/flakhobby.com\/sr\/wp-json\/wp\/v2\/product_tag?post=23433"}],"curies":[{"name":"wp","href":"https:\/\/api.w.org\/{rel}","templated":true}]}}