{"id":23146,"date":"2024-07-30T10:49:14","date_gmt":"2024-07-30T10:49:14","guid":{"rendered":"https:\/\/flakhobby.com\/?post_type=product&#038;p=23146"},"modified":"2026-01-22T22:37:59","modified_gmt":"2026-01-22T21:37:59","slug":"gloss-varnish","status":"publish","type":"product","link":"https:\/\/flakhobby.com\/sr\/\u043f\u0440\u043e\u0438\u0437\u0432\u043e\u0434\/gloss-varnish\/","title":{"rendered":"Gloss Varnish"},"content":{"rendered":"<p>Akrilni SJAJNI lak na <em>lacquer <\/em>osnovi.<\/p>\n<p>Odli\u010dan za nano\u0161enje airburshem i trpi sve vrste <em>weathering <\/em>proizvoda. Za razre\u0111ivanje se koristi isti razre\u0111iva\u010d kao i za Real Colors boje &#8211; RC701 i RC702 High Compatibility Thinner, ali ga je mogu\u0107e razre\u0111ivati i sa Mr. Color i Tamiya Lacquer (\u017euti \u010dep) razre\u0111iva\u010dima.<\/p>","protected":false},"excerpt":{"rendered":"<p>Akrilna boja na\u00a0<em>lacquer\u00a0<\/em>osnovi \u2013 17mL<\/p>","protected":false},"featured_media":23147,"template":"","meta":[],"product_brand":[],"product_cat":[339,603,358,363],"product_tag":[],"class_list":{"0":"post-23146","1":"product","2":"type-product","3":"status-publish","4":"has-post-thumbnail","6":"product_cat-boje-i-razredivaci","7":"product_cat-ak-interactive-real-colors-17ml","8":"product_cat-maketarski-alat-i-pribor","9":"product_cat-lakovi","11":"first","12":"outofstock","13":"shipping-taxable","14":"purchasable","15":"product-type-simple"},"_links":{"self":[{"href":"https:\/\/flakhobby.com\/sr\/wp-json\/wp\/v2\/product\/23146","targetHints":{"allow":["GET"]}}],"collection":[{"href":"https:\/\/flakhobby.com\/sr\/wp-json\/wp\/v2\/product"}],"about":[{"href":"https:\/\/flakhobby.com\/sr\/wp-json\/wp\/v2\/types\/product"}],"version-history":[{"count":1,"href":"https:\/\/flakhobby.com\/sr\/wp-json\/wp\/v2\/product\/23146\/revisions"}],"predecessor-version":[{"id":23148,"href":"https:\/\/flakhobby.com\/sr\/wp-json\/wp\/v2\/product\/23146\/revisions\/23148"}],"wp:featuredmedia":[{"embeddable":true,"href":"https:\/\/flakhobby.com\/sr\/wp-json\/wp\/v2\/media\/23147"}],"wp:attachment":[{"href":"https:\/\/flakhobby.com\/sr\/wp-json\/wp\/v2\/media?parent=23146"}],"wp:term":[{"taxonomy":"product_brand","embeddable":true,"href":"https:\/\/flakhobby.com\/sr\/wp-json\/wp\/v2\/product_brand?post=23146"},{"taxonomy":"product_cat","embeddable":true,"href":"https:\/\/flakhobby.com\/sr\/wp-json\/wp\/v2\/product_cat?post=23146"},{"taxonomy":"product_tag","embeddable":true,"href":"https:\/\/flakhobby.com\/sr\/wp-json\/wp\/v2\/product_tag?post=23146"}],"curies":[{"name":"wp","href":"https:\/\/api.w.org\/{rel}","templated":true}]}}